{"id":173,"date":"2012-05-16T07:04:37","date_gmt":"2012-05-16T07:04:37","guid":{"rendered":"http:\/\/www.berylline.fi\/test\/?page_id=173"},"modified":"2025-03-01T08:03:07","modified_gmt":"2025-03-01T08:03:07","slug":"ennen-pennun-hankintaa","status":"publish","type":"page","link":"http:\/\/www.berylline.fi\/en\/ennen-pennun-hankintaa\/","title":{"rendered":"Ennen pennun hankintaa"},"content":{"rendered":"<div style=\"height:22px\" aria-hidden=\"true\" class=\"wp-block-spacer\"><\/div>\n\n\n\n<h3 class=\"wp-block-heading\">Ennen pennun hankintaa<\/h3>\n\n\n\n<p><em>Koiranpentua ei tule ottaa hetken mielijohteesta, sill\u00e4 kyseess\u00e4 on el\u00e4in, jonka hyvinvoinnista on huolehdittava sen koko el\u00e4m\u00e4n ajan. Italianvinttikoira on pitk\u00e4ik\u00e4inen rotu, eik\u00e4 15-vuotias italiaano ole harvinaisuus. On mietitt\u00e4v\u00e4 tarkkaan pystyyk\u00f6 huolehtimaan koirasta taloudellisesti ja muilta osin viel\u00e4 kahdeksankin vuoden kuluttua, ja pystyyk\u00f6 tarjoamaan koiralle sen tarvitseman koulutuksen, kasvatuksen ja hoidon.<\/em><\/p>\n\n\n\n<figure class=\"wp-block-image size-full\"><img loading=\"lazy\" decoding=\"async\" width=\"1200\" height=\"800\" src=\"https:\/\/www.berylline.fi\/wp-content\/uploads\/2012\/05\/9vk5med.jpg\" alt=\"\" class=\"wp-image-1810\" srcset=\"https:\/\/www.berylline.fi\/wp-content\/uploads\/2012\/05\/9vk5med.jpg 1200w, https:\/\/www.berylline.fi\/wp-content\/uploads\/2012\/05\/9vk5med-250x167.jpg 250w, https:\/\/www.berylline.fi\/wp-content\/uploads\/2012\/05\/9vk5med-600x400.jpg 600w\" sizes=\"auto, (max-width: 1200px) 100vw, 1200px\" \/><\/figure>\n\n\n\n<div style=\"height:22px\" aria-hidden=\"true\" class=\"wp-block-spacer\"><\/div>\n\n\n\n<h4 class=\"wp-block-heading\">Ole k\u00e4rsiv\u00e4llinen<\/h4>\n\n\n\n<p>Koiranhankintaa on harkittava tarkoin rodusta riippumatta. Rotuvaihtoehtoja on satoja, joten valinnanvaraa riitt\u00e4\u00e4 jokaiseen makuun. Ongelmia tulee, kun koira valitaan ulkon\u00e4\u00f6n perusteella, eik\u00e4 roduille tyypillisi\u00e4 luonteenpiirteit\u00e4 ja ominaisuuksia ole otettu pohdinnassa huomioon. Mik\u00e4li kuitenkin kattavan taustaty\u00f6n j\u00e4lkeen p\u00e4\u00e4t\u00f6s italianvinttikoiran hankinnasta on tehty, on aika alkaa etsi\u00e4 uutta perheenj\u00e4sent\u00e4. Helpoimmalla t\u00e4ss\u00e4 p\u00e4\u00e4sev\u00e4t henkil\u00f6t, jotka etsiv\u00e4t itselleen puhtaasti seuralaista, ilman aikomuksia k\u00e4yd\u00e4 n\u00e4yttelyiss\u00e4 tai kokeissa. T\u00e4ll\u00f6in riitt\u00e4\u00e4, ett\u00e4 pentu on terve ja riitt\u00e4v\u00e4n helppoluonteinen arjessa. Mik\u00e4li koiran kanssa harrastaminen kiinnostaa, voi pennun l\u00f6yt\u00e4misess\u00e4 kest\u00e4\u00e4 pidemp\u00e4\u00e4n, sill\u00e4 menestys n\u00e4yttelyiss\u00e4, rodunomaisissa kokeissa ja muissa harrastuksissa asettavat kukin omia kriteerej\u00e4\u00e4n koiran luonteelle tai ulkomuodolle. Mik\u00e4li kuuluu j\u00e4lkimm\u00e4iseen ryhm\u00e4\u00e4n, on pennunhankintaan k\u00e4ytett\u00e4v\u00e4 keskim\u00e4\u00e4r\u00e4ist\u00e4 enemm\u00e4n aikaa, eik\u00e4 otettava sielt\u00e4 mist\u00e4 saa, koska siin\u00e4 tapauksessa suurella todenn\u00e4k\u00f6isyydell\u00e4 ei saa sit\u00e4 mit\u00e4 hakee. Pentueiden sis\u00e4ll\u00e4kin on eroja, joten v\u00e4ltt\u00e4m\u00e4tt\u00e4 halutunlaista pentua ei synnyk\u00e4\u00e4n vaikka sukupuolten suhteen olisikin muuten mieluisessa pentueessa valinnanvaraa. T\u00e4ss\u00e4 kohtaa on pitk\u00e4lti luotettava kasvattajan sanaan pennun luonteenpiirteit\u00e4 koskien.<\/p>\n\n\n\n<figure class=\"wp-block-image aligncenter size-full\"><img loading=\"lazy\" decoding=\"async\" width=\"400\" height=\"580\" src=\"https:\/\/www.berylline.fi\/wp-content\/uploads\/2012\/05\/Kepponen4vkoa2.jpg\" alt=\"\" class=\"wp-image-1815\" srcset=\"https:\/\/www.berylline.fi\/wp-content\/uploads\/2012\/05\/Kepponen4vkoa2.jpg 400w, https:\/\/www.berylline.fi\/wp-content\/uploads\/2012\/05\/Kepponen4vkoa2-250x363.jpg 250w\" sizes=\"auto, (max-width: 400px) 100vw, 400px\" \/><\/figure>\n\n\n\n<div style=\"height:22px\" aria-hidden=\"true\" class=\"wp-block-spacer\"><\/div>\n\n\n\n<h4 class=\"wp-block-heading\">Taustaty\u00f6<\/h4>\n\n\n\n<p>Internet on todellinen pennunostajan aarreaitta, sill\u00e4 sielt\u00e4 l\u00f6ytyy kaikki n\u00e4yttely-, koe- ja terveystuloksista harrastajien blogeihin ja kasvattajien kotisivuihin. On t\u00e4rke\u00e4\u00e4 my\u00f6s vierailla itse\u00e4\u00e4n kiinnostavien kasvattajien luona tutustumassa rodun eri yksil\u00f6ihin. Rodun tuntevan kasvattajan tulee pysty\u00e4 kertomaan kattavasti koiran koulutuksesta, hoidosta niin yleisemmin kuin italianvinttikoirien osalta. Mik\u00e4li kuulostaa silt\u00e4, ett\u00e4 kasvattajan asiat ovat liian hyvin ollakseen totta, sit\u00e4 ne useimmiten ovat, ja siin\u00e4 tapauksessa kasvattaja joko salailee asioita tai yksinkertaisesti ei tied\u00e4 &#8211; molemmat pennunostajan n\u00e4k\u00f6kulmasta katsottuna ep\u00e4toivottuja piirteit\u00e4 kasvattajassa.<\/p>\n\n\n\n<figure class=\"wp-block-image size-full\"><img loading=\"lazy\" decoding=\"async\" width=\"1200\" height=\"800\" src=\"https:\/\/www.berylline.fi\/wp-content\/uploads\/2016\/09\/Lolita_6vkoa13.jpg\" alt=\"\" class=\"wp-image-1992\" srcset=\"https:\/\/www.berylline.fi\/wp-content\/uploads\/2016\/09\/Lolita_6vkoa13.jpg 1200w, https:\/\/www.berylline.fi\/wp-content\/uploads\/2016\/09\/Lolita_6vkoa13-250x167.jpg 250w, https:\/\/www.berylline.fi\/wp-content\/uploads\/2016\/09\/Lolita_6vkoa13-600x400.jpg 600w\" sizes=\"auto, (max-width: 1200px) 100vw, 1200px\" \/><\/figure>\n\n\n\n<div style=\"height:22px\" aria-hidden=\"true\" class=\"wp-block-spacer\"><\/div>\n\n\n\n<h4 class=\"wp-block-heading\">J\u00e4rke\u00e4 kriteereihin<\/h4>\n\n\n\n<p>Hyvin usein pentua harkitsevat aloittavat tiedustelunsa kertoen, mink\u00e4 v\u00e4rist\u00e4 koiraa etsiv\u00e4t. V\u00e4rijalostuksen ei tulisi olla t\u00e4rkein tekij\u00e4 yhdellek\u00e4\u00e4n kasvattajalle eik\u00e4 siten pennunostajallekaan. V\u00e4ri on vain yksi ominaisuus koirassa, eik\u00e4 sen tulisi tehd\u00e4 koirasta sen parempaa tai huonompaa. Mik\u00e4li pentueessa on valinnanvaraa ja pit\u00e4\u00e4 valita kahdesta suhteellisen samoja luonteenpiirteit\u00e4 omaavasta pennuista, on luonnollista ett\u00e4 valinta osuu omaa silm\u00e4\u00e4 miellytt\u00e4v\u00e4mm\u00e4nv\u00e4riseen pentuun. T\u00e4llaisia tilanteita kuitenkin vain harvoin tulee eteen. V\u00e4ri\u00e4 huomattavasti t\u00e4rke\u00e4mpi\u00e4 ovat rakenne ja luonne, etenkin, mik\u00e4li on etsim\u00e4ss\u00e4 itselleen harrastuskoiraa. On unohdettava arjen ja koiran el\u00e4m\u00e4n kannalta merkityksett\u00f6m\u00e4t vaatimukset, ja otettava sellainen pentu, joka luonneominaisuuksiensa ja terveytens\u00e4 puolesta on itselle sopiva.<\/p>\n\n\n\n<div style=\"height:22px\" aria-hidden=\"true\" class=\"wp-block-spacer\"><\/div>\n\n\n\n<h4 class=\"wp-block-heading\">Hy\u00f6dyllisi\u00e4 linkkej\u00e4 rotua harkitsevalle:<\/h4>\n\n\n\n<div class=\"wp-block-buttons is-layout-flex wp-block-buttons-is-layout-flex\">\n<div class=\"wp-block-button\"><a class=\"wp-block-button__link wp-element-button\" href=\"https:\/\/www.sicry.fi\/\" target=\"_blank\" rel=\"noreferrer noopener\">The Finnish Italian Greyhound &amp; Cirneco dell'Etna Club<\/a><\/div>\n\n\n\n<div class=\"wp-block-button\"><a class=\"wp-block-button__link wp-element-button\" href=\"https:\/\/jalostus.kennelliitto.fi\/frmEtusivu.aspx?R=200\" target=\"_blank\" rel=\"noreferrer noopener\">Finnish Kennel Club's breeding database<\/a><\/div>\n\n\n\n<div class=\"wp-block-button\"><a class=\"wp-block-button__link wp-element-button\" href=\"https:\/\/www.facebook.com\/groups\/470834563015250\" target=\"_blank\" rel=\"noreferrer noopener\">Ihanat italianvinttikoirat (Facebook)<\/a><\/div>\n<\/div>","protected":false},"excerpt":{"rendered":"<p>Ennen pennun hankintaa Koiranpentua ei tule ottaa hetken mielijohteesta, sill\u00e4 kyseess\u00e4 on el\u00e4in, jonka hyvinvoinnista on huolehdittava sen koko el\u00e4m\u00e4n ajan. Italianvinttikoira on pitk\u00e4ik\u00e4inen rotu, eik\u00e4 15-vuotias italiaano ole harvinaisuus. On mietitt\u00e4v\u00e4 tarkkaan pystyyk\u00f6 huolehtimaan koirasta taloudellisesti ja muilta osin viel\u00e4 kahdeksankin vuoden kuluttua, ja pystyyk\u00f6 tarjoamaan koiralle sen tarvitseman koulutuksen, kasvatuksen ja hoidon. Ole [&hellip;]<\/p>","protected":false},"author":1,"featured_media":0,"parent":0,"menu_order":0,"comment_status":"closed","ping_status":"closed","template":"","meta":{"site-sidebar-layout":"default","site-content-layout":"","ast-site-content-layout":"","site-content-style":"default","site-sidebar-style":"default","ast-global-header-display":"","ast-banner-title-visibility":"","ast-main-header-display":"","ast-hfb-above-header-display":"","ast-hfb-below-header-display":"","ast-hfb-mobile-header-display":"","site-post-title":"","ast-breadcrumbs-content":"","ast-featured-img":"","footer-sml-layout":"","theme-transparent-header-meta":"","adv-header-id-meta":"","stick-header-meta":"","header-above-stick-meta":"","header-main-stick-meta":"","header-below-stick-meta":"","astra-migrate-meta-layouts":"default","ast-page-background-enabled":"default","ast-page-background-meta":{"desktop":{"background-color":"var(--ast-global-color-5)","background-image":"","background-repeat":"repeat","background-position":"center center","background-size":"auto","background-attachment":"scroll","background-type":"","background-media":"","overlay-type":"","overlay-color":"","overlay-opacity":"","overlay-gradient":""},"tablet":{"background-color":"","background-image":"","background-repeat":"repeat","background-position":"center center","background-size":"auto","background-attachment":"scroll","background-type":"","background-media":"","overlay-type":"","overlay-color":"","overlay-opacity":"","overlay-gradient":""},"mobile":{"background-color":"","background-image":"","background-repeat":"repeat","background-position":"center center","background-size":"auto","background-attachment":"scroll","background-type":"","background-media":"","overlay-type":"","overlay-color":"","overlay-opacity":"","overlay-gradient":""}},"ast-content-background-meta":{"desktop":{"background-color":"var(--ast-global-color-4)","background-image":"","background-repeat":"repeat","background-position":"center center","background-size":"auto","background-attachment":"scroll","background-type":"","background-media":"","overlay-type":"","overlay-color":"","overlay-opacity":"","overlay-gradient":""},"tablet":{"background-color":"var(--ast-global-color-4)","background-image":"","background-repeat":"repeat","background-position":"center center","background-size":"auto","background-attachment":"scroll","background-type":"","background-media":"","overlay-type":"","overlay-color":"","overlay-opacity":"","overlay-gradient":""},"mobile":{"background-color":"var(--ast-global-color-4)","background-image":"","background-repeat":"repeat","background-position":"center center","background-size":"auto","background-attachment":"scroll","background-type":"","background-media":"","overlay-type":"","overlay-color":"","overlay-opacity":"","overlay-gradient":""}},"footnotes":""},"class_list":["post-173","page","type-page","status-publish","hentry"],"_links":{"self":[{"href":"http:\/\/www.berylline.fi\/en\/wp-json\/wp\/v2\/pages\/173","targetHints":{"allow":["GET"]}}],"collection":[{"href":"http:\/\/www.berylline.fi\/en\/wp-json\/wp\/v2\/pages"}],"about":[{"href":"http:\/\/www.berylline.fi\/en\/wp-json\/wp\/v2\/types\/page"}],"author":[{"embeddable":true,"href":"http:\/\/www.berylline.fi\/en\/wp-json\/wp\/v2\/users\/1"}],"replies":[{"embeddable":true,"href":"http:\/\/www.berylline.fi\/en\/wp-json\/wp\/v2\/comments?post=173"}],"version-history":[{"count":34,"href":"http:\/\/www.berylline.fi\/en\/wp-json\/wp\/v2\/pages\/173\/revisions"}],"predecessor-version":[{"id":4632,"href":"http:\/\/www.berylline.fi\/en\/wp-json\/wp\/v2\/pages\/173\/revisions\/4632"}],"wp:attachment":[{"href":"http:\/\/www.berylline.fi\/en\/wp-json\/wp\/v2\/media?parent=173"}],"curies":[{"name":"wp","href":"https:\/\/api.w.org\/{rel}","templated":true}]}}