{"id":184,"date":"2012-05-16T10:08:44","date_gmt":"2012-05-16T10:08:44","guid":{"rendered":"http:\/\/www.berylline.fi\/test\/?page_id=184"},"modified":"2025-02-13T13:47:46","modified_gmt":"2025-02-13T13:47:46","slug":"rotumaaritelma","status":"publish","type":"page","link":"http:\/\/www.berylline.fi\/en\/rotumaaritelma\/","title":{"rendered":"Rotum\u00e4\u00e4ritelm\u00e4"},"content":{"rendered":"<div style=\"height:22px\" aria-hidden=\"true\" class=\"wp-block-spacer\"><\/div>\n\n\n\n<h3 class=\"wp-block-heading\">Italianvinttikoiran rotum\u00e4\u00e4ritelm\u00e4<\/h3>\n\n\n\n<p>Rotum\u00e4\u00e4ritelm\u00e4, hyv\u00e4ksytty Suomen Kennelliitossa 11.1.2011:<\/p>\n\n\n\n<p><strong>K\u00e4ytt\u00f6tarkoitus<\/strong><br>Kilpajuoksija<\/p>\n\n\n\n<p><strong>FCI:n luokitus<\/strong><br>Ryhm\u00e4 10 vinttikoirat.<br>Alaryhm\u00e4 3 lyhytkarvaiset vinttikoirat.<br>K\u00e4ytt\u00f6koetulosta ei vaadita.<\/p>\n\n\n\n<p><strong>Lyhyt historiaosuus<\/strong><br>Italianvinttikoira polveutuu muinaisen Egyptin faaraoiden hovissa pidetyist\u00e4 pienikokoisista vinttikoirista. Kreikan Lakoniasta l\u00f6ydetyiss\u00e4 maljakoissa ja maljoissa on runsaasti kuvia, joista voidaan p\u00e4\u00e4tell\u00e4, ett\u00e4 rotu kulkeutui Kreikan kautta Italiaan noin 500 vuotta ennen ajanlaskumme alkua. Italianvinttikoira kehittyi p\u00e4\u00e4asiassa renessanssiajan aatelisten hoveissa, ja n\u00e4it\u00e4 koiria esiintyi usein kuuluisimpien italialaisten ja ulkomaalaisten mestareiden maalauksissa.<\/p>\n\n\n\n<p><strong>Yleisvaikutelma<\/strong><br>Italianvinttikoira on hoikkarakenteinen ja mittasuhteiltaan neli\u00f6m\u00e4inen. Koostaan huolimatta se on kaikilta osin vinttikoira pienoiskoossa. Olemukseltaan se on vieh\u00e4tt\u00e4v\u00e4 ja hienostunut.<\/p>\n\n\n\n<p><strong>T\u00e4rkeit\u00e4 mittasuhteita<\/strong><br>Rungon pituus on sama tai vain hieman pienempi kuin s\u00e4k\u00e4korkeus. Kallon pituus on puolet p\u00e4\u00e4n pituudesta, joka voi olla jopa 40 % s\u00e4k\u00e4korkeudesta.<\/p>\n\n\n\n<p><strong>K\u00e4ytt\u00e4ytyminen ja luonne<\/strong><br>Eloisa, lempe\u00e4 ja mukautuvainen.<\/p>\n\n\n\n<p><strong>P\u00e4\u00e4<\/strong><br>Pitk\u00e4nomainen ja kapea.<\/p>\n\n\n\n<p><em>Kallo-osa<\/em><br>Litte\u00e4, kallon ja kuonon yl\u00e4linjat ovat yhdensuuntaiset. Kallon pituus on puolet p\u00e4\u00e4n pituudesta. Kallo on sivuiltaan hieman py\u00f6ristynyt ja silmien alta kauniisti meislautunut. P\u00e4\u00e4n lihakset eiv\u00e4t ole voimakkaat. Kulmakaaret ovat erottuvat. Niskakyhmy ei ole huomattava. Otsauurre v\u00e4h\u00e4inen.<\/p>\n\n\n\n<p><em>Otsapenger<\/em><br>Hyvin v\u00e4h\u00e4inen.<\/p>\n\n\n\n<p><em><br>Kirsu<\/em><br>Tumma mieluiten musta; sieraimet hyvin avoimet.<\/p>\n\n\n\n<p><em><br>Kuono-osa<\/em><br>Suippo<\/p>\n\n\n\n<p><em><br>Huulet<\/em><br>Huulet ovat ohuet ja tiiviit. Huulten reunat ovat hyvin tummat.<\/p>\n\n\n\n<p><em><br>Leuat \/ hampaat \/ purenta<\/em><br>Leuat ovat pitk\u00e4nomaiset ja koiran kokoon n\u00e4hden voimakkaat. Etuhampaat ovat tasaisessa riviss\u00e4. Hampaat tasaiset, t\u00e4ysilukuiset ja kohtisuorassa leukoihin n\u00e4hden. Leikkaava purenta.<\/p>\n\n\n\n<p><em><br>Posket<\/em><br>Litte\u00e4t.<\/p>\n\n\n\n<p><em><br>Silm\u00e4t<\/em><br>Suuret, py\u00f6re\u00e4hk\u00f6t, ilmeikk\u00e4\u00e4t ja eteenp\u00e4in suuntautuneet, eiv\u00e4t syv\u00e4ll\u00e4 sijaitsevat eiv\u00e4tk\u00e4 ulkonevat. V\u00e4rilt\u00e4\u00e4n tummat, silm\u00e4luomien reunat pigmentoituneet.<em>Korvat<\/em><br>Korkealle ja taakse kiinnittyneet, pienet, ohutrustoiset ja laskostuneet, ns. ruusukorvat. Koiran ollessa tarkkaavainen korvan tyvi on koholla ja korvalehden yl\u00e4osa k\u00e4\u00e4ntyy ulosp\u00e4in vaakatasossa.<\/p>\n\n\n\n<p><strong><br>Kaula<\/strong><br>Sivukuva: Kaulan yl\u00e4linja on hieman kaartunut ja kaula liittyy s\u00e4k\u00e4\u00e4n jyrk\u00e4ss\u00e4 kulmassa. Kaulan alalinja on hieman kupera. Kaulan pituus on sama kuin p\u00e4\u00e4n pituus. Kaula on katkaistun kartion muotoinen, lihaksikas ja vailla l\u00f6ys\u00e4\u00e4 kaulanahkaa.<\/p>\n\n\n\n<p><strong>Runko<\/strong><br>Rungon pituus on sama tai hieman pienempi kuin s\u00e4k\u00e4korkeus.<\/p>\n\n\n\n<p><em>Yl\u00e4linja<\/em><br>Suora, lanneosan kohdalta kaartuva. Lanteen kaari sulautuu tasapainoisesti lantiolinjaan.<\/p>\n\n\n\n<p><em>S\u00e4k\u00e4<\/em><br>Melko selv\u00e4sti erottuva ja lapojen k\u00e4rjet ovat l\u00e4hekk\u00e4in.<\/p>\n\n\n\n<p><em>Selk\u00e4<\/em><br>Suora ja lihaksikas.<\/p>\n\n\n\n<p><em>Lantio<\/em><br>Eritt\u00e4in jyrkk\u00e4, leve\u00e4 ja lihaksikas.<\/p>\n\n\n\n<p><em>Rintakeh\u00e4<\/em><br>Kapea, tyylikk\u00e4\u00e4sti muotoutunut, kylkiluut hieman kaartuneet. Rintakeh\u00e4 on syv\u00e4 ulottuen kyyn\u00e4rp\u00e4ihin.<\/p>\n\n\n\n<p><em>Alalinja ja vatsa<\/em><br>Melko lyhyt rintalastan kaari kohoaa v\u00e4hitellen sulavasti kohti vatsaa.<\/p>\n\n\n\n<p><strong>H\u00e4nt\u00e4<\/strong><br>Matalalle kiinnittynyt, tyvest\u00e4 l\u00e4htien ohut ohentuen tasaisesti k\u00e4rke\u00e4 kohti. H\u00e4nt\u00e4 on puoleenv\u00e4liin asti alhaalla ja loppuosastaan kaartuva. Ojennettuna h\u00e4nn\u00e4n p\u00e4\u00e4n tulee ulottua kintereeseen. H\u00e4nt\u00e4 on lyhytkarvainen.<\/p>\n\n\n\n<p><strong>Raajat<\/strong><\/p>\n\n\n\n<p><em>Eturaajat<\/em><br>Eturaajat ovat suorat ja litte\u00e4lihaksiset.<\/p>\n\n\n\n<p><em>Lavat<\/em><br>Hyvin v\u00e4h\u00e4n viistot; lihakset ovat hyvin kehittyneet, pitk\u00e4t, litte\u00e4t ja selv\u00e4sti erottuvat.<\/p>\n\n\n\n<p><em>Olkavarret<\/em><br>Lavan ja olkavarren v\u00e4linen kulmaus on hyvin avoin. Olkavarret ovat rungon keskiviivan suuntaiset. Olkavarsi on lapaluuta hieman pitempi.<\/p>\n\n\n\n<p><em>Kyyn\u00e4rp\u00e4\u00e4t<\/em><br>Eiv\u00e4t sis\u00e4\u00e4n- eiv\u00e4tk\u00e4 ulosp\u00e4in k\u00e4\u00e4ntyneet.<\/p>\n\n\n\n<p><em>Kyyn\u00e4rvarret<\/em><br>Pystysuorat, siroluiset, litte\u00e4t ja kuivat. Kyyn\u00e4rvarret ovat sek\u00e4 edest\u00e4 ett\u00e4 sivulta katsottuna t\u00e4ysin pystysuorat. Raajan rakenne on n\u00e4kyviss\u00e4. Raajan pituus maasta kyyn\u00e4rp\u00e4ihin on hieman suurempi kuin et\u00e4isyys kyyn\u00e4rp\u00e4\u00e4st\u00e4 s\u00e4k\u00e4\u00e4n.<\/p>\n\n\n\n<p><em>V\u00e4lik\u00e4mmenet<\/em><br>Kuivat; kyyn\u00e4rvarren kautta vedetyn pystysuoran linjan jatkeena. Sivusta katsottuna hieman viistot.<\/p>\n\n\n\n<p><em>Etuk\u00e4p\u00e4l\u00e4t<\/em><br>L\u00e4hes soikeat ja pienet. Varpaat ovat hyvin kaareutuneet ja tiiviisti yhdess\u00e4. P\u00e4ki\u00e4t ovat pigmentoituneet, eiv\u00e4t ole liian t\u00e4ytel\u00e4iset. Kynnet ovat mustat tai tummat karvapeitteen v\u00e4rist\u00e4 riippuen tai k\u00e4p\u00e4l\u00e4n v\u00e4riin sopivat. K\u00e4p\u00e4liss\u00e4 valkoinen v\u00e4ri on sallittu.<\/p>\n\n\n\n<p><strong>Takaraajat<\/strong><\/p>\n\n\n\n<p>Yleisvaikutelma<br>Hyvin kulmautuneet. Takaa katsottuna takaraajat ovat suorat ja yhdensuuntaiset.<\/p>\n\n\n\n<p><em>Reidet<\/em><br>Pitk\u00e4t, litte\u00e4t, eiv\u00e4t paksut; lihakset selv\u00e4sti erottuvat.<\/p>\n\n\n\n<p><em>S\u00e4\u00e4ret<\/em><br>Hyvin viistot ja siroluiset; j\u00e4nteet selv\u00e4sti erottuvat. S\u00e4\u00e4ret ovat reisi\u00e4 hieman pidemm\u00e4t.<\/p>\n\n\n\n<p><em>V\u00e4lijalat<\/em><br>Takaa katsottuna yhdensuuntaiset.<\/p>\n\n\n\n<p><em>Takak\u00e4p\u00e4l\u00e4t<\/em><br>Etuk\u00e4p\u00e4li\u00e4 hieman py\u00f6re\u00e4mm\u00e4t. Varpaat ovat hyvin kaareutuneet ja tiiviisti yhdess\u00e4. P\u00e4ki\u00e4t eiv\u00e4t liian t\u00e4ytel\u00e4iset, kynnet etuk\u00e4p\u00e4lien tavoin hyvin pigmentoituneet.<\/p>\n\n\n\n<p><strong>Liikkeet<\/strong><br>Joustavat ja tasapainoiset; hieman korkea maatavoittava ravi. Eturaajan liike ulottuu pitk\u00e4lle eteen ranne hieman kohoten ja taipuen. Laukka on nopeaa ja tehokasta.<\/p>\n\n\n\n<p><strong>Nahka<\/strong><br>Ohut ja kauttaaltaan tiiviisti rungonmy\u00f6t\u00e4inen, paitsi kyyn\u00e4rp\u00e4iss\u00e4, joissa se ei ole aivan yht\u00e4 tiivist\u00e4.<\/p>\n\n\n\n<p><strong>Karvapeite<\/strong><\/p>\n\n\n\n<p><em>Karva<\/em><br>Kauttaaltaan lyhytt\u00e4, silkkist\u00e4 ja hienolaatuista, ei lainkaan hapsuista.<\/p>\n\n\n\n<p><em>V\u00e4ri<\/em><br>Yksiv\u00e4rinen musta, harmaa, liuskeenharmaa tai isabellankeltainen (vaalea kellanruskea\/beige) kaikissa vivahteissaan. Valkoista v\u00e4ri\u00e4 hyv\u00e4ksyt\u00e4\u00e4n ainoastaan rinnassa ja k\u00e4p\u00e4liss\u00e4.<\/p>\n\n\n\n<p><strong>Koko ja paino<\/strong><\/p>\n\n\n\n<p><em>S\u00e4k\u00e4korkeus<\/em><br>Sek\u00e4 uroksilla ett\u00e4 nartuilla 32-38cm.<\/p>\n\n\n\n<p><em>Paino<\/em><br>Sek\u00e4 uroksilla ett\u00e4 nartuilla korkeintaan 5 kg.<\/p>\n\n\n\n<p><strong>Virheet<\/strong><br>Kaikki poikkeamat edell\u00e4 mainituistakohdista luetaan virheiksi suhteutettuna virheen vakavuuteen.<br>&#8211; jatkuva peitsaaminen<br>&#8211; ns. hackney-k\u00e4ynti<br>&#8211; matalat, lyhytaskeliset liikkeet<\/p>\n\n\n\n<p><strong>Hylk\u00e4\u00e4v\u00e4t virheet<\/strong><br>&#8211; Aggressiivisuus ja voimakas arkuus<br>&#8211; Selv\u00e4sti ep\u00e4normaali rakenne tai k\u00e4ytt\u00e4ytyminen<br>&#8211; Huomattavan erisuuntaiset kallon ja kuonon yl\u00e4linjat.<br>&#8211; Kokonaan tai puoliksi pigmentit\u00f6n kirsu.<br>&#8211; Ky\u00f6my tai kovera kuononselk\u00e4.<br>&#8211; Yl\u00e4- tai alapurenta.<br>&#8211; Herasilm\u00e4; t\u00e4ydellinen pigmentinpuutos silm\u00e4luomissa.<br>&#8211; Sel\u00e4n p\u00e4\u00e4lle kiertyv\u00e4 h\u00e4nt\u00e4; synnynn\u00e4inen t\u00f6p\u00f6 tai typistetty h\u00e4nt\u00e4.<br>&#8211; Kannukset<br>&#8211; Kirjavuus; valkoista v\u00e4ri\u00e4 muualla kuin rinnassa tai k\u00e4p\u00e4liss\u00e4.<br>&#8211; Sek\u00e4 uroksilla ett\u00e4 nartuilla s\u00e4k\u00e4korkeus alle 32 cm tai yli 38 cm.<br>HUOM. Uroksilla tulee olla kaksi normaalisti kehittynytt\u00e4 kivest\u00e4 t\u00e4ysin laskeutuneina<br>kivespussiin.<\/p>","protected":false},"excerpt":{"rendered":"<p>Italianvinttikoiran rotum\u00e4\u00e4ritelm\u00e4 Rotum\u00e4\u00e4ritelm\u00e4, hyv\u00e4ksytty Suomen Kennelliitossa 11.1.2011: K\u00e4ytt\u00f6tarkoitusKilpajuoksija FCI:n luokitusRyhm\u00e4 10 vinttikoirat.Alaryhm\u00e4 3 lyhytkarvaiset vinttikoirat.K\u00e4ytt\u00f6koetulosta ei vaadita. Lyhyt historiaosuusItalianvinttikoira polveutuu muinaisen Egyptin faaraoiden hovissa pidetyist\u00e4 pienikokoisista vinttikoirista. Kreikan Lakoniasta l\u00f6ydetyiss\u00e4 maljakoissa ja maljoissa on runsaasti kuvia, joista voidaan p\u00e4\u00e4tell\u00e4, ett\u00e4 rotu kulkeutui Kreikan kautta Italiaan noin 500 vuotta ennen ajanlaskumme alkua. Italianvinttikoira kehittyi p\u00e4\u00e4asiassa renessanssiajan [&hellip;]<\/p>","protected":false},"author":1,"featured_media":0,"parent":0,"menu_order":0,"comment_status":"closed","ping_status":"closed","template":"","meta":{"site-sidebar-layout":"default","site-content-layout":"","ast-site-content-layout":"","site-content-style":"default","site-sidebar-style":"default","ast-global-header-display":"","ast-banner-title-visibility":"","ast-main-header-display":"","ast-hfb-above-header-display":"","ast-hfb-below-header-display":"","ast-hfb-mobile-header-display":"","site-post-title":"","ast-breadcrumbs-content":"","ast-featured-img":"","footer-sml-layout":"","theme-transparent-header-meta":"","adv-header-id-meta":"","stick-header-meta":"","header-above-stick-meta":"","header-main-stick-meta":"","header-below-stick-meta":"","astra-migrate-meta-layouts":"default","ast-page-background-enabled":"default","ast-page-background-meta":{"desktop":{"background-color":"var(--ast-global-color-5)","background-image":"","background-repeat":"repeat","background-position":"center center","background-size":"auto","background-attachment":"scroll","background-type":"","background-media":"","overlay-type":"","overlay-color":"","overlay-opacity":"","overlay-gradient":""},"tablet":{"background-color":"","background-image":"","background-repeat":"repeat","background-position":"center center","background-size":"auto","background-attachment":"scroll","background-type":"","background-media":"","overlay-type":"","overlay-color":"","overlay-opacity":"","overlay-gradient":""},"mobile":{"background-color":"","background-image":"","background-repeat":"repeat","background-position":"center center","background-size":"auto","background-attachment":"scroll","background-type":"","background-media":"","overlay-type":"","overlay-color":"","overlay-opacity":"","overlay-gradient":""}},"ast-content-background-meta":{"desktop":{"background-color":"var(--ast-global-color-4)","background-image":"","background-repeat":"repeat","background-position":"center center","background-size":"auto","background-attachment":"scroll","background-type":"","background-media":"","overlay-type":"","overlay-color":"","overlay-opacity":"","overlay-gradient":""},"tablet":{"background-color":"var(--ast-global-color-4)","background-image":"","background-repeat":"repeat","background-position":"center center","background-size":"auto","background-attachment":"scroll","background-type":"","background-media":"","overlay-type":"","overlay-color":"","overlay-opacity":"","overlay-gradient":""},"mobile":{"background-color":"var(--ast-global-color-4)","background-image":"","background-repeat":"repeat","background-position":"center center","background-size":"auto","background-attachment":"scroll","background-type":"","background-media":"","overlay-type":"","overlay-color":"","overlay-opacity":"","overlay-gradient":""}},"footnotes":""},"class_list":["post-184","page","type-page","status-publish","hentry"],"_links":{"self":[{"href":"http:\/\/www.berylline.fi\/en\/wp-json\/wp\/v2\/pages\/184","targetHints":{"allow":["GET"]}}],"collection":[{"href":"http:\/\/www.berylline.fi\/en\/wp-json\/wp\/v2\/pages"}],"about":[{"href":"http:\/\/www.berylline.fi\/en\/wp-json\/wp\/v2\/types\/page"}],"author":[{"embeddable":true,"href":"http:\/\/www.berylline.fi\/en\/wp-json\/wp\/v2\/users\/1"}],"replies":[{"embeddable":true,"href":"http:\/\/www.berylline.fi\/en\/wp-json\/wp\/v2\/comments?post=184"}],"version-history":[{"count":15,"href":"http:\/\/www.berylline.fi\/en\/wp-json\/wp\/v2\/pages\/184\/revisions"}],"predecessor-version":[{"id":4263,"href":"http:\/\/www.berylline.fi\/en\/wp-json\/wp\/v2\/pages\/184\/revisions\/4263"}],"wp:attachment":[{"href":"http:\/\/www.berylline.fi\/en\/wp-json\/wp\/v2\/media?parent=184"}],"curies":[{"name":"wp","href":"https:\/\/api.w.org\/{rel}","templated":true}]}}