{"id":3603,"date":"2022-10-14T13:42:16","date_gmt":"2022-10-14T13:42:16","guid":{"rendered":"https:\/\/www.berylline.fi\/?page_id=3603"},"modified":"2025-02-10T10:35:56","modified_gmt":"2025-02-10T10:35:56","slug":"letku-2","status":"publish","type":"page","link":"http:\/\/www.berylline.fi\/en\/letku-2\/","title":{"rendered":"Letku"},"content":{"rendered":"<div style=\"height:22px\" aria-hidden=\"true\" class=\"wp-block-spacer\"><\/div>\n\n\n\n<h4 class=\"wp-block-heading has-text-align-center\">&#8220;Letku&#8221;<\/h4>\n\n\n\n<p class=\"has-text-align-center\">Letku ei ollut espanjanvinttikoira, mutta se oli espanjalainen vinttikoira!<\/p>\n\n\n\n<p class=\"has-text-align-center\">Letku tuli Suomeen Espanjasta alkuvuonna 2011. Olin etsinyt jo vanhempaa isompaa vinttikoiraa, joka ei olisi ongelmakoira, mutta sellaista ei ollut tullut kotimaassa vastaan. N\u00e4in videon Letkusta (Manolete) heiluttamassa h\u00e4nt\u00e4\u00e4ns\u00e4 espanjalaisella koiratarhalla, ja kysyin, mahtuisiko Letku seuraavaan Suomen koneeseen. Letku saapui, ja se oli kuin olisi aina asunut t\u00e4\u00e4ll\u00e4. Letkulla oli lehm\u00e4n hermot, se vaikutti olevan tottunut kaikenlaiseen el\u00e4m\u00e4\u00e4n, ja suhtautui olemiseen muutenkin rennosti. Terveydentila sill\u00e4 ei ollut paras mahdollinen, sill\u00e4 sill\u00e4 oli selk\u00e4rangassa ongelmia, mutta se sai el\u00e4\u00e4 sohvakoiran el\u00e4m\u00e4\u00e4 nelj\u00e4n vuoden ajan, kunnes vanhuuden vaivat veiv\u00e4t voiton.<\/p>\n\n\n\n<hr class=\"wp-block-separator has-alpha-channel-opacity is-style-dots\"\/>\n\n\n\n<figure class=\"wp-block-image aligncenter size-large\"><img loading=\"lazy\" decoding=\"async\" width=\"600\" height=\"400\" src=\"http:\/\/www.berylline.fi\/wp-content\/uploads\/2012\/05\/image-600x400.jpg\" alt=\"\" class=\"wp-image-1455\" srcset=\"https:\/\/www.berylline.fi\/wp-content\/uploads\/2012\/05\/image-600x400.jpg 600w, https:\/\/www.berylline.fi\/wp-content\/uploads\/2012\/05\/image-250x167.jpg 250w, https:\/\/www.berylline.fi\/wp-content\/uploads\/2012\/05\/image.jpg 1500w\" sizes=\"auto, (max-width: 600px) 100vw, 600px\" \/><figcaption class=\"wp-element-caption\">Letkun muistolle \/ RIP Letku<\/figcaption><\/figure>\n\n\n\n<figure class=\"wp-block-image aligncenter size-large\"><img loading=\"lazy\" decoding=\"async\" width=\"600\" height=\"400\" src=\"http:\/\/www.berylline.fi\/wp-content\/uploads\/2012\/05\/syyskuu13_02-600x400.jpg\" alt=\"\" class=\"wp-image-1680\" srcset=\"https:\/\/www.berylline.fi\/wp-content\/uploads\/2012\/05\/syyskuu13_02-600x400.jpg 600w, https:\/\/www.berylline.fi\/wp-content\/uploads\/2012\/05\/syyskuu13_02-250x167.jpg 250w, https:\/\/www.berylline.fi\/wp-content\/uploads\/2012\/05\/syyskuu13_02.jpg 800w\" sizes=\"auto, (max-width: 600px) 100vw, 600px\" \/><\/figure>\n\n\n\n<figure class=\"wp-block-image aligncenter size-large\"><img loading=\"lazy\" decoding=\"async\" width=\"600\" height=\"600\" src=\"http:\/\/www.berylline.fi\/wp-content\/uploads\/2012\/05\/lotkis-600x600.jpg\" alt=\"\" class=\"wp-image-1678\" srcset=\"https:\/\/www.berylline.fi\/wp-content\/uploads\/2012\/05\/lotkis-600x600.jpg 600w, https:\/\/www.berylline.fi\/wp-content\/uploads\/2012\/05\/lotkis-150x150.jpg 150w, https:\/\/www.berylline.fi\/wp-content\/uploads\/2012\/05\/lotkis-250x250.jpg 250w, https:\/\/www.berylline.fi\/wp-content\/uploads\/2012\/05\/lotkis.jpg 1176w\" sizes=\"auto, (max-width: 600px) 100vw, 600px\" \/><\/figure>\n\n\n\n<figure class=\"wp-block-image aligncenter size-large\"><img loading=\"lazy\" decoding=\"async\" width=\"600\" height=\"409\" src=\"http:\/\/www.berylline.fi\/wp-content\/uploads\/2012\/05\/Letku_poseeraa-600x409.jpg\" alt=\"\" class=\"wp-image-868\" srcset=\"https:\/\/www.berylline.fi\/wp-content\/uploads\/2012\/05\/Letku_poseeraa-600x409.jpg 600w, https:\/\/www.berylline.fi\/wp-content\/uploads\/2012\/05\/Letku_poseeraa-250x170.jpg 250w, https:\/\/www.berylline.fi\/wp-content\/uploads\/2012\/05\/Letku_poseeraa.jpg 800w\" sizes=\"auto, (max-width: 600px) 100vw, 600px\" \/><\/figure>\n\n\n\n<figure class=\"wp-block-image aligncenter size-full\"><img loading=\"lazy\" decoding=\"async\" width=\"600\" height=\"497\" src=\"http:\/\/www.berylline.fi\/wp-content\/uploads\/2012\/05\/img8.jpg\" alt=\"\" class=\"wp-image-449\" srcset=\"https:\/\/www.berylline.fi\/wp-content\/uploads\/2012\/05\/img8.jpg 600w, https:\/\/www.berylline.fi\/wp-content\/uploads\/2012\/05\/img8-482x400.jpg 482w\" sizes=\"auto, (max-width: 600px) 100vw, 600px\" \/><\/figure>\n\n\n\n<figure class=\"wp-block-image aligncenter size-full\"><img loading=\"lazy\" decoding=\"async\" width=\"600\" height=\"433\" src=\"http:\/\/www.berylline.fi\/wp-content\/uploads\/2012\/05\/img18.jpg\" alt=\"\" class=\"wp-image-359\" srcset=\"https:\/\/www.berylline.fi\/wp-content\/uploads\/2012\/05\/img18.jpg 600w, https:\/\/www.berylline.fi\/wp-content\/uploads\/2012\/05\/img18-500x360.jpg 500w\" sizes=\"auto, (max-width: 600px) 100vw, 600px\" \/><\/figure>\n\n\n\n<figure class=\"wp-block-image aligncenter size-full\"><img loading=\"lazy\" decoding=\"async\" width=\"400\" height=\"627\" src=\"http:\/\/www.berylline.fi\/wp-content\/uploads\/2012\/05\/img13.jpg\" alt=\"\" class=\"wp-image-447\" srcset=\"https:\/\/www.berylline.fi\/wp-content\/uploads\/2012\/05\/img13.jpg 400w, https:\/\/www.berylline.fi\/wp-content\/uploads\/2012\/05\/img13-255x400.jpg 255w\" sizes=\"auto, (max-width: 400px) 100vw, 400px\" \/><\/figure>","protected":false},"excerpt":{"rendered":"<p>&#8220;Letku&#8221; Letku ei ollut espanjanvinttikoira, mutta se oli espanjalainen vinttikoira! Letku tuli Suomeen Espanjasta alkuvuonna 2011. Olin etsinyt jo vanhempaa isompaa vinttikoiraa, joka ei olisi ongelmakoira, mutta sellaista ei ollut tullut kotimaassa vastaan. N\u00e4in videon Letkusta (Manolete) heiluttamassa h\u00e4nt\u00e4\u00e4ns\u00e4 espanjalaisella koiratarhalla, ja kysyin, mahtuisiko Letku seuraavaan Suomen koneeseen. Letku saapui, ja se oli kuin olisi [&hellip;]<\/p>","protected":false},"author":1,"featured_media":0,"parent":0,"menu_order":0,"comment_status":"closed","ping_status":"closed","template":"","meta":{"site-sidebar-layout":"default","site-content-layout":"","ast-site-content-layout":"","site-content-style":"default","site-sidebar-style":"default","ast-global-header-display":"","ast-banner-title-visibility":"","ast-main-header-display":"","ast-hfb-above-header-display":"","ast-hfb-below-header-display":"","ast-hfb-mobile-header-display":"","site-post-title":"","ast-breadcrumbs-content":"","ast-featured-img":"","footer-sml-layout":"","theme-transparent-header-meta":"","adv-header-id-meta":"","stick-header-meta":"","header-above-stick-meta":"","header-main-stick-meta":"","header-below-stick-meta":"","astra-migrate-meta-layouts":"default","ast-page-background-enabled":"default","ast-page-background-meta":{"desktop":{"background-color":"var(--ast-global-color-5)","background-image":"","background-repeat":"repeat","background-position":"center center","background-size":"auto","background-attachment":"scroll","background-type":"","background-media":"","overlay-type":"","overlay-color":"","overlay-opacity":"","overlay-gradient":""},"tablet":{"background-color":"","background-image":"","background-repeat":"repeat","background-position":"center center","background-size":"auto","background-attachment":"scroll","background-type":"","background-media":"","overlay-type":"","overlay-color":"","overlay-opacity":"","overlay-gradient":""},"mobile":{"background-color":"","background-image":"","background-repeat":"repeat","background-position":"center center","background-size":"auto","background-attachment":"scroll","background-type":"","background-media":"","overlay-type":"","overlay-color":"","overlay-opacity":"","overlay-gradient":""}},"ast-content-background-meta":{"desktop":{"background-color":"var(--ast-global-color-4)","background-image":"","background-repeat":"repeat","background-position":"center center","background-size":"auto","background-attachment":"scroll","background-type":"","background-media":"","overlay-type":"","overlay-color":"","overlay-opacity":"","overlay-gradient":""},"tablet":{"background-color":"var(--ast-global-color-4)","background-image":"","background-repeat":"repeat","background-position":"center center","background-size":"auto","background-attachment":"scroll","background-type":"","background-media":"","overlay-type":"","overlay-color":"","overlay-opacity":"","overlay-gradient":""},"mobile":{"background-color":"var(--ast-global-color-4)","background-image":"","background-repeat":"repeat","background-position":"center center","background-size":"auto","background-attachment":"scroll","background-type":"","background-media":"","overlay-type":"","overlay-color":"","overlay-opacity":"","overlay-gradient":""}},"footnotes":""},"class_list":["post-3603","page","type-page","status-publish","hentry"],"_links":{"self":[{"href":"http:\/\/www.berylline.fi\/en\/wp-json\/wp\/v2\/pages\/3603","targetHints":{"allow":["GET"]}}],"collection":[{"href":"http:\/\/www.berylline.fi\/en\/wp-json\/wp\/v2\/pages"}],"about":[{"href":"http:\/\/www.berylline.fi\/en\/wp-json\/wp\/v2\/types\/page"}],"author":[{"embeddable":true,"href":"http:\/\/www.berylline.fi\/en\/wp-json\/wp\/v2\/users\/1"}],"replies":[{"embeddable":true,"href":"http:\/\/www.berylline.fi\/en\/wp-json\/wp\/v2\/comments?post=3603"}],"version-history":[{"count":5,"href":"http:\/\/www.berylline.fi\/en\/wp-json\/wp\/v2\/pages\/3603\/revisions"}],"predecessor-version":[{"id":4138,"href":"http:\/\/www.berylline.fi\/en\/wp-json\/wp\/v2\/pages\/3603\/revisions\/4138"}],"wp:attachment":[{"href":"http:\/\/www.berylline.fi\/en\/wp-json\/wp\/v2\/media?parent=3603"}],"curies":[{"name":"wp","href":"https:\/\/api.w.org\/{rel}","templated":true}]}}