{"id":1128,"date":"2013-09-13T11:36:24","date_gmt":"2013-09-13T11:36:24","guid":{"rendered":"http:\/\/www.berylline.fi\/?page_id=1128"},"modified":"2025-02-28T14:00:15","modified_gmt":"2025-02-28T14:00:15","slug":"taikuri","status":"publish","type":"page","link":"http:\/\/www.berylline.fi\/fi\/taikuri\/","title":{"rendered":"Berylline Tuhat ja Yksi Y\u00f6t\u00e4"},"content":{"rendered":"\n<div style=\"height:22px\" aria-hidden=\"true\" class=\"wp-block-spacer\"><\/div>\n\n\n\n<h4 class=\"wp-block-heading has-text-align-center\">Berylline Tuhat ja Yksi Y\u00f6t\u00e4<\/h4>\n\n\n\n<h4 class=\"wp-block-heading has-text-align-center\">&#8220;Taikuri&#8221;<\/h4>\n\n\n\n<p class=\"has-text-align-center\"><br><strong>lt 170+++<br>Suomen k\u00e4ytt\u00f6valio (ratajuoksu)<br>Suomen k\u00e4ytt\u00f6valio (maastojuoksu)<br>SVKL ratamestari 2014<br>Juhannus Race -voittaja 2014<br>SVKL maastomestari 2015<\/strong><\/p>\n\n\n\n<p class=\"has-text-align-center\">Synt. 21.6.2012<\/p>\n\n\n\n<div class=\"wp-block-buttons is-content-justification-center is-layout-flex wp-container-core-buttons-is-layout-a89b3969 wp-block-buttons-is-layout-flex\">\n<div class=\"wp-block-button\"><a class=\"wp-block-button__link wp-element-button\" href=\"https:\/\/jalostus.kennelliitto.fi\/frmKoira.aspx?RekNo=FI43829\/12&amp;R=200\" target=\"_blank\" rel=\"noreferrer noopener\">KoiraNet<\/a><\/div>\n\n\n\n<div class=\"wp-block-button\"><a class=\"wp-block-button__link wp-element-button\" href=\"https:\/\/italiangreyhound.breedarchive.com\/animal\/view\/berylline-tuhat-ja-yksi-yota-e2895372-5d01-4ec4-b5c6-574d29db0350\" target=\"_blank\" rel=\"noreferrer noopener\">Pedigree<\/a><\/div>\n<\/div>\n\n\n\n<hr class=\"wp-block-separator has-alpha-channel-opacity is-style-dots\"\/>\n\n\n\n<p class=\"has-text-align-center\">Taikuri-poika oli valtava syntyess\u00e4\u00e4n. Se tuntui raskaalta ja erilaiselta. Kun se kasvoi, k\u00e4vi selv\u00e4ksi, ett\u00e4 t\u00e4m\u00e4 koira on syntynyt vanhana. Se vaikutti jo pentuna olevan kuin ihmisen mieli, sill\u00e4 se oli harkitsevainen, \u00e4lyk\u00e4s ja hienostunut. Se vaikutti osaavan kaiken, vaikkei sill\u00e4 ollut kokemusta mist\u00e4\u00e4n. Ennen kaikkea en voinut ymm\u00e4rt\u00e4\u00e4, miten Karkin kaltaisesta kahden aivosolun koirasta on voinut synty\u00e4 n\u00e4in viisas j\u00e4lkel\u00e4inen! Kaikki koirat kunnioittivat Taikuria. Vaikka n\u00e4in, ett\u00e4 siit\u00e4 kasvaa kookas, en halunnut myyd\u00e4 sit\u00e4 kotikoiraksi, eik\u00e4 muita koteja ollut niihin aikoihin tarjolla. Taikuri onnistui menem\u00e4\u00e4n ihon alle, ja niin se j\u00e4i kotiin kasvamaan. Se on kuin kopio is\u00e4st\u00e4\u00e4n Stetsonista, joka oli Py&#8217;s-kenneliss\u00e4 Ruotsissa jalostuslainassa Kaliforniasta.<\/p>\n\n\n\n<p class=\"has-text-align-center\">Taikuri oli parhaimmillaan juoksuharrastuksissa, ja sen tulokset puhuvat puolestaan.<\/p>\n\n\n\n<hr class=\"wp-block-separator has-alpha-channel-opacity is-style-dots\"\/>\n\n\n\n<figure class=\"wp-block-image aligncenter size-full\"><img loading=\"lazy\" decoding=\"async\" width=\"1213\" height=\"800\" src=\"https:\/\/www.berylline.fi\/wp-content\/uploads\/2013\/09\/4vuotta01_med.jpg\" alt=\"\" class=\"wp-image-1948\" srcset=\"https:\/\/www.berylline.fi\/wp-content\/uploads\/2013\/09\/4vuotta01_med.jpg 1213w, https:\/\/www.berylline.fi\/wp-content\/uploads\/2013\/09\/4vuotta01_med-250x165.jpg 250w, https:\/\/www.berylline.fi\/wp-content\/uploads\/2013\/09\/4vuotta01_med-600x396.jpg 600w\" sizes=\"auto, (max-width: 1213px) 100vw, 1213px\" \/><\/figure>\n\n\n\n<figure class=\"wp-block-image aligncenter size-full\"><img loading=\"lazy\" decoding=\"async\" width=\"1000\" height=\"693\" src=\"https:\/\/www.berylline.fi\/wp-content\/uploads\/2013\/09\/rata02.jpg\" alt=\"\" class=\"wp-image-1136\" srcset=\"https:\/\/www.berylline.fi\/wp-content\/uploads\/2013\/09\/rata02.jpg 1000w, https:\/\/www.berylline.fi\/wp-content\/uploads\/2013\/09\/rata02-250x173.jpg 250w, https:\/\/www.berylline.fi\/wp-content\/uploads\/2013\/09\/rata02-600x415.jpg 600w\" sizes=\"auto, (max-width: 1000px) 100vw, 1000px\" \/><\/figure>\n\n\n\n<figure class=\"wp-block-image aligncenter size-full\"><img loading=\"lazy\" decoding=\"async\" width=\"1200\" height=\"850\" src=\"https:\/\/www.berylline.fi\/wp-content\/uploads\/2013\/09\/Hanson02_med.jpg\" alt=\"\" class=\"wp-image-1129\" srcset=\"https:\/\/www.berylline.fi\/wp-content\/uploads\/2013\/09\/Hanson02_med.jpg 1200w, https:\/\/www.berylline.fi\/wp-content\/uploads\/2013\/09\/Hanson02_med-250x177.jpg 250w, https:\/\/www.berylline.fi\/wp-content\/uploads\/2013\/09\/Hanson02_med-600x425.jpg 600w\" sizes=\"auto, (max-width: 1200px) 100vw, 1200px\" \/><\/figure>\n\n\n\n<figure class=\"wp-block-image aligncenter size-full\"><img loading=\"lazy\" decoding=\"async\" width=\"600\" height=\"871\" src=\"https:\/\/www.berylline.fi\/wp-content\/uploads\/2012\/05\/3_5kk01.jpg\" alt=\"\" class=\"wp-image-941\" srcset=\"https:\/\/www.berylline.fi\/wp-content\/uploads\/2012\/05\/3_5kk01.jpg 600w, https:\/\/www.berylline.fi\/wp-content\/uploads\/2012\/05\/3_5kk01-250x362.jpg 250w, https:\/\/www.berylline.fi\/wp-content\/uploads\/2012\/05\/3_5kk01-413x600.jpg 413w\" sizes=\"auto, (max-width: 600px) 100vw, 600px\" \/><\/figure>\n\n\n\n<figure class=\"wp-block-image aligncenter size-full\"><img loading=\"lazy\" decoding=\"async\" width=\"850\" height=\"584\" src=\"https:\/\/www.berylline.fi\/wp-content\/uploads\/2013\/09\/Taikuri_12vkoa01.jpg\" alt=\"\" class=\"wp-image-1137\" srcset=\"https:\/\/www.berylline.fi\/wp-content\/uploads\/2013\/09\/Taikuri_12vkoa01.jpg 850w, https:\/\/www.berylline.fi\/wp-content\/uploads\/2013\/09\/Taikuri_12vkoa01-250x171.jpg 250w, https:\/\/www.berylline.fi\/wp-content\/uploads\/2013\/09\/Taikuri_12vkoa01-600x412.jpg 600w\" sizes=\"auto, (max-width: 850px) 100vw, 850px\" \/><\/figure>\n\n\n\n<figure class=\"wp-block-image aligncenter size-full\"><img loading=\"lazy\" decoding=\"async\" width=\"850\" height=\"571\" src=\"https:\/\/www.berylline.fi\/wp-content\/uploads\/2012\/05\/Taikuri_12vkoa04.jpg\" alt=\"\" class=\"wp-image-928\" srcset=\"https:\/\/www.berylline.fi\/wp-content\/uploads\/2012\/05\/Taikuri_12vkoa04.jpg 850w, https:\/\/www.berylline.fi\/wp-content\/uploads\/2012\/05\/Taikuri_12vkoa04-250x167.jpg 250w, https:\/\/www.berylline.fi\/wp-content\/uploads\/2012\/05\/Taikuri_12vkoa04-600x403.jpg 600w\" sizes=\"auto, (max-width: 850px) 100vw, 850px\" \/><\/figure>\n\n\n\n<figure class=\"wp-block-image aligncenter size-full\"><img loading=\"lazy\" decoding=\"async\" width=\"800\" height=\"533\" src=\"https:\/\/www.berylline.fi\/wp-content\/uploads\/2012\/05\/Rankkahoito.jpg\" alt=\"\" class=\"wp-image-886\" srcset=\"https:\/\/www.berylline.fi\/wp-content\/uploads\/2012\/05\/Rankkahoito.jpg 800w, https:\/\/www.berylline.fi\/wp-content\/uploads\/2012\/05\/Rankkahoito-250x166.jpg 250w, https:\/\/www.berylline.fi\/wp-content\/uploads\/2012\/05\/Rankkahoito-600x399.jpg 600w\" sizes=\"auto, (max-width: 800px) 100vw, 800px\" \/><\/figure>\n","protected":false},"excerpt":{"rendered":"<p>Berylline Tuhat ja Yksi Y\u00f6t\u00e4 &#8220;Taikuri&#8221; lt 170+++Suomen k\u00e4ytt\u00f6valio (ratajuoksu)Suomen k\u00e4ytt\u00f6valio (maastojuoksu)SVKL ratamestari 2014Juhannus Race -voittaja 2014SVKL maastomestari 2015 Synt. 21.6.2012 Taikuri-poika oli valtava syntyess\u00e4\u00e4n. Se tuntui raskaalta ja erilaiselta. Kun se kasvoi, k\u00e4vi selv\u00e4ksi, ett\u00e4 t\u00e4m\u00e4 koira on syntynyt vanhana. Se vaikutti jo pentuna olevan kuin ihmisen mieli, sill\u00e4 se oli harkitsevainen, \u00e4lyk\u00e4s ja [&hellip;]<\/p>\n","protected":false},"author":1,"featured_media":0,"parent":0,"menu_order":0,"comment_status":"closed","ping_status":"closed","template":"","meta":{"site-sidebar-layout":"default","site-content-layout":"","ast-site-content-layout":"","site-content-style":"default","site-sidebar-style":"default","ast-global-header-display":"","ast-banner-title-visibility":"","ast-main-header-display":"","ast-hfb-above-header-display":"","ast-hfb-below-header-display":"","ast-hfb-mobile-header-display":"","site-post-title":"","ast-breadcrumbs-content":"","ast-featured-img":"","footer-sml-layout":"","theme-transparent-header-meta":"","adv-header-id-meta":"","stick-header-meta":"","header-above-stick-meta":"","header-main-stick-meta":"","header-below-stick-meta":"","astra-migrate-meta-layouts":"default","ast-page-background-enabled":"default","ast-page-background-meta":{"desktop":{"background-color":"var(--ast-global-color-5)","background-image":"","background-repeat":"repeat","background-position":"center center","background-size":"auto","background-attachment":"scroll","background-type":"","background-media":"","overlay-type":"","overlay-color":"","overlay-opacity":"","overlay-gradient":""},"tablet":{"background-color":"","background-image":"","background-repeat":"repeat","background-position":"center center","background-size":"auto","background-attachment":"scroll","background-type":"","background-media":"","overlay-type":"","overlay-color":"","overlay-opacity":"","overlay-gradient":""},"mobile":{"background-color":"","background-image":"","background-repeat":"repeat","background-position":"center center","background-size":"auto","background-attachment":"scroll","background-type":"","background-media":"","overlay-type":"","overlay-color":"","overlay-opacity":"","overlay-gradient":""}},"ast-content-background-meta":{"desktop":{"background-color":"var(--ast-global-color-4)","background-image":"","background-repeat":"repeat","background-position":"center center","background-size":"auto","background-attachment":"scroll","background-type":"","background-media":"","overlay-type":"","overlay-color":"","overlay-opacity":"","overlay-gradient":""},"tablet":{"background-color":"var(--ast-global-color-4)","background-image":"","background-repeat":"repeat","background-position":"center center","background-size":"auto","background-attachment":"scroll","background-type":"","background-media":"","overlay-type":"","overlay-color":"","overlay-opacity":"","overlay-gradient":""},"mobile":{"background-color":"var(--ast-global-color-4)","background-image":"","background-repeat":"repeat","background-position":"center center","background-size":"auto","background-attachment":"scroll","background-type":"","background-media":"","overlay-type":"","overlay-color":"","overlay-opacity":"","overlay-gradient":""}},"footnotes":""},"class_list":["post-1128","page","type-page","status-publish","hentry"],"_links":{"self":[{"href":"http:\/\/www.berylline.fi\/fi\/wp-json\/wp\/v2\/pages\/1128","targetHints":{"allow":["GET"]}}],"collection":[{"href":"http:\/\/www.berylline.fi\/fi\/wp-json\/wp\/v2\/pages"}],"about":[{"href":"http:\/\/www.berylline.fi\/fi\/wp-json\/wp\/v2\/types\/page"}],"author":[{"embeddable":true,"href":"http:\/\/www.berylline.fi\/fi\/wp-json\/wp\/v2\/users\/1"}],"replies":[{"embeddable":true,"href":"http:\/\/www.berylline.fi\/fi\/wp-json\/wp\/v2\/comments?post=1128"}],"version-history":[{"count":25,"href":"http:\/\/www.berylline.fi\/fi\/wp-json\/wp\/v2\/pages\/1128\/revisions"}],"predecessor-version":[{"id":4599,"href":"http:\/\/www.berylline.fi\/fi\/wp-json\/wp\/v2\/pages\/1128\/revisions\/4599"}],"wp:attachment":[{"href":"http:\/\/www.berylline.fi\/fi\/wp-json\/wp\/v2\/media?parent=1128"}],"curies":[{"name":"wp","href":"https:\/\/api.w.org\/{rel}","templated":true}]}}