{"id":127,"date":"2012-05-16T05:34:11","date_gmt":"2012-05-16T05:34:11","guid":{"rendered":"http:\/\/www.berylline.fi\/test\/?page_id=127"},"modified":"2025-03-01T08:19:52","modified_gmt":"2025-03-01T08:19:52","slug":"karkki","status":"publish","type":"page","link":"http:\/\/www.berylline.fi\/fi\/karkki\/","title":{"rendered":"Dark Legend&#8217;s Blowin&#8217; in the Wind"},"content":{"rendered":"\n<div style=\"height:22px\" aria-hidden=\"true\" class=\"wp-block-spacer\"><\/div>\n\n\n\n<h4 class=\"wp-block-heading has-text-align-center\">Dark Legend&#8217;s Blowin&#8217; in the Wind<\/h4>\n\n\n\n<h4 class=\"wp-block-heading has-text-align-center\">&#8220;Karkki&#8221;<\/h4>\n\n\n\n<p class=\"has-text-align-center\"><strong>Pohjoismaiden muotovalio<br>Suomen muotovalio<br>Ruotsin muotovalio<br>Norjan muotovalio<br>Veteraani Voittaja 2016<br>RYP-2, 2 x RYP-4<br>Rata- ja maastojuoksukirja, 2 x SERT (maasto), Best In Field<\/strong><\/p>\n\n\n\n<p class=\"has-text-align-center\">16.4.2008\u20147.5.2021 | Kasv. Karina Krieger<\/p>\n\n\n\n<div class=\"wp-block-buttons is-content-justification-center is-layout-flex wp-container-core-buttons-is-layout-a89b3969 wp-block-buttons-is-layout-flex\">\n<div class=\"wp-block-button\"><a class=\"wp-block-button__link wp-element-button\" href=\"http:\/\/jalostus.kennelliitto.fi\/frmKoira.aspx?RekNo=FI10576\/09&amp;R=200\" target=\"_blank\" rel=\"noreferrer noopener\">KoiraNet<\/a><\/div>\n\n\n\n<div class=\"wp-block-button\"><a class=\"wp-block-button__link wp-element-button\" href=\"https:\/\/italiangreyhound.breedarchive.com\/animal\/view\/9816\" target=\"_blank\" rel=\"noreferrer noopener\">Pedigree<\/a><\/div>\n<\/div>\n\n\n\n<figure class=\"wp-block-image aligncenter size-full\"><a href=\"http:\/\/www.berylline.fi\/wp-content\/uploads\/2016\/12\/messari16_03.jpg\"><img loading=\"lazy\" decoding=\"async\" width=\"1000\" height=\"667\" src=\"https:\/\/www.berylline.fi\/wp-content\/uploads\/2016\/12\/messari16_03.jpg\" alt=\"messari16_03\" class=\"wp-image-2144\" srcset=\"https:\/\/www.berylline.fi\/wp-content\/uploads\/2016\/12\/messari16_03.jpg 1000w, https:\/\/www.berylline.fi\/wp-content\/uploads\/2016\/12\/messari16_03-250x167.jpg 250w, https:\/\/www.berylline.fi\/wp-content\/uploads\/2016\/12\/messari16_03-600x400.jpg 600w\" sizes=\"auto, (max-width: 1000px) 100vw, 1000px\" \/><\/a><\/figure>\n\n\n\n<hr class=\"wp-block-separator has-alpha-channel-opacity is-style-dots\"\/>\n\n\n\n<p class=\"has-text-align-left\">Karkkia kutsuttiin pentuna maitovalaaksi, koska se oli pentuna todella py\u00f6re\u00e4 ja painava. Kun hain sen Saksasta 4 kuukauden ik\u00e4isen\u00e4, se painoi jo 4 kg. Se kuitenkin kehittyi tasapainoisesti, ja kasvoi lopulta melkeinp\u00e4 ideaalina pidettyyn mittaan 36 senttiin.<\/p>\n\n\n\n<p class=\"has-text-align-left\">Karkki oli siev\u00e4 kuin mik\u00e4, mutta tyhm\u00e4 kuin saapas. Se oli yksinkertainen, eik\u00e4 sen suurten tummien silmien takana vaikuttanut useinkaan liikkuvan mit\u00e4\u00e4n kovin \u00e4lyllist\u00e4. Karkki oli kuitenkin ihanteellinen seuralainen kotona, sill\u00e4 se oli luonteeltaan lempe\u00e4, herttainen ja monien italiaanojen tapaan veike\u00e4 omine kommervenkkeineen. Karkilla oli hyv\u00e4 saalisvietti, ja sen se periytti monille j\u00e4lkel\u00e4isilleenkin. Se oli erinomainen em\u00e4 ja koko el\u00e4m\u00e4ns\u00e4 terve.<\/p>\n\n\n\n<hr class=\"wp-block-separator has-alpha-channel-opacity is-style-dots\"\/>\n\n\n\n<figure class=\"wp-block-image aligncenter size-full\"><a href=\"http:\/\/www.berylline.fi\/wp-content\/uploads\/2012\/05\/2vee4_small2.jpg\" rel=\"lightbox\"><img loading=\"lazy\" decoding=\"async\" width=\"650\" height=\"496\" src=\"https:\/\/www.berylline.fi\/wp-content\/uploads\/2012\/05\/2vee4_small2.jpg\" alt=\"\" class=\"wp-image-552\" title=\"Karkki 2-vuotiaana\" srcset=\"https:\/\/www.berylline.fi\/wp-content\/uploads\/2012\/05\/2vee4_small2.jpg 650w, https:\/\/www.berylline.fi\/wp-content\/uploads\/2012\/05\/2vee4_small2-500x381.jpg 500w\" sizes=\"auto, (max-width: 650px) 100vw, 650px\" \/><\/a><\/figure>\n\n\n\n<figure class=\"wp-block-image aligncenter size-full\"><a href=\"http:\/\/www.berylline.fi\/wp-content\/uploads\/2012\/05\/Pitea2010BOB1_small-1.jpg\" rel=\"lightbox\"><img loading=\"lazy\" decoding=\"async\" width=\"650\" height=\"407\" src=\"https:\/\/www.berylline.fi\/wp-content\/uploads\/2012\/05\/Pitea2010BOB1_small-1.jpg\" alt=\"Pitea2010BOB1_small\" class=\"wp-image-1515\" title=\"Karkki Pite\u00e5n n\u00e4yttelyss\u00e4 2010 ROP, RYP-2, tuomari Rudi Brandt.\" srcset=\"https:\/\/www.berylline.fi\/wp-content\/uploads\/2012\/05\/Pitea2010BOB1_small-1.jpg 650w, https:\/\/www.berylline.fi\/wp-content\/uploads\/2012\/05\/Pitea2010BOB1_small-1-250x157.jpg 250w, https:\/\/www.berylline.fi\/wp-content\/uploads\/2012\/05\/Pitea2010BOB1_small-1-600x376.jpg 600w\" sizes=\"auto, (max-width: 650px) 100vw, 650px\" \/><\/a><\/figure>\n\n\n\n<figure class=\"wp-block-image aligncenter\"><a href=\"http:\/\/www.berylline.fi\/wp-content\/uploads\/2012\/05\/Sinkoutuu4.jpg\" rel=\"lightbox\"><img loading=\"lazy\" decoding=\"async\" width=\"850\" height=\"570\" src=\"http:\/\/www.berylline.fi\/wp-content\/uploads\/2012\/05\/Sinkoutuu4.jpg\" alt=\"Sinkoutuu4\" class=\"wp-image-1517\" title=\"Karkki poikansa Ketvosen kanssa.\" srcset=\"https:\/\/www.berylline.fi\/wp-content\/uploads\/2012\/05\/Sinkoutuu4.jpg 850w, https:\/\/www.berylline.fi\/wp-content\/uploads\/2012\/05\/Sinkoutuu4-250x168.jpg 250w, https:\/\/www.berylline.fi\/wp-content\/uploads\/2012\/05\/Sinkoutuu4-600x402.jpg 600w\" sizes=\"auto, (max-width: 850px) 100vw, 850px\" \/><\/a><\/figure>\n","protected":false},"excerpt":{"rendered":"<p>Dark Legend&#8217;s Blowin&#8217; in the Wind &#8220;Karkki&#8221; Pohjoismaiden muotovalioSuomen muotovalioRuotsin muotovalioNorjan muotovalioVeteraani Voittaja 2016RYP-2, 2 x RYP-4Rata- ja maastojuoksukirja, 2 x SERT (maasto), Best In Field 16.4.2008\u20147.5.2021 | Kasv. Karina Krieger Karkkia kutsuttiin pentuna maitovalaaksi, koska se oli pentuna todella py\u00f6re\u00e4 ja painava. Kun hain sen Saksasta 4 kuukauden ik\u00e4isen\u00e4, se painoi jo 4 kg. [&hellip;]<\/p>\n","protected":false},"author":1,"featured_media":0,"parent":0,"menu_order":0,"comment_status":"closed","ping_status":"closed","template":"","meta":{"site-sidebar-layout":"default","site-content-layout":"","ast-site-content-layout":"","site-content-style":"default","site-sidebar-style":"default","ast-global-header-display":"","ast-banner-title-visibility":"","ast-main-header-display":"","ast-hfb-above-header-display":"","ast-hfb-below-header-display":"","ast-hfb-mobile-header-display":"","site-post-title":"","ast-breadcrumbs-content":"","ast-featured-img":"","footer-sml-layout":"","theme-transparent-header-meta":"","adv-header-id-meta":"","stick-header-meta":"","header-above-stick-meta":"","header-main-stick-meta":"","header-below-stick-meta":"","astra-migrate-meta-layouts":"default","ast-page-background-enabled":"default","ast-page-background-meta":{"desktop":{"background-color":"var(--ast-global-color-5)","background-image":"","background-repeat":"repeat","background-position":"center center","background-size":"auto","background-attachment":"scroll","background-type":"","background-media":"","overlay-type":"","overlay-color":"","overlay-opacity":"","overlay-gradient":""},"tablet":{"background-color":"","background-image":"","background-repeat":"repeat","background-position":"center center","background-size":"auto","background-attachment":"scroll","background-type":"","background-media":"","overlay-type":"","overlay-color":"","overlay-opacity":"","overlay-gradient":""},"mobile":{"background-color":"","background-image":"","background-repeat":"repeat","background-position":"center center","background-size":"auto","background-attachment":"scroll","background-type":"","background-media":"","overlay-type":"","overlay-color":"","overlay-opacity":"","overlay-gradient":""}},"ast-content-background-meta":{"desktop":{"background-color":"var(--ast-global-color-4)","background-image":"","background-repeat":"repeat","background-position":"center center","background-size":"auto","background-attachment":"scroll","background-type":"","background-media":"","overlay-type":"","overlay-color":"","overlay-opacity":"","overlay-gradient":""},"tablet":{"background-color":"var(--ast-global-color-4)","background-image":"","background-repeat":"repeat","background-position":"center center","background-size":"auto","background-attachment":"scroll","background-type":"","background-media":"","overlay-type":"","overlay-color":"","overlay-opacity":"","overlay-gradient":""},"mobile":{"background-color":"var(--ast-global-color-4)","background-image":"","background-repeat":"repeat","background-position":"center center","background-size":"auto","background-attachment":"scroll","background-type":"","background-media":"","overlay-type":"","overlay-color":"","overlay-opacity":"","overlay-gradient":""}},"footnotes":""},"class_list":["post-127","page","type-page","status-publish","hentry"],"_links":{"self":[{"href":"http:\/\/www.berylline.fi\/fi\/wp-json\/wp\/v2\/pages\/127","targetHints":{"allow":["GET"]}}],"collection":[{"href":"http:\/\/www.berylline.fi\/fi\/wp-json\/wp\/v2\/pages"}],"about":[{"href":"http:\/\/www.berylline.fi\/fi\/wp-json\/wp\/v2\/types\/page"}],"author":[{"embeddable":true,"href":"http:\/\/www.berylline.fi\/fi\/wp-json\/wp\/v2\/users\/1"}],"replies":[{"embeddable":true,"href":"http:\/\/www.berylline.fi\/fi\/wp-json\/wp\/v2\/comments?post=127"}],"version-history":[{"count":73,"href":"http:\/\/www.berylline.fi\/fi\/wp-json\/wp\/v2\/pages\/127\/revisions"}],"predecessor-version":[{"id":4648,"href":"http:\/\/www.berylline.fi\/fi\/wp-json\/wp\/v2\/pages\/127\/revisions\/4648"}],"wp:attachment":[{"href":"http:\/\/www.berylline.fi\/fi\/wp-json\/wp\/v2\/media?parent=127"}],"curies":[{"name":"wp","href":"https:\/\/api.w.org\/{rel}","templated":true}]}}