{"id":3583,"date":"2022-10-14T13:00:28","date_gmt":"2022-10-14T13:00:28","guid":{"rendered":"https:\/\/www.berylline.fi\/?page_id=3583"},"modified":"2025-03-01T08:25:07","modified_gmt":"2025-03-01T08:25:07","slug":"xamara-forum-romanum","status":"publish","type":"page","link":"http:\/\/www.berylline.fi\/fi\/xamara-forum-romanum\/","title":{"rendered":"Xamara Forum Romanum"},"content":{"rendered":"\n<div style=\"height:22px\" aria-hidden=\"true\" class=\"wp-block-spacer\"><\/div>\n\n\n\n<h4 class=\"wp-block-heading has-text-align-center\">Xamara Forum Romanum<\/h4>\n\n\n\n<h4 class=\"wp-block-heading has-text-align-center\">&#8220;Mango&#8221;<\/h4>\n\n\n\n<p class=\"has-text-align-center\">5\/17\u20143\/18 | Kasv. Karolina Szymanska, Puola<\/p>\n\n\n\n<div class=\"wp-block-buttons is-content-justification-center is-layout-flex wp-container-core-buttons-is-layout-a89b3969 wp-block-buttons-is-layout-flex\">\n<div class=\"wp-block-button\"><a class=\"wp-block-button__link wp-element-button\" href=\"https:\/\/italiangreyhound.breedarchive.com\/animal\/view\/xamara-forum-romanum-2017-7cb73d40-88ce-482d-bbaf-2759db8c9437\" target=\"_blank\" rel=\"noreferrer noopener\">Sukutaulu<\/a><\/div>\n<\/div>\n\n\n\n<figure class=\"wp-block-image aligncenter size-full\"><img loading=\"lazy\" decoding=\"async\" width=\"1024\" height=\"682\" src=\"https:\/\/www.berylline.fi\/wp-content\/uploads\/2022\/10\/Mango.jpg\" alt=\"\" class=\"wp-image-3523\" srcset=\"https:\/\/www.berylline.fi\/wp-content\/uploads\/2022\/10\/Mango.jpg 1024w, https:\/\/www.berylline.fi\/wp-content\/uploads\/2022\/10\/Mango-250x167.jpg 250w, https:\/\/www.berylline.fi\/wp-content\/uploads\/2022\/10\/Mango-600x400.jpg 600w\" sizes=\"auto, (max-width: 1024px) 100vw, 1024px\" \/><\/figure>\n\n\n\n<hr class=\"wp-block-separator has-alpha-channel-opacity is-style-dots\"\/>\n\n\n\n<p class=\"has-text-align-left\">Mangosta piti tulla uusi kantanarttuni tuoden uusia sukulinjoja. Se oli ihanaluonteinen, rohkea ja hymyilev\u00e4 italiaano, jonka el\u00e4m\u00e4 p\u00e4\u00e4ttyi aivan liian pian tapaturman seurauksena.<\/p>\n\n\n\n<hr class=\"wp-block-separator has-alpha-channel-opacity is-style-dots\"\/>\n\n\n\n<figure class=\"wp-block-image aligncenter size-large\"><img loading=\"lazy\" decoding=\"async\" width=\"510\" height=\"600\" src=\"https:\/\/www.berylline.fi\/wp-content\/uploads\/2018\/03\/IMG_2161-510x600.jpg\" alt=\"\" class=\"wp-image-3095\" srcset=\"https:\/\/www.berylline.fi\/wp-content\/uploads\/2018\/03\/IMG_2161-510x600.jpg 510w, https:\/\/www.berylline.fi\/wp-content\/uploads\/2018\/03\/IMG_2161-250x294.jpg 250w, https:\/\/www.berylline.fi\/wp-content\/uploads\/2018\/03\/IMG_2161.jpg 1703w\" sizes=\"auto, (max-width: 510px) 100vw, 510px\" \/><\/figure>\n\n\n\n<figure class=\"wp-block-image aligncenter size-full\"><img loading=\"lazy\" decoding=\"async\" width=\"960\" height=\"640\" src=\"https:\/\/www.berylline.fi\/wp-content\/uploads\/2017\/08\/16vkoa1.jpg\" alt=\"\" class=\"wp-image-2966\" srcset=\"https:\/\/www.berylline.fi\/wp-content\/uploads\/2017\/08\/16vkoa1.jpg 960w, https:\/\/www.berylline.fi\/wp-content\/uploads\/2017\/08\/16vkoa1-250x167.jpg 250w, https:\/\/www.berylline.fi\/wp-content\/uploads\/2017\/08\/16vkoa1-600x400.jpg 600w\" sizes=\"auto, (max-width: 960px) 100vw, 960px\" \/><\/figure>\n\n\n\n<figure class=\"wp-block-image aligncenter size-full\"><img loading=\"lazy\" decoding=\"async\" width=\"960\" height=\"640\" src=\"https:\/\/www.berylline.fi\/wp-content\/uploads\/2017\/08\/mango_10vkoa1.jpg\" alt=\"\" class=\"wp-image-2823\" srcset=\"https:\/\/www.berylline.fi\/wp-content\/uploads\/2017\/08\/mango_10vkoa1.jpg 960w, https:\/\/www.berylline.fi\/wp-content\/uploads\/2017\/08\/mango_10vkoa1-250x167.jpg 250w, https:\/\/www.berylline.fi\/wp-content\/uploads\/2017\/08\/mango_10vkoa1-600x400.jpg 600w\" sizes=\"auto, (max-width: 960px) 100vw, 960px\" \/><\/figure>\n","protected":false},"excerpt":{"rendered":"<p>Xamara Forum Romanum &#8220;Mango&#8221; 5\/17\u20143\/18 | Kasv. Karolina Szymanska, Puola Mangosta piti tulla uusi kantanarttuni tuoden uusia sukulinjoja. Se oli ihanaluonteinen, rohkea ja hymyilev\u00e4 italiaano, jonka el\u00e4m\u00e4 p\u00e4\u00e4ttyi aivan liian pian tapaturman seurauksena.<\/p>\n","protected":false},"author":1,"featured_media":0,"parent":0,"menu_order":0,"comment_status":"closed","ping_status":"closed","template":"","meta":{"site-sidebar-layout":"default","site-content-layout":"","ast-site-content-layout":"","site-content-style":"default","site-sidebar-style":"default","ast-global-header-display":"","ast-banner-title-visibility":"","ast-main-header-display":"","ast-hfb-above-header-display":"","ast-hfb-below-header-display":"","ast-hfb-mobile-header-display":"","site-post-title":"","ast-breadcrumbs-content":"","ast-featured-img":"","footer-sml-layout":"","theme-transparent-header-meta":"","adv-header-id-meta":"","stick-header-meta":"","header-above-stick-meta":"","header-main-stick-meta":"","header-below-stick-meta":"","astra-migrate-meta-layouts":"default","ast-page-background-enabled":"default","ast-page-background-meta":{"desktop":{"background-color":"var(--ast-global-color-5)","background-image":"","background-repeat":"repeat","background-position":"center center","background-size":"auto","background-attachment":"scroll","background-type":"","background-media":"","overlay-type":"","overlay-color":"","overlay-opacity":"","overlay-gradient":""},"tablet":{"background-color":"","background-image":"","background-repeat":"repeat","background-position":"center center","background-size":"auto","background-attachment":"scroll","background-type":"","background-media":"","overlay-type":"","overlay-color":"","overlay-opacity":"","overlay-gradient":""},"mobile":{"background-color":"","background-image":"","background-repeat":"repeat","background-position":"center center","background-size":"auto","background-attachment":"scroll","background-type":"","background-media":"","overlay-type":"","overlay-color":"","overlay-opacity":"","overlay-gradient":""}},"ast-content-background-meta":{"desktop":{"background-color":"var(--ast-global-color-4)","background-image":"","background-repeat":"repeat","background-position":"center center","background-size":"auto","background-attachment":"scroll","background-type":"","background-media":"","overlay-type":"","overlay-color":"","overlay-opacity":"","overlay-gradient":""},"tablet":{"background-color":"var(--ast-global-color-4)","background-image":"","background-repeat":"repeat","background-position":"center center","background-size":"auto","background-attachment":"scroll","background-type":"","background-media":"","overlay-type":"","overlay-color":"","overlay-opacity":"","overlay-gradient":""},"mobile":{"background-color":"var(--ast-global-color-4)","background-image":"","background-repeat":"repeat","background-position":"center center","background-size":"auto","background-attachment":"scroll","background-type":"","background-media":"","overlay-type":"","overlay-color":"","overlay-opacity":"","overlay-gradient":""}},"footnotes":""},"class_list":["post-3583","page","type-page","status-publish","hentry"],"_links":{"self":[{"href":"http:\/\/www.berylline.fi\/fi\/wp-json\/wp\/v2\/pages\/3583","targetHints":{"allow":["GET"]}}],"collection":[{"href":"http:\/\/www.berylline.fi\/fi\/wp-json\/wp\/v2\/pages"}],"about":[{"href":"http:\/\/www.berylline.fi\/fi\/wp-json\/wp\/v2\/types\/page"}],"author":[{"embeddable":true,"href":"http:\/\/www.berylline.fi\/fi\/wp-json\/wp\/v2\/users\/1"}],"replies":[{"embeddable":true,"href":"http:\/\/www.berylline.fi\/fi\/wp-json\/wp\/v2\/comments?post=3583"}],"version-history":[{"count":5,"href":"http:\/\/www.berylline.fi\/fi\/wp-json\/wp\/v2\/pages\/3583\/revisions"}],"predecessor-version":[{"id":4650,"href":"http:\/\/www.berylline.fi\/fi\/wp-json\/wp\/v2\/pages\/3583\/revisions\/4650"}],"wp:attachment":[{"href":"http:\/\/www.berylline.fi\/fi\/wp-json\/wp\/v2\/media?parent=3583"}],"curies":[{"name":"wp","href":"https:\/\/api.w.org\/{rel}","templated":true}]}}