{"id":3596,"date":"2022-10-14T13:26:52","date_gmt":"2022-10-14T13:26:52","guid":{"rendered":"https:\/\/www.berylline.fi\/?page_id=3596"},"modified":"2025-03-01T08:27:39","modified_gmt":"2025-03-01T08:27:39","slug":"victoria-do-castelo-de-alfaia","status":"publish","type":"page","link":"http:\/\/www.berylline.fi\/fi\/victoria-do-castelo-de-alfaia\/","title":{"rendered":"Victoria do Castelo de Alfaia"},"content":{"rendered":"\n<div style=\"height:22px\" aria-hidden=\"true\" class=\"wp-block-spacer\"><\/div>\n\n\n\n<h4 class=\"wp-block-heading has-text-align-center\">FIN SE MVA Victoria do Castelo de Alfaia<\/h4>\n\n\n\n<h4 class=\"wp-block-heading has-text-align-center\">&#8220;Keksi&#8221;<\/h4>\n\n\n\n<p class=\"has-text-align-center\">5\/2009\u20145\/2021 | Kasv. Miguel Castelo, Portugali | Om. Hanna Heikkinen<\/p>\n\n\n\n<div class=\"wp-block-buttons is-content-justification-center is-layout-flex wp-container-core-buttons-is-layout-a89b3969 wp-block-buttons-is-layout-flex\">\n<div class=\"wp-block-button\"><a class=\"wp-block-button__link wp-element-button\" href=\"https:\/\/italiangreyhound.breedarchive.com\/animal\/view\/victoria-do-castelo-de-alfaia-2810d4d5-fb68-44b4-981c-d036ee048d97\" target=\"_blank\" rel=\"noreferrer noopener\">Sukutaulu<\/a><\/div>\n<\/div>\n\n\n\n<figure class=\"wp-block-image aligncenter size-full\"><img loading=\"lazy\" decoding=\"async\" width=\"1324\" height=\"2000\" src=\"https:\/\/www.berylline.fi\/wp-content\/uploads\/2012\/05\/aleksi02_web.jpg\" alt=\"\" class=\"wp-image-25\" srcset=\"https:\/\/www.berylline.fi\/wp-content\/uploads\/2012\/05\/aleksi02_web.jpg 1324w, https:\/\/www.berylline.fi\/wp-content\/uploads\/2012\/05\/aleksi02_web-198x300.jpg 198w, https:\/\/www.berylline.fi\/wp-content\/uploads\/2012\/05\/aleksi02_web-677x1024.jpg 677w\" sizes=\"auto, (max-width: 1324px) 100vw, 1324px\" \/><\/figure>\n\n\n\n<hr class=\"wp-block-separator has-alpha-channel-opacity is-style-dots\"\/>\n\n\n\n<p class=\"has-text-align-left\">Keksi kun muutti Suomeen, ajattelin, ett\u00e4 nyt minulla on vihdoin jalostusnarttu: sill\u00e4 oli hyv\u00e4 luusto, vahva runko ja se liikkui puhtaasti ja varmasti. Tuomarit arvostivat sen tervett\u00e4 rakennetta ja se p\u00e4rj\u00e4sikin hyvin n\u00e4yttelyiss\u00e4. Se oli my\u00f6s nopea, ja sai muutaman KV-ajan radalta. 3-vuotiaana pudotus olikin korkealta, kun sill\u00e4 todettiin silmiss\u00e4 selv\u00e4t kolmionmuotoiset kaihimuutokset, ja kaikki suunnitelmat oli saman tien kuopattu. Kesti muutama vuosi, ennen kuin p\u00e4\u00e4sin yli t\u00e4st\u00e4 vastoink\u00e4ymisest\u00e4. Keksi eleli el\u00e4m\u00e4ns\u00e4 viimeiset vuodet Hanna Heikkisen luona Espoossa, ja koko ik\u00e4ns\u00e4 terveen\u00e4 olleen koiran kunto heikkeni kahdessa p\u00e4iv\u00e4ss\u00e4 niin, ett\u00e4 se nukkui pois 12 vuoden i\u00e4ss\u00e4.<\/p>\n\n\n\n<hr class=\"wp-block-separator has-alpha-channel-opacity is-style-dots\"\/>\n\n\n\n<figure class=\"wp-block-image aligncenter size-full\"><img loading=\"lazy\" decoding=\"async\" width=\"600\" height=\"440\" src=\"http:\/\/www.berylline.fi\/wp-content\/uploads\/2012\/05\/KeksiBISsmall.jpg\" alt=\"\" class=\"wp-image-709\" srcset=\"https:\/\/www.berylline.fi\/wp-content\/uploads\/2012\/05\/KeksiBISsmall.jpg 600w, https:\/\/www.berylline.fi\/wp-content\/uploads\/2012\/05\/KeksiBISsmall-250x183.jpg 250w\" sizes=\"auto, (max-width: 600px) 100vw, 600px\" \/><\/figure>\n\n\n\n<figure class=\"wp-block-image aligncenter size-full\"><img loading=\"lazy\" decoding=\"async\" width=\"450\" height=\"337\" src=\"http:\/\/www.berylline.fi\/wp-content\/uploads\/2012\/05\/KeksiBIS.jpg\" alt=\"\" class=\"wp-image-459\"\/><\/figure>\n\n\n\n<figure class=\"wp-block-image aligncenter size-full\"><img loading=\"lazy\" decoding=\"async\" width=\"600\" height=\"423\" src=\"http:\/\/www.berylline.fi\/wp-content\/uploads\/2012\/05\/liminkarop2011_hannamyllymaki.jpg\" alt=\"\" class=\"wp-image-697\" srcset=\"https:\/\/www.berylline.fi\/wp-content\/uploads\/2012\/05\/liminkarop2011_hannamyllymaki.jpg 600w, https:\/\/www.berylline.fi\/wp-content\/uploads\/2012\/05\/liminkarop2011_hannamyllymaki-250x176.jpg 250w\" sizes=\"auto, (max-width: 600px) 100vw, 600px\" \/><\/figure>\n\n\n\n<figure class=\"wp-block-image aligncenter size-full\"><img loading=\"lazy\" decoding=\"async\" width=\"800\" height=\"524\" src=\"https:\/\/www.berylline.fi\/wp-content\/uploads\/2012\/05\/VaasaKV2012.jpg\" alt=\"\" class=\"wp-image-839\" srcset=\"https:\/\/www.berylline.fi\/wp-content\/uploads\/2012\/05\/VaasaKV2012.jpg 800w, https:\/\/www.berylline.fi\/wp-content\/uploads\/2012\/05\/VaasaKV2012-250x163.jpg 250w, https:\/\/www.berylline.fi\/wp-content\/uploads\/2012\/05\/VaasaKV2012-600x393.jpg 600w\" sizes=\"auto, (max-width: 800px) 100vw, 800px\" \/><\/figure>\n\n\n\n<figure class=\"wp-block-image aligncenter size-full\"><img loading=\"lazy\" decoding=\"async\" width=\"700\" height=\"556\" src=\"https:\/\/www.berylline.fi\/wp-content\/uploads\/2012\/05\/15vkoa5.jpg\" alt=\"\" class=\"wp-image-696\" srcset=\"https:\/\/www.berylline.fi\/wp-content\/uploads\/2012\/05\/15vkoa5.jpg 700w, https:\/\/www.berylline.fi\/wp-content\/uploads\/2012\/05\/15vkoa5-250x198.jpg 250w, https:\/\/www.berylline.fi\/wp-content\/uploads\/2012\/05\/15vkoa5-600x476.jpg 600w\" sizes=\"auto, (max-width: 700px) 100vw, 700px\" \/><\/figure>\n","protected":false},"excerpt":{"rendered":"<p>FIN SE MVA Victoria do Castelo de Alfaia &#8220;Keksi&#8221; 5\/2009\u20145\/2021 | Kasv. Miguel Castelo, Portugali | Om. Hanna Heikkinen Keksi kun muutti Suomeen, ajattelin, ett\u00e4 nyt minulla on vihdoin jalostusnarttu: sill\u00e4 oli hyv\u00e4 luusto, vahva runko ja se liikkui puhtaasti ja varmasti. Tuomarit arvostivat sen tervett\u00e4 rakennetta ja se p\u00e4rj\u00e4sikin hyvin n\u00e4yttelyiss\u00e4. Se oli my\u00f6s [&hellip;]<\/p>\n","protected":false},"author":1,"featured_media":0,"parent":0,"menu_order":0,"comment_status":"closed","ping_status":"closed","template":"","meta":{"site-sidebar-layout":"default","site-content-layout":"","ast-site-content-layout":"","site-content-style":"default","site-sidebar-style":"default","ast-global-header-display":"","ast-banner-title-visibility":"","ast-main-header-display":"","ast-hfb-above-header-display":"","ast-hfb-below-header-display":"","ast-hfb-mobile-header-display":"","site-post-title":"","ast-breadcrumbs-content":"","ast-featured-img":"","footer-sml-layout":"","theme-transparent-header-meta":"","adv-header-id-meta":"","stick-header-meta":"","header-above-stick-meta":"","header-main-stick-meta":"","header-below-stick-meta":"","astra-migrate-meta-layouts":"default","ast-page-background-enabled":"default","ast-page-background-meta":{"desktop":{"background-color":"var(--ast-global-color-5)","background-image":"","background-repeat":"repeat","background-position":"center center","background-size":"auto","background-attachment":"scroll","background-type":"","background-media":"","overlay-type":"","overlay-color":"","overlay-opacity":"","overlay-gradient":""},"tablet":{"background-color":"","background-image":"","background-repeat":"repeat","background-position":"center center","background-size":"auto","background-attachment":"scroll","background-type":"","background-media":"","overlay-type":"","overlay-color":"","overlay-opacity":"","overlay-gradient":""},"mobile":{"background-color":"","background-image":"","background-repeat":"repeat","background-position":"center center","background-size":"auto","background-attachment":"scroll","background-type":"","background-media":"","overlay-type":"","overlay-color":"","overlay-opacity":"","overlay-gradient":""}},"ast-content-background-meta":{"desktop":{"background-color":"var(--ast-global-color-4)","background-image":"","background-repeat":"repeat","background-position":"center center","background-size":"auto","background-attachment":"scroll","background-type":"","background-media":"","overlay-type":"","overlay-color":"","overlay-opacity":"","overlay-gradient":""},"tablet":{"background-color":"var(--ast-global-color-4)","background-image":"","background-repeat":"repeat","background-position":"center center","background-size":"auto","background-attachment":"scroll","background-type":"","background-media":"","overlay-type":"","overlay-color":"","overlay-opacity":"","overlay-gradient":""},"mobile":{"background-color":"var(--ast-global-color-4)","background-image":"","background-repeat":"repeat","background-position":"center center","background-size":"auto","background-attachment":"scroll","background-type":"","background-media":"","overlay-type":"","overlay-color":"","overlay-opacity":"","overlay-gradient":""}},"footnotes":""},"class_list":["post-3596","page","type-page","status-publish","hentry"],"_links":{"self":[{"href":"http:\/\/www.berylline.fi\/fi\/wp-json\/wp\/v2\/pages\/3596","targetHints":{"allow":["GET"]}}],"collection":[{"href":"http:\/\/www.berylline.fi\/fi\/wp-json\/wp\/v2\/pages"}],"about":[{"href":"http:\/\/www.berylline.fi\/fi\/wp-json\/wp\/v2\/types\/page"}],"author":[{"embeddable":true,"href":"http:\/\/www.berylline.fi\/fi\/wp-json\/wp\/v2\/users\/1"}],"replies":[{"embeddable":true,"href":"http:\/\/www.berylline.fi\/fi\/wp-json\/wp\/v2\/comments?post=3596"}],"version-history":[{"count":5,"href":"http:\/\/www.berylline.fi\/fi\/wp-json\/wp\/v2\/pages\/3596\/revisions"}],"predecessor-version":[{"id":4653,"href":"http:\/\/www.berylline.fi\/fi\/wp-json\/wp\/v2\/pages\/3596\/revisions\/4653"}],"wp:attachment":[{"href":"http:\/\/www.berylline.fi\/fi\/wp-json\/wp\/v2\/media?parent=3596"}],"curies":[{"name":"wp","href":"https:\/\/api.w.org\/{rel}","templated":true}]}}