{"id":3761,"date":"2023-08-24T18:59:26","date_gmt":"2023-08-24T18:59:26","guid":{"rendered":"https:\/\/www.berylline.fi\/?page_id=3761"},"modified":"2025-02-23T13:45:22","modified_gmt":"2025-02-23T13:45:22","slug":"berylline-trenette","status":"publish","type":"page","link":"http:\/\/www.berylline.fi\/fi\/berylline-trenette\/","title":{"rendered":"Berylline Trenette"},"content":{"rendered":"\n<div style=\"height:22px\" aria-hidden=\"true\" class=\"wp-block-spacer\"><\/div>\n\n\n\n<h4 class=\"wp-block-heading has-text-align-center\">Berylline Trenette<\/h4>\n\n\n\n<h4 class=\"wp-block-heading has-text-align-center\">&#8220;P\u00f6tk\u00f6&#8221;<\/h4>\n\n\n\n<p class=\"has-text-align-center\">Synt. 7\/20 | Om. Hanna Heikkinen, Espoo<\/p>\n\n\n\n<div class=\"wp-block-buttons is-content-justification-center is-layout-flex wp-container-core-buttons-is-layout-a89b3969 wp-block-buttons-is-layout-flex\">\n<div class=\"wp-block-button\"><a class=\"wp-block-button__link wp-element-button\" href=\"https:\/\/jalostus.kennelliitto.fi\/frmKoira.aspx?RekNo=FI45600\/20&amp;R=200\" target=\"_blank\" rel=\"noreferrer noopener\">KoiraNet<\/a><\/div>\n\n\n\n<div class=\"wp-block-button\"><a class=\"wp-block-button__link wp-element-button\" href=\"https:\/\/italiangreyhound.breedarchive.com\/animal\/view\/berylline-trenette-5c8ba5b5-5f92-41b8-8d10-950aabbe304f\" target=\"_blank\" rel=\"noreferrer noopener\">Sukutaulu<\/a><\/div>\n<\/div>\n\n\n\n<p class=\"has-text-align-center\">P\u00f6tk\u00f6 on M2-pentueen em\u00e4.<\/p>\n\n\n\n<hr class=\"wp-block-separator has-alpha-channel-opacity is-style-dots\"\/>\n\n\n\n<figure class=\"wp-block-image aligncenter size-full\"><img loading=\"lazy\" decoding=\"async\" width=\"851\" height=\"1024\" src=\"https:\/\/www.berylline.fi\/wp-content\/uploads\/2023\/08\/BeryllineTrenette_2years1.jpg\" alt=\"\" class=\"wp-image-3762\" srcset=\"https:\/\/www.berylline.fi\/wp-content\/uploads\/2023\/08\/BeryllineTrenette_2years1.jpg 851w, https:\/\/www.berylline.fi\/wp-content\/uploads\/2023\/08\/BeryllineTrenette_2years1-250x301.jpg 250w, https:\/\/www.berylline.fi\/wp-content\/uploads\/2023\/08\/BeryllineTrenette_2years1-499x600.jpg 499w\" sizes=\"auto, (max-width: 851px) 100vw, 851px\" \/><\/figure>\n","protected":false},"excerpt":{"rendered":"<p>Berylline Trenette &#8220;P\u00f6tk\u00f6&#8221; Synt. 7\/20 | Om. Hanna Heikkinen, Espoo P\u00f6tk\u00f6 on M2-pentueen em\u00e4.<\/p>\n","protected":false},"author":1,"featured_media":0,"parent":0,"menu_order":0,"comment_status":"closed","ping_status":"closed","template":"","meta":{"site-sidebar-layout":"default","site-content-layout":"","ast-site-content-layout":"","site-content-style":"default","site-sidebar-style":"default","ast-global-header-display":"","ast-banner-title-visibility":"","ast-main-header-display":"","ast-hfb-above-header-display":"","ast-hfb-below-header-display":"","ast-hfb-mobile-header-display":"","site-post-title":"","ast-breadcrumbs-content":"","ast-featured-img":"","footer-sml-layout":"","theme-transparent-header-meta":"","adv-header-id-meta":"","stick-header-meta":"","header-above-stick-meta":"","header-main-stick-meta":"","header-below-stick-meta":"","astra-migrate-meta-layouts":"default","ast-page-background-enabled":"default","ast-page-background-meta":{"desktop":{"background-color":"var(--ast-global-color-5)","background-image":"","background-repeat":"repeat","background-position":"center center","background-size":"auto","background-attachment":"scroll","background-type":"","background-media":"","overlay-type":"","overlay-color":"","overlay-opacity":"","overlay-gradient":""},"tablet":{"background-color":"","background-image":"","background-repeat":"repeat","background-position":"center center","background-size":"auto","background-attachment":"scroll","background-type":"","background-media":"","overlay-type":"","overlay-color":"","overlay-opacity":"","overlay-gradient":""},"mobile":{"background-color":"","background-image":"","background-repeat":"repeat","background-position":"center center","background-size":"auto","background-attachment":"scroll","background-type":"","background-media":"","overlay-type":"","overlay-color":"","overlay-opacity":"","overlay-gradient":""}},"ast-content-background-meta":{"desktop":{"background-color":"var(--ast-global-color-4)","background-image":"","background-repeat":"repeat","background-position":"center center","background-size":"auto","background-attachment":"scroll","background-type":"","background-media":"","overlay-type":"","overlay-color":"","overlay-opacity":"","overlay-gradient":""},"tablet":{"background-color":"var(--ast-global-color-4)","background-image":"","background-repeat":"repeat","background-position":"center center","background-size":"auto","background-attachment":"scroll","background-type":"","background-media":"","overlay-type":"","overlay-color":"","overlay-opacity":"","overlay-gradient":""},"mobile":{"background-color":"var(--ast-global-color-4)","background-image":"","background-repeat":"repeat","background-position":"center center","background-size":"auto","background-attachment":"scroll","background-type":"","background-media":"","overlay-type":"","overlay-color":"","overlay-opacity":"","overlay-gradient":""}},"footnotes":""},"class_list":["post-3761","page","type-page","status-publish","hentry"],"_links":{"self":[{"href":"http:\/\/www.berylline.fi\/fi\/wp-json\/wp\/v2\/pages\/3761","targetHints":{"allow":["GET"]}}],"collection":[{"href":"http:\/\/www.berylline.fi\/fi\/wp-json\/wp\/v2\/pages"}],"about":[{"href":"http:\/\/www.berylline.fi\/fi\/wp-json\/wp\/v2\/types\/page"}],"author":[{"embeddable":true,"href":"http:\/\/www.berylline.fi\/fi\/wp-json\/wp\/v2\/users\/1"}],"replies":[{"embeddable":true,"href":"http:\/\/www.berylline.fi\/fi\/wp-json\/wp\/v2\/comments?post=3761"}],"version-history":[{"count":10,"href":"http:\/\/www.berylline.fi\/fi\/wp-json\/wp\/v2\/pages\/3761\/revisions"}],"predecessor-version":[{"id":4507,"href":"http:\/\/www.berylline.fi\/fi\/wp-json\/wp\/v2\/pages\/3761\/revisions\/4507"}],"wp:attachment":[{"href":"http:\/\/www.berylline.fi\/fi\/wp-json\/wp\/v2\/media?parent=3761"}],"curies":[{"name":"wp","href":"https:\/\/api.w.org\/{rel}","templated":true}]}}