{"id":72,"date":"2012-05-15T15:17:18","date_gmt":"2012-05-15T15:17:18","guid":{"rendered":"http:\/\/www.berylline.fi\/test\/?page_id=72"},"modified":"2025-11-15T10:20:25","modified_gmt":"2025-11-15T10:20:25","slug":"yhteystiedot","status":"publish","type":"page","link":"http:\/\/www.berylline.fi\/fi\/yhteystiedot\/","title":{"rendered":"Esittely ja yhteystiedot"},"content":{"rendered":"\n<div style=\"height:22px\" aria-hidden=\"true\" class=\"wp-block-spacer\"><\/div>\n\n\n\n<h4 class=\"wp-block-heading\">Esittely<\/h4>\n\n\n\n<p><mark style=\"background-color:rgba(0, 0, 0, 0)\" class=\"has-inline-color has-ast-global-color-6-color\">Koiraharrastukseni alkoi vuonna 2005, kun hankin ensimm\u00e4isen italianvinttikoirani. Pian kiinnostuin kasvatuksesta, ja ensimm\u00e4inen italianvinttikoirapentueeni syntyi vuonna 2008. Vuosien varrella toimin rotua harrastavan yhdistyksemme pentuv\u00e4litt\u00e4j\u00e4n\u00e4, lehden p\u00e4\u00e4toimittajana, eri toimikunnissa ja yll\u00e4pidin niihin aikoihin aktiivista rodun keskustelupalstaa. Toin koiria useista eri maista pyrkien tuomaan rotuun uusia linjoja ja kasvatin 14 italianvinttikoirapentuetta. Valitettavasti linjoissa ilmeni ongelmia, mink\u00e4 vuoksi lopetin kasvatuksen, eik\u00e4 enemp\u00e4\u00e4 jalostustasoisia narttuja syntynyt. Vuonna 2020 Suomen Vinttikoiraliitto palkitsi minut kasvattajapalkinnolla rodun eteen tekem\u00e4st\u00e4ni ty\u00f6st\u00e4.<\/mark> <mark style=\"background-color:rgba(0, 0, 0, 0)\" class=\"has-inline-color has-ast-global-color-6-color\">Olen suorittanut Kennelliiton kasvattajan perus- ja jatkokurssit, jalostusneuvojan perus- ja jatkokurssit, koetoimitsijan peruskurssin ja vuonna 2018 p\u00e4tev\u00f6idyin ulkomuototuomariksi. Arvostelen satunnaisesti vinttikoiraryhm\u00e4n rotuja.<\/mark><\/p>\n\n\n\n<p>Vuonna 2020 hankin ensimm\u00e4isen shibaurokseni Ven\u00e4j\u00e4lt\u00e4 ja sittemmin olen tuonut koiria Belgiasta ja Kroatiasta. Shiban itsen\u00e4inen ja tasapainoinen luonne sek\u00e4 selke\u00e4t \u00e4\u00e4riviivat miellytt\u00e4v\u00e4t vinttikoirien sulaviin linjoihin tottunuttakin! Vuonna 2023 toteutin pitk\u00e4aikaisen haaveeni silkkivinttikoirasta, ja olen tyk\u00e4stynyt rotuun suuresti.<\/p>\n\n\n\n<p>Silkkivinttikoirissa n\u00e4en t\u00e4rkeimp\u00e4n\u00e4 asiana t\u00e4ll\u00e4 hetkell\u00e4 ty\u00f6n geneettisen monimuotoisuuden eteen. Rodun populaatio on pieni, joten jalostusvalintoja tulee tehd\u00e4 terveytt\u00e4 ja monimuotoisuutta edist\u00e4en hy\u00f6dynt\u00e4en geenitestien tarjoamia monimuotoisuusty\u00f6kaluja. Roturisteytykset ovat yh\u00e4 edellytys rodun jatkuvuuden varmistamiseksi. Jokainen silkkivinttikoira voi olla arvokas rodun tulevaisuuden kannalta, joten rotua harkitsevan on sitouduttava rodunomaisiin terveystutkimuksiin ja varauduttava mahdolliseen jalostusk\u00e4ytt\u00f6\u00f6n.<\/p>\n\n\n\n<p>Shiboja harrastan pienimuotoisesti tavoitteenani pieni, hyv\u00e4rakenteinen, tutkitusti terve, hyvin liikkuva sek\u00e4 vilkas ja aktiivinen japanilainen mets\u00e4styskoira, jonka kanssa on mukava el\u00e4\u00e4. Shiba k\u00e4rsii my\u00f6s pienen populaation ongelmista, ja yleisen terveyden edist\u00e4miseksi tulee pyrki\u00e4 k\u00e4ytt\u00e4m\u00e4\u00e4n jalostuksessa mahdollisimman monipuolisesti eri sukulinjoja ja pyrki\u00e4 yhteisty\u00f6h\u00f6n. Shiban ostajan tulee sitoutua rodunomaisiin terveystutkimuksiin, jotta eri linjojen terveydest\u00e4 saadaan tietoa.<\/p>\n\n\n\n<p>Ty\u00f6skentelen lukiossa matematiikan, fysiikan ja kielten opettajana. Koirat t\u00e4ytt\u00e4v\u00e4t vapaa-ajastani ison osan, mutta harrastan my\u00f6s luonnossa liikkumista, valokuvausta, sisustamista, klarinetin soittoa, lintujen havainnointia ja m\u00f6kkeily\u00e4. Kerran vuodessa pyrin tekem\u00e4\u00e4n matkan, jonka kohteen ja ohjelman suunnittelen tarkkaan.<\/p>\n\n\n\n<figure class=\"wp-block-gallery has-nested-images columns-5 is-cropped wp-block-gallery-1 is-layout-flex wp-block-gallery-is-layout-flex\">\n<figure class=\"wp-block-image size-large\"><img loading=\"lazy\" decoding=\"async\" width=\"600\" height=\"600\" data-id=\"4039\" src=\"https:\/\/www.berylline.fi\/wp-content\/uploads\/2025\/02\/blavatnet1-600x600.jpg\" alt=\"\" class=\"wp-image-4039\" srcset=\"https:\/\/www.berylline.fi\/wp-content\/uploads\/2025\/02\/blavatnet1-600x600.jpg 600w, https:\/\/www.berylline.fi\/wp-content\/uploads\/2025\/02\/blavatnet1-250x250.jpg 250w, https:\/\/www.berylline.fi\/wp-content\/uploads\/2025\/02\/blavatnet1-150x150.jpg 150w, https:\/\/www.berylline.fi\/wp-content\/uploads\/2025\/02\/blavatnet1.jpg 1440w\" sizes=\"auto, (max-width: 600px) 100vw, 600px\" \/><\/figure>\n\n\n\n<figure class=\"wp-block-image size-full\"><img loading=\"lazy\" decoding=\"async\" width=\"2560\" height=\"1707\" data-id=\"4035\" src=\"https:\/\/www.berylline.fi\/wp-content\/uploads\/2025\/02\/image17-1-scaled.jpg\" alt=\"\" class=\"wp-image-4035\" srcset=\"https:\/\/www.berylline.fi\/wp-content\/uploads\/2025\/02\/image17-1-scaled.jpg 2560w, https:\/\/www.berylline.fi\/wp-content\/uploads\/2025\/02\/image17-1-250x167.jpg 250w, https:\/\/www.berylline.fi\/wp-content\/uploads\/2025\/02\/image17-1-600x400.jpg 600w, https:\/\/www.berylline.fi\/wp-content\/uploads\/2025\/02\/image17-1-1536x1024.jpg 1536w, https:\/\/www.berylline.fi\/wp-content\/uploads\/2025\/02\/image17-1-2048x1365.jpg 2048w\" sizes=\"auto, (max-width: 2560px) 100vw, 2560px\" \/><\/figure>\n\n\n\n<figure class=\"wp-block-image size-large\"><img loading=\"lazy\" decoding=\"async\" width=\"600\" height=\"600\" data-id=\"3754\" src=\"https:\/\/www.berylline.fi\/wp-content\/uploads\/2023\/08\/maledives-600x600.jpg\" alt=\"\" class=\"wp-image-3754\" srcset=\"https:\/\/www.berylline.fi\/wp-content\/uploads\/2023\/08\/maledives-600x600.jpg 600w, https:\/\/www.berylline.fi\/wp-content\/uploads\/2023\/08\/maledives-250x250.jpg 250w, https:\/\/www.berylline.fi\/wp-content\/uploads\/2023\/08\/maledives-150x150.jpg 150w, https:\/\/www.berylline.fi\/wp-content\/uploads\/2023\/08\/maledives.jpg 1440w\" sizes=\"auto, (max-width: 600px) 100vw, 600px\" \/><\/figure>\n\n\n\n<figure class=\"wp-block-image size-large\"><img loading=\"lazy\" decoding=\"async\" width=\"513\" height=\"600\" data-id=\"3748\" src=\"https:\/\/www.berylline.fi\/wp-content\/uploads\/2023\/08\/tromso-513x600.jpg\" alt=\"\" class=\"wp-image-3748\" srcset=\"https:\/\/www.berylline.fi\/wp-content\/uploads\/2023\/08\/tromso-513x600.jpg 513w, https:\/\/www.berylline.fi\/wp-content\/uploads\/2023\/08\/tromso-250x292.jpg 250w, https:\/\/www.berylline.fi\/wp-content\/uploads\/2023\/08\/tromso.jpg 1259w\" sizes=\"auto, (max-width: 513px) 100vw, 513px\" \/><\/figure>\n\n\n\n<figure class=\"wp-block-image size-large\"><img loading=\"lazy\" decoding=\"async\" width=\"480\" height=\"600\" data-id=\"3398\" src=\"https:\/\/www.berylline.fi\/wp-content\/uploads\/2020\/09\/Kasvattajapalkinto-1-480x600.jpeg\" alt=\"\" class=\"wp-image-3398\" srcset=\"https:\/\/www.berylline.fi\/wp-content\/uploads\/2020\/09\/Kasvattajapalkinto-1-480x600.jpeg 480w, https:\/\/www.berylline.fi\/wp-content\/uploads\/2020\/09\/Kasvattajapalkinto-1-250x312.jpeg 250w, https:\/\/www.berylline.fi\/wp-content\/uploads\/2020\/09\/Kasvattajapalkinto-1.jpeg 1833w\" sizes=\"auto, (max-width: 480px) 100vw, 480px\" \/><\/figure>\n\n\n\n<figure class=\"wp-block-image size-full\"><img loading=\"lazy\" decoding=\"async\" width=\"1920\" height=\"1280\" data-id=\"3013\" src=\"https:\/\/www.berylline.fi\/wp-content\/uploads\/2017\/12\/IMG_1269.jpg\" alt=\"\" class=\"wp-image-3013\" srcset=\"https:\/\/www.berylline.fi\/wp-content\/uploads\/2017\/12\/IMG_1269.jpg 1920w, https:\/\/www.berylline.fi\/wp-content\/uploads\/2017\/12\/IMG_1269-250x167.jpg 250w, https:\/\/www.berylline.fi\/wp-content\/uploads\/2017\/12\/IMG_1269-600x400.jpg 600w\" sizes=\"auto, (max-width: 1920px) 100vw, 1920px\" \/><\/figure>\n\n\n\n<figure class=\"wp-block-image size-large\"><img loading=\"lazy\" decoding=\"async\" width=\"582\" height=\"600\" data-id=\"3012\" src=\"https:\/\/www.berylline.fi\/wp-content\/uploads\/2017\/12\/IMG_1050-582x600.jpg\" alt=\"\" class=\"wp-image-3012\" srcset=\"https:\/\/www.berylline.fi\/wp-content\/uploads\/2017\/12\/IMG_1050-582x600.jpg 582w, https:\/\/www.berylline.fi\/wp-content\/uploads\/2017\/12\/IMG_1050-250x258.jpg 250w, https:\/\/www.berylline.fi\/wp-content\/uploads\/2017\/12\/IMG_1050.jpg 1833w\" sizes=\"auto, (max-width: 582px) 100vw, 582px\" \/><\/figure>\n\n\n\n<figure class=\"wp-block-image size-full\"><img loading=\"lazy\" decoding=\"async\" width=\"667\" height=\"1000\" data-id=\"2146\" src=\"https:\/\/www.berylline.fi\/wp-content\/uploads\/2016\/12\/messari16_05.jpg\" alt=\"\" class=\"wp-image-2146\" srcset=\"https:\/\/www.berylline.fi\/wp-content\/uploads\/2016\/12\/messari16_05.jpg 667w, https:\/\/www.berylline.fi\/wp-content\/uploads\/2016\/12\/messari16_05-250x375.jpg 250w, https:\/\/www.berylline.fi\/wp-content\/uploads\/2016\/12\/messari16_05-400x600.jpg 400w\" sizes=\"auto, (max-width: 667px) 100vw, 667px\" \/><\/figure>\n\n\n\n<figure class=\"wp-block-image size-full\"><img loading=\"lazy\" decoding=\"async\" width=\"1080\" height=\"1620\" data-id=\"4726\" src=\"https:\/\/www.berylline.fi\/wp-content\/uploads\/2025\/03\/438081496_7325427110917200_8955158788303231427_n.jpg\" alt=\"\" class=\"wp-image-4726\" srcset=\"https:\/\/www.berylline.fi\/wp-content\/uploads\/2025\/03\/438081496_7325427110917200_8955158788303231427_n.jpg 1080w, https:\/\/www.berylline.fi\/wp-content\/uploads\/2025\/03\/438081496_7325427110917200_8955158788303231427_n-250x375.jpg 250w, https:\/\/www.berylline.fi\/wp-content\/uploads\/2025\/03\/438081496_7325427110917200_8955158788303231427_n-400x600.jpg 400w, https:\/\/www.berylline.fi\/wp-content\/uploads\/2025\/03\/438081496_7325427110917200_8955158788303231427_n-1024x1536.jpg 1024w, https:\/\/www.berylline.fi\/wp-content\/uploads\/2025\/03\/438081496_7325427110917200_8955158788303231427_n-8x12.jpg 8w\" sizes=\"auto, (max-width: 1080px) 100vw, 1080px\" \/><\/figure>\n\n\n\n<figure class=\"wp-block-image size-full\"><img loading=\"lazy\" decoding=\"async\" width=\"960\" height=\"720\" data-id=\"3392\" src=\"https:\/\/www.berylline.fi\/wp-content\/uploads\/2020\/09\/greyhound-1.jpg\" alt=\"\" class=\"wp-image-3392\" srcset=\"https:\/\/www.berylline.fi\/wp-content\/uploads\/2020\/09\/greyhound-1.jpg 960w, https:\/\/www.berylline.fi\/wp-content\/uploads\/2020\/09\/greyhound-1-250x188.jpg 250w, https:\/\/www.berylline.fi\/wp-content\/uploads\/2020\/09\/greyhound-1-600x450.jpg 600w\" sizes=\"auto, (max-width: 960px) 100vw, 960px\" \/><\/figure>\n<\/figure>\n\n\n\n<div class=\"wp-block-group is-content-justification-center is-nowrap is-layout-flex wp-container-core-group-is-layout-23441af8 wp-block-group-is-layout-flex\">\n<figure class=\"wp-block-image size-full is-resized\"><a href=\"https:\/\/fci.be\/en\/\" target=\"_blank\" rel=\" noreferrer noopener\"><img loading=\"lazy\" decoding=\"async\" width=\"2048\" height=\"2048\" src=\"https:\/\/www.berylline.fi\/wp-content\/uploads\/2025\/02\/fci.png\" alt=\"\" class=\"wp-image-4379\" style=\"aspect-ratio:1;object-fit:cover;width:200px\" srcset=\"https:\/\/www.berylline.fi\/wp-content\/uploads\/2025\/02\/fci.png 2048w, https:\/\/www.berylline.fi\/wp-content\/uploads\/2025\/02\/fci-250x250.png 250w, https:\/\/www.berylline.fi\/wp-content\/uploads\/2025\/02\/fci-600x600.png 600w, https:\/\/www.berylline.fi\/wp-content\/uploads\/2025\/02\/fci-150x150.png 150w, https:\/\/www.berylline.fi\/wp-content\/uploads\/2025\/02\/fci-1536x1536.png 1536w, https:\/\/www.berylline.fi\/wp-content\/uploads\/2025\/02\/fci-12x12.png 12w\" sizes=\"auto, (max-width: 2048px) 100vw, 2048px\" \/><\/a><\/figure>\n\n\n\n<figure class=\"wp-block-image size-full is-resized\"><a href=\"https:\/\/www.kennelliitto.fi\/\" target=\"_blank\" rel=\" noreferrer noopener\"><img loading=\"lazy\" decoding=\"async\" width=\"225\" height=\"224\" src=\"https:\/\/www.berylline.fi\/wp-content\/uploads\/2025\/02\/skl.png\" alt=\"\" class=\"wp-image-4381\" style=\"width:200px\" srcset=\"https:\/\/www.berylline.fi\/wp-content\/uploads\/2025\/02\/skl.png 225w, https:\/\/www.berylline.fi\/wp-content\/uploads\/2025\/02\/skl-150x150.png 150w, https:\/\/www.berylline.fi\/wp-content\/uploads\/2025\/02\/skl-12x12.png 12w\" sizes=\"auto, (max-width: 225px) 100vw, 225px\" \/><\/a><\/figure>\n\n\n\n<figure class=\"wp-block-image size-full is-resized\"><img loading=\"lazy\" decoding=\"async\" width=\"250\" height=\"250\" src=\"https:\/\/www.berylline.fi\/wp-content\/uploads\/2025\/02\/isws.png\" alt=\"\" class=\"wp-image-4382\" style=\"width:200px\" srcset=\"https:\/\/www.berylline.fi\/wp-content\/uploads\/2025\/02\/isws.png 250w, https:\/\/www.berylline.fi\/wp-content\/uploads\/2025\/02\/isws-150x150.png 150w, https:\/\/www.berylline.fi\/wp-content\/uploads\/2025\/02\/isws-12x12.png 12w\" sizes=\"auto, (max-width: 250px) 100vw, 250px\" \/><\/figure>\n<\/div>\n\n\n\n<div class=\"wp-block-group is-content-justification-center is-nowrap is-layout-flex wp-container-core-group-is-layout-23441af8 wp-block-group-is-layout-flex\">\n<figure class=\"wp-block-image size-full is-resized\"><a href=\"https:\/\/www.sukoka.fi\/\" target=\"_blank\" rel=\" noreferrer noopener\"><img loading=\"lazy\" decoding=\"async\" width=\"298\" height=\"296\" src=\"https:\/\/www.berylline.fi\/wp-content\/uploads\/2025\/03\/logosivuille.png\" alt=\"\" class=\"wp-image-4718\" style=\"width:200px\" srcset=\"https:\/\/www.berylline.fi\/wp-content\/uploads\/2025\/03\/logosivuille.png 298w, https:\/\/www.berylline.fi\/wp-content\/uploads\/2025\/03\/logosivuille-250x248.png 250w, https:\/\/www.berylline.fi\/wp-content\/uploads\/2025\/03\/logosivuille-150x150.png 150w, https:\/\/www.berylline.fi\/wp-content\/uploads\/2025\/03\/logosivuille-12x12.png 12w\" sizes=\"auto, (max-width: 298px) 100vw, 298px\" \/><\/a><\/figure>\n\n\n\n<figure class=\"wp-block-image size-full is-resized\"><img loading=\"lazy\" decoding=\"async\" width=\"330\" height=\"330\" src=\"https:\/\/www.berylline.fi\/wp-content\/uploads\/2025\/03\/UMT-logo-PMS-286C1_220x.png\" alt=\"\" class=\"wp-image-4719\" style=\"width:200px\" srcset=\"https:\/\/www.berylline.fi\/wp-content\/uploads\/2025\/03\/UMT-logo-PMS-286C1_220x.png 330w, https:\/\/www.berylline.fi\/wp-content\/uploads\/2025\/03\/UMT-logo-PMS-286C1_220x-250x250.png 250w, https:\/\/www.berylline.fi\/wp-content\/uploads\/2025\/03\/UMT-logo-PMS-286C1_220x-150x150.png 150w, https:\/\/www.berylline.fi\/wp-content\/uploads\/2025\/03\/UMT-logo-PMS-286C1_220x-12x12.png 12w\" sizes=\"auto, (max-width: 330px) 100vw, 330px\" \/><\/figure>\n<\/div>\n\n\n\n<div class=\"wp-block-group is-content-justification-center is-nowrap is-layout-flex wp-container-core-group-is-layout-23441af8 wp-block-group-is-layout-flex\">\n<figure class=\"wp-block-image size-full is-resized\"><a href=\"https:\/\/www.mushbarf.com\/\" target=\"_blank\" rel=\" noreferrer noopener\"><img loading=\"lazy\" decoding=\"async\" width=\"186\" height=\"186\" src=\"https:\/\/www.berylline.fi\/wp-content\/uploads\/2025\/02\/logo-dog_b8926686-1.png\" alt=\"\" class=\"wp-image-4422\" style=\"width:150px\" srcset=\"https:\/\/www.berylline.fi\/wp-content\/uploads\/2025\/02\/logo-dog_b8926686-1.png 186w, https:\/\/www.berylline.fi\/wp-content\/uploads\/2025\/02\/logo-dog_b8926686-1-150x150.png 150w, https:\/\/www.berylline.fi\/wp-content\/uploads\/2025\/02\/logo-dog_b8926686-1-12x12.png 12w\" sizes=\"auto, (max-width: 186px) 100vw, 186px\" \/><\/a><\/figure>\n\n\n\n<figure class=\"wp-block-image size-full is-resized\"><img loading=\"lazy\" decoding=\"async\" width=\"300\" height=\"300\" src=\"https:\/\/www.berylline.fi\/wp-content\/uploads\/2025\/02\/Powered-by-Nutrolin-300x300-1.png\" alt=\"\" class=\"wp-image-4398\" style=\"width:150px\" srcset=\"https:\/\/www.berylline.fi\/wp-content\/uploads\/2025\/02\/Powered-by-Nutrolin-300x300-1.png 300w, https:\/\/www.berylline.fi\/wp-content\/uploads\/2025\/02\/Powered-by-Nutrolin-300x300-1-250x250.png 250w, https:\/\/www.berylline.fi\/wp-content\/uploads\/2025\/02\/Powered-by-Nutrolin-300x300-1-150x150.png 150w, https:\/\/www.berylline.fi\/wp-content\/uploads\/2025\/02\/Powered-by-Nutrolin-300x300-1-12x12.png 12w\" sizes=\"auto, (max-width: 300px) 100vw, 300px\" \/><\/figure>\n<\/div>\n\n\n\n<div style=\"height:22px\" aria-hidden=\"true\" class=\"wp-block-spacer\"><\/div>\n\n\n\n<h4 class=\"wp-block-heading has-text-align-center\">Ota yhteytt\u00e4<\/h4>\n\n\n\n<div style=\"height:22px\" aria-hidden=\"true\" class=\"wp-block-spacer\"><\/div>\n\n\n\n<p class=\"has-text-align-center\"><strong>Elisa Honkala<\/strong>, Oulu<br>silkenshiba@gmail.com<\/p>\n\n\n\n<p class=\"has-text-align-center\"><em>Suomi \/ English \/ Svenska \/ Norska \/ Deutsch<\/em><\/p>\n\n\n\n<p class=\"has-text-align-center\"><em>Vastaan kaikkiin harkittuihin yhteydenottoihin, joten mik\u00e4li et saa vastausta, l\u00e4het\u00e4 viestisi uudelleen.<\/em><\/p>\n\n\n<p><center><iframe loading=\"lazy\" style=\"border: 0;\" src=\"https:\/\/www.google.com\/maps\/embed?pb=!1m18!1m12!1m3!1d433539.0172000442!2d26.23922345848965!3d64.88361510255909!2m3!1f0!2f0!3f0!3m2!1i1024!2i768!4f13.1!3m3!1m2!1s0x468032a8c02185c1%3A0x8bb02d322b12e97d!2sOulu!5e0!3m2!1sfi!2sfi!4v1738148758356!5m2!1sfi!2sfi\" width=\"600\" height=\"450\" allowfullscreen=\"allowfullscreen\"><\/iframe><\/center><\/p>","protected":false},"excerpt":{"rendered":"<p>Esittely Koiraharrastukseni alkoi vuonna 2005, kun hankin ensimm\u00e4isen italianvinttikoirani. Pian kiinnostuin kasvatuksesta, ja ensimm\u00e4inen italianvinttikoirapentueeni syntyi vuonna 2008. Vuosien varrella toimin rotua harrastavan yhdistyksemme pentuv\u00e4litt\u00e4j\u00e4n\u00e4, lehden p\u00e4\u00e4toimittajana, eri toimikunnissa ja yll\u00e4pidin niihin aikoihin aktiivista rodun keskustelupalstaa. Toin koiria useista eri maista pyrkien tuomaan rotuun uusia linjoja ja kasvatin 14 italianvinttikoirapentuetta. Valitettavasti linjoissa ilmeni ongelmia, mink\u00e4 [&hellip;]<\/p>\n","protected":false},"author":1,"featured_media":0,"parent":0,"menu_order":0,"comment_status":"closed","ping_status":"closed","template":"","meta":{"site-sidebar-layout":"default","site-content-layout":"","ast-site-content-layout":"","site-content-style":"default","site-sidebar-style":"default","ast-global-header-display":"","ast-banner-title-visibility":"","ast-main-header-display":"","ast-hfb-above-header-display":"","ast-hfb-below-header-display":"","ast-hfb-mobile-header-display":"","site-post-title":"","ast-breadcrumbs-content":"","ast-featured-img":"","footer-sml-layout":"","theme-transparent-header-meta":"","adv-header-id-meta":"","stick-header-meta":"","header-above-stick-meta":"","header-main-stick-meta":"","header-below-stick-meta":"","astra-migrate-meta-layouts":"default","ast-page-background-enabled":"default","ast-page-background-meta":{"desktop":{"background-color":"var(--ast-global-color-5)","background-image":"","background-repeat":"repeat","background-position":"center center","background-size":"auto","background-attachment":"scroll","background-type":"","background-media":"","overlay-type":"","overlay-color":"","overlay-opacity":"","overlay-gradient":""},"tablet":{"background-color":"","background-image":"","background-repeat":"repeat","background-position":"center center","background-size":"auto","background-attachment":"scroll","background-type":"","background-media":"","overlay-type":"","overlay-color":"","overlay-opacity":"","overlay-gradient":""},"mobile":{"background-color":"","background-image":"","background-repeat":"repeat","background-position":"center center","background-size":"auto","background-attachment":"scroll","background-type":"","background-media":"","overlay-type":"","overlay-color":"","overlay-opacity":"","overlay-gradient":""}},"ast-content-background-meta":{"desktop":{"background-color":"var(--ast-global-color-4)","background-image":"","background-repeat":"repeat","background-position":"center center","background-size":"auto","background-attachment":"scroll","background-type":"","background-media":"","overlay-type":"","overlay-color":"","overlay-opacity":"","overlay-gradient":""},"tablet":{"background-color":"var(--ast-global-color-4)","background-image":"","background-repeat":"repeat","background-position":"center center","background-size":"auto","background-attachment":"scroll","background-type":"","background-media":"","overlay-type":"","overlay-color":"","overlay-opacity":"","overlay-gradient":""},"mobile":{"background-color":"var(--ast-global-color-4)","background-image":"","background-repeat":"repeat","background-position":"center center","background-size":"auto","background-attachment":"scroll","background-type":"","background-media":"","overlay-type":"","overlay-color":"","overlay-opacity":"","overlay-gradient":""}},"footnotes":""},"class_list":["post-72","page","type-page","status-publish","hentry"],"_links":{"self":[{"href":"http:\/\/www.berylline.fi\/fi\/wp-json\/wp\/v2\/pages\/72","targetHints":{"allow":["GET"]}}],"collection":[{"href":"http:\/\/www.berylline.fi\/fi\/wp-json\/wp\/v2\/pages"}],"about":[{"href":"http:\/\/www.berylline.fi\/fi\/wp-json\/wp\/v2\/types\/page"}],"author":[{"embeddable":true,"href":"http:\/\/www.berylline.fi\/fi\/wp-json\/wp\/v2\/users\/1"}],"replies":[{"embeddable":true,"href":"http:\/\/www.berylline.fi\/fi\/wp-json\/wp\/v2\/comments?post=72"}],"version-history":[{"count":64,"href":"http:\/\/www.berylline.fi\/fi\/wp-json\/wp\/v2\/pages\/72\/revisions"}],"predecessor-version":[{"id":4946,"href":"http:\/\/www.berylline.fi\/fi\/wp-json\/wp\/v2\/pages\/72\/revisions\/4946"}],"wp:attachment":[{"href":"http:\/\/www.berylline.fi\/fi\/wp-json\/wp\/v2\/media?parent=72"}],"curies":[{"name":"wp","href":"https:\/\/api.w.org\/{rel}","templated":true}]}}