{"id":176,"date":"2012-05-16T07:20:13","date_gmt":"2012-05-16T07:20:13","guid":{"rendered":"http:\/\/www.berylline.fi\/test\/?page_id=176"},"modified":"2026-03-28T05:46:55","modified_gmt":"2026-03-28T05:46:55","slug":"suunnitelmat","status":"publish","type":"page","link":"https:\/\/www.berylline.fi\/en\/suunnitelmat\/","title":{"rendered":"Available"},"content":{"rendered":"<div style=\"height:43px\" aria-hidden=\"true\" class=\"wp-block-spacer\"><\/div>\n\n\n\n<h4 class=\"wp-block-heading\">Available<\/h4>\n\n\n\n<p>Nothing available at the moment.<\/p>\n\n\n\n<hr class=\"wp-block-separator has-alpha-channel-opacity is-style-dots\"\/>\n\n\n\n<h4 class=\"wp-block-heading\">Puppy plans<\/h4>\n\n\n\n<h5 class=\"wp-block-heading\">Silken Windhound<\/h5>\n\n\n\n<p><a href=\"https:\/\/www.berylline.fi\/en\/starcastle-hounds-moon-goddess\/\">Rusakko<\/a> will be mated in 2026. My plan is to breed her to Tsaarikon Denaari. The test pedigree can be viewed <a href=\"https:\/\/db.isws.org\/trial-mating?sire_id=42468&amp;dam_id=45964&amp;layout=view\">here<\/a>.<\/p>\n\n\n\n<figure class=\"wp-block-image size-full\"><img loading=\"lazy\" decoding=\"async\" width=\"1917\" height=\"800\" src=\"https:\/\/www.berylline.fi\/wp-content\/uploads\/2026\/02\/pentuemainos.jpg\" alt=\"\" class=\"wp-image-4996\" srcset=\"https:\/\/www.berylline.fi\/wp-content\/uploads\/2026\/02\/pentuemainos.jpg 1917w, https:\/\/www.berylline.fi\/wp-content\/uploads\/2026\/02\/pentuemainos-250x104.jpg 250w, https:\/\/www.berylline.fi\/wp-content\/uploads\/2026\/02\/pentuemainos-600x250.jpg 600w, https:\/\/www.berylline.fi\/wp-content\/uploads\/2026\/02\/pentuemainos-1536x641.jpg 1536w, https:\/\/www.berylline.fi\/wp-content\/uploads\/2026\/02\/pentuemainos-18x8.jpg 18w\" sizes=\"auto, (max-width: 1917px) 100vw, 1917px\" \/><\/figure>\n\n\n\n<div style=\"height:22px\" aria-hidden=\"true\" class=\"wp-block-spacer\"><\/div>\n\n\n\n<h5 class=\"wp-block-heading\">Shibas<\/h5>\n\n\n\n<p>In Shibas, I have no plans at the moment. <strong>If you are looking for a Shiba puppy, see the Finnish Kennel Club\u2019s <a href=\"https:\/\/pentulista.kennelliitto.fi\/Forms\/Rotu?id=24\">puppy list<\/a> and check the <a href=\"https:\/\/jalostus.kennelliitto.fi\/frmPentueet.aspx?R=257&amp;A=2024\">Finnish Kennel Club's breeding database<\/a>-breeding database.<\/strong> <mark style=\"background-color:rgba(0, 0, 0, 0);color:#cf2e2e\" class=\"has-inline-color\"><strong>Choose a puppy only from a breeding that meets the breed club\u2019s recommendations.<\/strong><\/mark>.<\/p>\n\n\n\n<hr class=\"wp-block-separator has-alpha-channel-opacity is-style-dots\"\/>\n\n\n\n<h4 class=\"wp-block-heading\">Past litters<\/h4>\n\n\n\n<p>A list of my past litters can be found on the Finnish Kennel Club's breeding database. In Italian Greyhounds I no longer have breeding dogs.<\/p>\n\n\n\n<div class=\"wp-block-buttons is-layout-flex wp-block-buttons-is-layout-flex\">\n<div class=\"wp-block-button\"><a class=\"wp-block-button__link wp-element-button\" href=\"https:\/\/jalostus.kennelliitto.fi\/frmKasvattaja.aspx?K=BERYLLINE&amp;R=200\">Italian Greyhound litters<\/a><\/div>\n\n\n\n<div class=\"wp-block-button\"><a class=\"wp-block-button__link wp-element-button\" href=\"https:\/\/jalostus.kennelliitto.fi\/frmKasvattaja.aspx?K=BERYLLINE&amp;R=257\">Shiba litters<\/a><\/div>\n<\/div>\n\n\n\n<figure class=\"wp-block-image size-full\"><img loading=\"lazy\" decoding=\"async\" width=\"2560\" height=\"1456\" src=\"https:\/\/www.berylline.fi\/wp-content\/uploads\/2025\/04\/muokattu-scaled.jpeg\" alt=\"\" class=\"wp-image-4853\" srcset=\"https:\/\/www.berylline.fi\/wp-content\/uploads\/2025\/04\/muokattu-scaled.jpeg 2560w, https:\/\/www.berylline.fi\/wp-content\/uploads\/2025\/04\/muokattu-250x142.jpeg 250w, https:\/\/www.berylline.fi\/wp-content\/uploads\/2025\/04\/muokattu-600x341.jpeg 600w, https:\/\/www.berylline.fi\/wp-content\/uploads\/2025\/04\/muokattu-1536x874.jpeg 1536w, https:\/\/www.berylline.fi\/wp-content\/uploads\/2025\/04\/muokattu-2048x1165.jpeg 2048w, https:\/\/www.berylline.fi\/wp-content\/uploads\/2025\/04\/muokattu-18x10.jpeg 18w\" sizes=\"auto, (max-width: 2560px) 100vw, 2560px\" \/><\/figure>","protected":false},"excerpt":{"rendered":"<p>Kotia etsiv\u00e4t Ei kotia etsivi\u00e4 t\u00e4ll\u00e4 hetkell\u00e4. Pentusuunnitelmat Silkkivinttikoirat Rusakolle on tulossa pentue vuonna 2026: juoksua odotetaan kev\u00e4\u00e4n aikana. Suunnitelmissa on astuttaa Rusakko Tsaarikon Denaarilla. Pentueen sukutaulu l\u00f6ytyy t\u00e4\u00e4lt\u00e4. Shibat Shiboissa oma jatkoni on t\u00e4ysin auki. Mik\u00e4li etsit shiban pentua, katso Kennelliiton pentulista ja tutki KoiraNet-jalostustietoj\u00e4rjestelm\u00e4\u00e4. Valitse pentu vain yhdistelm\u00e4st\u00e4, joka t\u00e4ytt\u00e4\u00e4 rotuyhdistyksen suositukset. Aiemmat [&hellip;]<\/p>","protected":false},"author":1,"featured_media":0,"parent":0,"menu_order":0,"comment_status":"closed","ping_status":"closed","template":"","meta":{"site-sidebar-layout":"default","site-content-layout":"","ast-site-content-layout":"","site-content-style":"default","site-sidebar-style":"default","ast-global-header-display":"","ast-banner-title-visibility":"","ast-main-header-display":"","ast-hfb-above-header-display":"","ast-hfb-below-header-display":"","ast-hfb-mobile-header-display":"","site-post-title":"","ast-breadcrumbs-content":"","ast-featured-img":"","footer-sml-layout":"","theme-transparent-header-meta":"","adv-header-id-meta":"","stick-header-meta":"","header-above-stick-meta":"","header-main-stick-meta":"","header-below-stick-meta":"","astra-migrate-meta-layouts":"default","ast-page-background-enabled":"default","ast-page-background-meta":{"desktop":{"background-color":"var(--ast-global-color-5)","background-image":"","background-repeat":"repeat","background-position":"center center","background-size":"auto","background-attachment":"scroll","background-type":"","background-media":"","overlay-type":"","overlay-color":"","overlay-opacity":"","overlay-gradient":""},"tablet":{"background-color":"","background-image":"","background-repeat":"repeat","background-position":"center center","background-size":"auto","background-attachment":"scroll","background-type":"","background-media":"","overlay-type":"","overlay-color":"","overlay-opacity":"","overlay-gradient":""},"mobile":{"background-color":"","background-image":"","background-repeat":"repeat","background-position":"center center","background-size":"auto","background-attachment":"scroll","background-type":"","background-media":"","overlay-type":"","overlay-color":"","overlay-opacity":"","overlay-gradient":""}},"ast-content-background-meta":{"desktop":{"background-color":"var(--ast-global-color-4)","background-image":"","background-repeat":"repeat","background-position":"center center","background-size":"auto","background-attachment":"scroll","background-type":"","background-media":"","overlay-type":"","overlay-color":"","overlay-opacity":"","overlay-gradient":""},"tablet":{"background-color":"var(--ast-global-color-4)","background-image":"","background-repeat":"repeat","background-position":"center center","background-size":"auto","background-attachment":"scroll","background-type":"","background-media":"","overlay-type":"","overlay-color":"","overlay-opacity":"","overlay-gradient":""},"mobile":{"background-color":"var(--ast-global-color-4)","background-image":"","background-repeat":"repeat","background-position":"center center","background-size":"auto","background-attachment":"scroll","background-type":"","background-media":"","overlay-type":"","overlay-color":"","overlay-opacity":"","overlay-gradient":""}},"footnotes":""},"class_list":["post-176","page","type-page","status-publish","hentry"],"_links":{"self":[{"href":"https:\/\/www.berylline.fi\/en\/wp-json\/wp\/v2\/pages\/176","targetHints":{"allow":["GET"]}}],"collection":[{"href":"https:\/\/www.berylline.fi\/en\/wp-json\/wp\/v2\/pages"}],"about":[{"href":"https:\/\/www.berylline.fi\/en\/wp-json\/wp\/v2\/types\/page"}],"author":[{"embeddable":true,"href":"https:\/\/www.berylline.fi\/en\/wp-json\/wp\/v2\/users\/1"}],"replies":[{"embeddable":true,"href":"https:\/\/www.berylline.fi\/en\/wp-json\/wp\/v2\/comments?post=176"}],"version-history":[{"count":219,"href":"https:\/\/www.berylline.fi\/en\/wp-json\/wp\/v2\/pages\/176\/revisions"}],"predecessor-version":[{"id":5036,"href":"https:\/\/www.berylline.fi\/en\/wp-json\/wp\/v2\/pages\/176\/revisions\/5036"}],"wp:attachment":[{"href":"https:\/\/www.berylline.fi\/en\/wp-json\/wp\/v2\/media?parent=176"}],"curies":[{"name":"wp","href":"https:\/\/api.w.org\/{rel}","templated":true}]}}