{"id":2877,"date":"2017-09-11T05:41:49","date_gmt":"2017-09-11T05:41:49","guid":{"rendered":"http:\/\/www.berylline.fi\/?page_id=2877"},"modified":"2025-10-13T10:47:08","modified_gmt":"2025-10-13T10:47:08","slug":"mato","status":"publish","type":"page","link":"https:\/\/www.berylline.fi\/en\/espanjanvinttikoirat\/mato\/","title":{"rendered":"Awanata&#8217;s Brezo"},"content":{"rendered":"<div style=\"height:22px\" aria-hidden=\"true\" class=\"wp-block-spacer\"><\/div>\n\n\n\n<h4 class=\"wp-block-heading has-text-align-center\">FI CH NORDJW-17 FIJW-17 FIW-17 Awanata's Brezo<\/h4>\n\n\n\n<h4 class=\"wp-block-heading has-text-align-center\">&#8220;Mato&#8221;<\/h4>\n\n\n\n<p class=\"has-text-align-center\">19.2.2017\u201430.9.2025 | Kasv. Petra Pfenninger, Sveitsi<\/p>\n\n\n\n<div class=\"wp-block-buttons is-content-justification-center is-layout-flex wp-container-core-buttons-is-layout-a89b3969 wp-block-buttons-is-layout-flex\">\n<div class=\"wp-block-button\"><a class=\"wp-block-button__link wp-element-button\" href=\"https:\/\/jalostus.kennelliitto.fi\/frmKoira.aspx?RekNo=FI51218\/17&amp;R=285\" target=\"_blank\" rel=\"noreferrer noopener\">Finnish Kennel Club's breeding database<\/a><\/div>\n\n\n\n<div class=\"wp-block-button\"><a class=\"wp-block-button__link wp-element-button\" href=\"https:\/\/galgoespanol.breedarchive.com\/animal\/view\/awanatas-brezo-fa84ce78-a2e3-4631-bb6c-9f092f05373e\" target=\"_blank\" rel=\"noreferrer noopener\">Pedigree<\/a><\/div>\n<\/div>\n\n\n\n<hr class=\"wp-block-separator has-alpha-channel-opacity is-style-dots\"\/>\n\n\n\n<p class=\"has-text-align-left\">\u00a0Mato, or Worm in Finnish, is my first pedigree Galgo Espa\u00f1ol! I had admired the wire-coated Cocolores Galgos for years, but they weren't exactly growing on trees. I heard that a wire-coat litter was expected in Switzerland, and I reserved a male. That is the tale behind Mato the Galgo, continuing my saga of Spanish sighthounds.<\/p>\n\n\n\n<hr class=\"wp-block-separator has-alpha-channel-opacity is-style-dots\"\/>\n\n\n\n<figure class=\"wp-block-gallery has-nested-images columns-default wp-block-gallery-1 is-layout-flex wp-block-gallery-is-layout-flex\">\n<figure class=\"wp-block-image size-full\"><img loading=\"lazy\" decoding=\"async\" width=\"1833\" height=\"1890\" data-id=\"3012\" src=\"https:\/\/www.berylline.fi\/wp-content\/uploads\/2017\/12\/IMG_1050.jpg\" alt=\"\" class=\"wp-image-3012\" srcset=\"https:\/\/www.berylline.fi\/wp-content\/uploads\/2017\/12\/IMG_1050.jpg 1833w, https:\/\/www.berylline.fi\/wp-content\/uploads\/2017\/12\/IMG_1050-250x258.jpg 250w, https:\/\/www.berylline.fi\/wp-content\/uploads\/2017\/12\/IMG_1050-582x600.jpg 582w\" sizes=\"auto, (max-width: 1833px) 100vw, 1833px\" \/><\/figure>\n\n\n\n<figure class=\"wp-block-image size-full\"><img loading=\"lazy\" decoding=\"async\" width=\"1200\" height=\"942\" data-id=\"3301\" src=\"https:\/\/www.berylline.fi\/wp-content\/uploads\/2019\/10\/Hailuoto-1.jpg\" alt=\"\" class=\"wp-image-3301\" srcset=\"https:\/\/www.berylline.fi\/wp-content\/uploads\/2019\/10\/Hailuoto-1.jpg 1200w, https:\/\/www.berylline.fi\/wp-content\/uploads\/2019\/10\/Hailuoto-1-250x196.jpg 250w, https:\/\/www.berylline.fi\/wp-content\/uploads\/2019\/10\/Hailuoto-1-600x471.jpg 600w\" sizes=\"auto, (max-width: 1200px) 100vw, 1200px\" \/><\/figure>\n\n\n\n<figure class=\"wp-block-image size-full\"><img loading=\"lazy\" decoding=\"async\" width=\"1200\" height=\"800\" data-id=\"3015\" src=\"https:\/\/www.berylline.fi\/wp-content\/uploads\/2017\/12\/IMG_1271.jpg\" alt=\"\" class=\"wp-image-3015\" srcset=\"https:\/\/www.berylline.fi\/wp-content\/uploads\/2017\/12\/IMG_1271.jpg 1200w, https:\/\/www.berylline.fi\/wp-content\/uploads\/2017\/12\/IMG_1271-250x167.jpg 250w, https:\/\/www.berylline.fi\/wp-content\/uploads\/2017\/12\/IMG_1271-600x400.jpg 600w\" sizes=\"auto, (max-width: 1200px) 100vw, 1200px\" \/><\/figure>\n\n\n\n<figure class=\"wp-block-image size-full\"><img loading=\"lazy\" decoding=\"async\" width=\"960\" height=\"715\" data-id=\"2844\" src=\"https:\/\/www.berylline.fi\/wp-content\/uploads\/2017\/09\/Mato7kk1small.jpg\" alt=\"\" class=\"wp-image-2844\" srcset=\"https:\/\/www.berylline.fi\/wp-content\/uploads\/2017\/09\/Mato7kk1small.jpg 960w, https:\/\/www.berylline.fi\/wp-content\/uploads\/2017\/09\/Mato7kk1small-250x186.jpg 250w, https:\/\/www.berylline.fi\/wp-content\/uploads\/2017\/09\/Mato7kk1small-600x447.jpg 600w\" sizes=\"auto, (max-width: 960px) 100vw, 960px\" \/><\/figure>\n\n\n\n<figure class=\"wp-block-image size-full\"><img loading=\"lazy\" decoding=\"async\" width=\"1200\" height=\"800\" data-id=\"2839\" src=\"https:\/\/www.berylline.fi\/wp-content\/uploads\/2017\/09\/4kk4.jpg\" alt=\"\" class=\"wp-image-2839\" srcset=\"https:\/\/www.berylline.fi\/wp-content\/uploads\/2017\/09\/4kk4.jpg 1200w, https:\/\/www.berylline.fi\/wp-content\/uploads\/2017\/09\/4kk4-250x167.jpg 250w, https:\/\/www.berylline.fi\/wp-content\/uploads\/2017\/09\/4kk4-600x400.jpg 600w\" sizes=\"auto, (max-width: 1200px) 100vw, 1200px\" \/><\/figure>\n\n\n\n<figure class=\"wp-block-image size-full\"><img loading=\"lazy\" decoding=\"async\" width=\"1200\" height=\"800\" data-id=\"2838\" src=\"https:\/\/www.berylline.fi\/wp-content\/uploads\/2017\/09\/4kk2.jpg\" alt=\"\" class=\"wp-image-2838\" srcset=\"https:\/\/www.berylline.fi\/wp-content\/uploads\/2017\/09\/4kk2.jpg 1200w, https:\/\/www.berylline.fi\/wp-content\/uploads\/2017\/09\/4kk2-250x167.jpg 250w, https:\/\/www.berylline.fi\/wp-content\/uploads\/2017\/09\/4kk2-600x400.jpg 600w\" sizes=\"auto, (max-width: 1200px) 100vw, 1200px\" \/><\/figure>\n<\/figure>","protected":false},"excerpt":{"rendered":"<p>FI MVA PMJV-17 FIJV-17 V-17 Awanata&#8217;s Brezo &#8220;Mato&#8221; 19.2.2017\u201430.9.2025 | Kasv. Petra Pfenninger, Sveitsi \u00a0Mato Matala, Mr. Slytherin, on ensimm\u00e4inen rotuespanjanvinttikoirani! Olin ihaillut karkeakarvaisia Cocolores-koiria jo kauan, mutta sellaisia ei ollut kovin paljon tarjolla. Kuulin, ett\u00e4 Sveitsiin oli tulossa kahden karkeakarvaisen yhdistelm\u00e4, ja varasin yhdistelm\u00e4st\u00e4 pennun. Niin saapui persoonallinen Mato-koira, jonka nimi jatkaa espanjalaisten vinttikoirien [&hellip;]<\/p>","protected":false},"author":1,"featured_media":0,"parent":3072,"menu_order":0,"comment_status":"closed","ping_status":"closed","template":"","meta":{"site-sidebar-layout":"default","site-content-layout":"","ast-site-content-layout":"","site-content-style":"default","site-sidebar-style":"default","ast-global-header-display":"","ast-banner-title-visibility":"","ast-main-header-display":"","ast-hfb-above-header-display":"","ast-hfb-below-header-display":"","ast-hfb-mobile-header-display":"","site-post-title":"","ast-breadcrumbs-content":"","ast-featured-img":"","footer-sml-layout":"","theme-transparent-header-meta":"","adv-header-id-meta":"","stick-header-meta":"","header-above-stick-meta":"","header-main-stick-meta":"","header-below-stick-meta":"","astra-migrate-meta-layouts":"default","ast-page-background-enabled":"default","ast-page-background-meta":{"desktop":{"background-color":"var(--ast-global-color-5)","background-image":"","background-repeat":"repeat","background-position":"center center","background-size":"auto","background-attachment":"scroll","background-type":"","background-media":"","overlay-type":"","overlay-color":"","overlay-opacity":"","overlay-gradient":""},"tablet":{"background-color":"","background-image":"","background-repeat":"repeat","background-position":"center center","background-size":"auto","background-attachment":"scroll","background-type":"","background-media":"","overlay-type":"","overlay-color":"","overlay-opacity":"","overlay-gradient":""},"mobile":{"background-color":"","background-image":"","background-repeat":"repeat","background-position":"center center","background-size":"auto","background-attachment":"scroll","background-type":"","background-media":"","overlay-type":"","overlay-color":"","overlay-opacity":"","overlay-gradient":""}},"ast-content-background-meta":{"desktop":{"background-color":"var(--ast-global-color-4)","background-image":"","background-repeat":"repeat","background-position":"center center","background-size":"auto","background-attachment":"scroll","background-type":"","background-media":"","overlay-type":"","overlay-color":"","overlay-opacity":"","overlay-gradient":""},"tablet":{"background-color":"var(--ast-global-color-4)","background-image":"","background-repeat":"repeat","background-position":"center center","background-size":"auto","background-attachment":"scroll","background-type":"","background-media":"","overlay-type":"","overlay-color":"","overlay-opacity":"","overlay-gradient":""},"mobile":{"background-color":"var(--ast-global-color-4)","background-image":"","background-repeat":"repeat","background-position":"center center","background-size":"auto","background-attachment":"scroll","background-type":"","background-media":"","overlay-type":"","overlay-color":"","overlay-opacity":"","overlay-gradient":""}},"footnotes":""},"class_list":["post-2877","page","type-page","status-publish","hentry"],"_links":{"self":[{"href":"https:\/\/www.berylline.fi\/en\/wp-json\/wp\/v2\/pages\/2877","targetHints":{"allow":["GET"]}}],"collection":[{"href":"https:\/\/www.berylline.fi\/en\/wp-json\/wp\/v2\/pages"}],"about":[{"href":"https:\/\/www.berylline.fi\/en\/wp-json\/wp\/v2\/types\/page"}],"author":[{"embeddable":true,"href":"https:\/\/www.berylline.fi\/en\/wp-json\/wp\/v2\/users\/1"}],"replies":[{"embeddable":true,"href":"https:\/\/www.berylline.fi\/en\/wp-json\/wp\/v2\/comments?post=2877"}],"version-history":[{"count":18,"href":"https:\/\/www.berylline.fi\/en\/wp-json\/wp\/v2\/pages\/2877\/revisions"}],"predecessor-version":[{"id":4913,"href":"https:\/\/www.berylline.fi\/en\/wp-json\/wp\/v2\/pages\/2877\/revisions\/4913"}],"up":[{"embeddable":true,"href":"https:\/\/www.berylline.fi\/en\/wp-json\/wp\/v2\/pages\/3072"}],"wp:attachment":[{"href":"https:\/\/www.berylline.fi\/en\/wp-json\/wp\/v2\/media?parent=2877"}],"curies":[{"name":"wp","href":"https:\/\/api.w.org\/{rel}","templated":true}]}}