{"id":3434,"date":"2021-01-22T10:53:59","date_gmt":"2021-01-22T10:53:59","guid":{"rendered":"http:\/\/www.berylline.fi\/?page_id=3434"},"modified":"2025-11-04T12:06:51","modified_gmt":"2025-11-04T12:06:51","slug":"shibel","status":"publish","type":"page","link":"https:\/\/www.berylline.fi\/en\/shibel\/","title":{"rendered":"Red Mary&#8217;s Amber Shine"},"content":{"rendered":"<div style=\"height:44px\" aria-hidden=\"true\" class=\"wp-block-spacer\"><\/div>\n\n\n\n<h4 class=\"wp-block-heading has-text-align-center\">C.I.B FI SE NO MVA Red Mary&#8217;s Amber Shine<\/h4>\n\n\n\n<h4 class=\"wp-block-heading has-text-align-center\">&#8220;Shibel&#8221;<\/h4>\n\n\n\n<p class=\"has-text-align-center\">DOB 6\/2020 | Bred by Marina Sazhneva, Russia<br>a<sup>y<\/sup>a<sup>t<\/sup> Ee, GM1 GM2 N\/N   |   38 cm<\/p>\n\n\n\n<div class=\"wp-block-buttons is-content-justification-center is-layout-flex wp-container-core-buttons-is-layout-a89b3969 wp-block-buttons-is-layout-flex\">\n<div class=\"wp-block-button\"><a class=\"wp-block-button__link wp-element-button\" href=\"https:\/\/jalostus.kennelliitto.fi\/frmKoira.aspx?RekNo=FI18353\/22&amp;R=257\" target=\"_blank\" rel=\"noreferrer noopener\">Finnish Kennel Club's breeding database<\/a><\/div>\n\n\n\n<div class=\"wp-block-button\"><a class=\"wp-block-button__link wp-element-button\" href=\"https:\/\/www.shibapedigree.com\/details.php?id=83095\" target=\"_blank\" rel=\"noreferrer noopener\">Pedigree<\/a><\/div>\n<\/div>\n\n\n\n<figure class=\"wp-block-image size-full\"><img loading=\"lazy\" decoding=\"async\" width=\"2560\" height=\"1280\" src=\"https:\/\/www.berylline.fi\/wp-content\/uploads\/2025\/02\/Shibel4000-scaled.jpg\" alt=\"\" class=\"wp-image-4280\" srcset=\"https:\/\/www.berylline.fi\/wp-content\/uploads\/2025\/02\/Shibel4000-scaled.jpg 2560w, https:\/\/www.berylline.fi\/wp-content\/uploads\/2025\/02\/Shibel4000-250x125.jpg 250w, https:\/\/www.berylline.fi\/wp-content\/uploads\/2025\/02\/Shibel4000-600x300.jpg 600w, https:\/\/www.berylline.fi\/wp-content\/uploads\/2025\/02\/Shibel4000-1536x768.jpg 1536w, https:\/\/www.berylline.fi\/wp-content\/uploads\/2025\/02\/Shibel4000-2048x1024.jpg 2048w, https:\/\/www.berylline.fi\/wp-content\/uploads\/2025\/02\/Shibel4000-18x9.jpg 18w\" sizes=\"auto, (max-width: 2560px) 100vw, 2560px\" \/><\/figure>\n\n\n\n<hr class=\"wp-block-separator has-alpha-channel-opacity is-style-dots\"\/>\n\n\n\n<p class=\"has-text-align-left\">After some downs in my Italian Greyhound breeding in 2018, I had basically lost all my interest in dogs. In 2019, I attended the Finnish winner shows in December. I was sitting by the Shiba ring and noticed a really nice female in open class. Later I found out it was Faiter Roxy Star, and I contacted the owner in Russia for a female puppy. In June 2020 the litter arrived, but there was only one female which the breeder kept. So I ended up with a male instead! Shibel turned out a great dog both in appearance, character and health, and hope he passes those features to his offspring one day. He finished his international champion title in 7 shows being best male in 6 shows.<\/p>\n\n\n\n<hr class=\"wp-block-separator has-alpha-channel-opacity is-style-dots\"\/>\n\n\n\n<figure class=\"wp-block-gallery has-nested-images columns-2 wp-block-gallery-1 is-layout-flex wp-block-gallery-is-layout-flex\">\n<figure class=\"wp-block-image size-large\"><img loading=\"lazy\" decoding=\"async\" width=\"600\" height=\"437\" data-id=\"3694\" src=\"https:\/\/www.berylline.fi\/wp-content\/uploads\/2022\/11\/Shibel4-600x437.jpg\" alt=\"\" class=\"wp-image-3694\" srcset=\"https:\/\/www.berylline.fi\/wp-content\/uploads\/2022\/11\/Shibel4-600x437.jpg 600w, https:\/\/www.berylline.fi\/wp-content\/uploads\/2022\/11\/Shibel4-250x182.jpg 250w, https:\/\/www.berylline.fi\/wp-content\/uploads\/2022\/11\/Shibel4.jpg 1500w\" sizes=\"auto, (max-width: 600px) 100vw, 600px\" \/><\/figure>\n\n\n\n<figure class=\"wp-block-image size-large\"><img loading=\"lazy\" decoding=\"async\" width=\"600\" height=\"466\" data-id=\"3474\" src=\"https:\/\/www.berylline.fi\/wp-content\/uploads\/2022\/10\/Shibel_2yrs-600x466.jpeg\" alt=\"\" class=\"wp-image-3474\" srcset=\"https:\/\/www.berylline.fi\/wp-content\/uploads\/2022\/10\/Shibel_2yrs-600x466.jpeg 600w, https:\/\/www.berylline.fi\/wp-content\/uploads\/2022\/10\/Shibel_2yrs-250x194.jpeg 250w, https:\/\/www.berylline.fi\/wp-content\/uploads\/2022\/10\/Shibel_2yrs.jpeg 1643w\" sizes=\"auto, (max-width: 600px) 100vw, 600px\" \/><\/figure>\n\n\n\n<figure class=\"wp-block-image size-large\"><img loading=\"lazy\" decoding=\"async\" width=\"556\" height=\"600\" data-id=\"4893\" src=\"https:\/\/www.berylline.fi\/wp-content\/uploads\/2025\/08\/IG8S3859_med-556x600.jpg\" alt=\"\" class=\"wp-image-4893\" srcset=\"https:\/\/www.berylline.fi\/wp-content\/uploads\/2025\/08\/IG8S3859_med-556x600.jpg 556w, https:\/\/www.berylline.fi\/wp-content\/uploads\/2025\/08\/IG8S3859_med-250x270.jpg 250w, https:\/\/www.berylline.fi\/wp-content\/uploads\/2025\/08\/IG8S3859_med-11x12.jpg 11w, https:\/\/www.berylline.fi\/wp-content\/uploads\/2025\/08\/IG8S3859_med.jpg 1000w\" sizes=\"auto, (max-width: 556px) 100vw, 556px\" \/><\/figure>\n\n\n\n<figure class=\"wp-block-image size-large\"><img loading=\"lazy\" decoding=\"async\" width=\"600\" height=\"403\" data-id=\"3435\" src=\"https:\/\/www.berylline.fi\/wp-content\/uploads\/2021\/01\/redmarysambershine_6months-600x403.jpeg\" alt=\"\" class=\"wp-image-3435\" srcset=\"https:\/\/www.berylline.fi\/wp-content\/uploads\/2021\/01\/redmarysambershine_6months-600x403.jpeg 600w, https:\/\/www.berylline.fi\/wp-content\/uploads\/2021\/01\/redmarysambershine_6months-250x168.jpeg 250w, https:\/\/www.berylline.fi\/wp-content\/uploads\/2021\/01\/redmarysambershine_6months.jpeg 1177w\" sizes=\"auto, (max-width: 600px) 100vw, 600px\" \/><\/figure>\n\n\n\n<figure class=\"wp-block-image size-large\"><img loading=\"lazy\" decoding=\"async\" width=\"513\" height=\"600\" data-id=\"3748\" src=\"https:\/\/www.berylline.fi\/wp-content\/uploads\/2023\/08\/tromso-513x600.jpg\" alt=\"\" class=\"wp-image-3748\" srcset=\"https:\/\/www.berylline.fi\/wp-content\/uploads\/2023\/08\/tromso-513x600.jpg 513w, https:\/\/www.berylline.fi\/wp-content\/uploads\/2023\/08\/tromso-250x292.jpg 250w, https:\/\/www.berylline.fi\/wp-content\/uploads\/2023\/08\/tromso.jpg 1259w\" sizes=\"auto, (max-width: 513px) 100vw, 513px\" \/><\/figure>\n<\/figure>","protected":false},"excerpt":{"rendered":"<p>C.I.B FI SE NO MVA Red Mary&#8217;s Amber Shine &#8220;Shibel&#8221; Synt. 6\/2020 | Kasv. Marina Sazhneva, Ven\u00e4j\u00e4ayat Ee, GM1 GM2 N\/N | 38 cm Katastrofaalisen italiaanoharrastusvuoden 2018 j\u00e4lkeen tuntui, ett\u00e4 t\u00e4m\u00e4 on nyt t\u00e4ss\u00e4. El\u00e4m\u00e4ss\u00e4 tapahtui suuria muutoksia, ja mielsin italiaanot osaksi mennytt\u00e4. Vuosia aiemmin olin sanonut, ett\u00e4 jos haluaisin kasvattaa jotain toista rotua, olisi [&hellip;]<\/p>","protected":false},"author":1,"featured_media":0,"parent":0,"menu_order":0,"comment_status":"closed","ping_status":"closed","template":"","meta":{"site-sidebar-layout":"default","site-content-layout":"","ast-site-content-layout":"","site-content-style":"default","site-sidebar-style":"default","ast-global-header-display":"","ast-banner-title-visibility":"","ast-main-header-display":"","ast-hfb-above-header-display":"","ast-hfb-below-header-display":"","ast-hfb-mobile-header-display":"","site-post-title":"","ast-breadcrumbs-content":"","ast-featured-img":"","footer-sml-layout":"","theme-transparent-header-meta":"","adv-header-id-meta":"","stick-header-meta":"","header-above-stick-meta":"","header-main-stick-meta":"","header-below-stick-meta":"","astra-migrate-meta-layouts":"default","ast-page-background-enabled":"default","ast-page-background-meta":{"desktop":{"background-color":"var(--ast-global-color-5)","background-image":"","background-repeat":"repeat","background-position":"center center","background-size":"auto","background-attachment":"scroll","background-type":"","background-media":"","overlay-type":"","overlay-color":"","overlay-opacity":"","overlay-gradient":""},"tablet":{"background-color":"","background-image":"","background-repeat":"repeat","background-position":"center center","background-size":"auto","background-attachment":"scroll","background-type":"","background-media":"","overlay-type":"","overlay-color":"","overlay-opacity":"","overlay-gradient":""},"mobile":{"background-color":"","background-image":"","background-repeat":"repeat","background-position":"center center","background-size":"auto","background-attachment":"scroll","background-type":"","background-media":"","overlay-type":"","overlay-color":"","overlay-opacity":"","overlay-gradient":""}},"ast-content-background-meta":{"desktop":{"background-color":"var(--ast-global-color-4)","background-image":"","background-repeat":"repeat","background-position":"center center","background-size":"auto","background-attachment":"scroll","background-type":"","background-media":"","overlay-type":"","overlay-color":"","overlay-opacity":"","overlay-gradient":""},"tablet":{"background-color":"var(--ast-global-color-4)","background-image":"","background-repeat":"repeat","background-position":"center center","background-size":"auto","background-attachment":"scroll","background-type":"","background-media":"","overlay-type":"","overlay-color":"","overlay-opacity":"","overlay-gradient":""},"mobile":{"background-color":"var(--ast-global-color-4)","background-image":"","background-repeat":"repeat","background-position":"center center","background-size":"auto","background-attachment":"scroll","background-type":"","background-media":"","overlay-type":"","overlay-color":"","overlay-opacity":"","overlay-gradient":""}},"footnotes":""},"class_list":["post-3434","page","type-page","status-publish","hentry"],"_links":{"self":[{"href":"https:\/\/www.berylline.fi\/en\/wp-json\/wp\/v2\/pages\/3434","targetHints":{"allow":["GET"]}}],"collection":[{"href":"https:\/\/www.berylline.fi\/en\/wp-json\/wp\/v2\/pages"}],"about":[{"href":"https:\/\/www.berylline.fi\/en\/wp-json\/wp\/v2\/types\/page"}],"author":[{"embeddable":true,"href":"https:\/\/www.berylline.fi\/en\/wp-json\/wp\/v2\/users\/1"}],"replies":[{"embeddable":true,"href":"https:\/\/www.berylline.fi\/en\/wp-json\/wp\/v2\/comments?post=3434"}],"version-history":[{"count":52,"href":"https:\/\/www.berylline.fi\/en\/wp-json\/wp\/v2\/pages\/3434\/revisions"}],"predecessor-version":[{"id":4944,"href":"https:\/\/www.berylline.fi\/en\/wp-json\/wp\/v2\/pages\/3434\/revisions\/4944"}],"wp:attachment":[{"href":"https:\/\/www.berylline.fi\/en\/wp-json\/wp\/v2\/media?parent=3434"}],"curies":[{"name":"wp","href":"https:\/\/api.w.org\/{rel}","templated":true}]}}