{"id":3586,"date":"2022-10-14T13:07:22","date_gmt":"2022-10-14T13:07:22","guid":{"rendered":"https:\/\/www.berylline.fi\/?page_id=3586"},"modified":"2025-02-23T14:03:26","modified_gmt":"2025-02-23T14:03:26","slug":"eirtae-forum-romanum","status":"publish","type":"page","link":"https:\/\/www.berylline.fi\/en\/eirtae-forum-romanum\/","title":{"rendered":"Eirtae Forum Romanum"},"content":{"rendered":"<div style=\"height:22px\" aria-hidden=\"true\" class=\"wp-block-spacer\"><\/div>\n\n\n\n<h4 class=\"wp-block-heading has-text-align-center\">Eirtae Forum Romanum<\/h4>\n\n\n\n<h4 class=\"wp-block-heading has-text-align-center\">&#8220;Tirppa&#8221;<\/h4>\n\n\n\n<p class=\"has-text-align-center\">1\/18\u20148\/18 | Bred by Karolina Szymanska, Poland | Owned by Hanna Heikkinen<\/p>\n\n\n\n<div class=\"wp-block-buttons is-content-justification-center is-layout-flex wp-container-core-buttons-is-layout-a89b3969 wp-block-buttons-is-layout-flex\">\n<div class=\"wp-block-button\"><a class=\"wp-block-button__link wp-element-button\" href=\"https:\/\/italiangreyhound.breedarchive.com\/animal\/view\/eirtae-forum-romanum-2a6845b2-382a-4471-8299-921f56b7b274\" target=\"_blank\" rel=\"noreferrer noopener\">Pedigree<\/a><\/div>\n<\/div>\n\n\n\n<hr class=\"wp-block-separator has-alpha-channel-opacity is-style-dots\"\/>\n\n\n\n<p class=\"has-text-align-left\">After the tragic passing of Mango, her breeder offered another female puppy from the same combination. Tirppa moved to Espoo to live with Hanna and her Italian Greyhounds. However, she broke her front leg twice and after the second break it could not be fixed anymore.<\/p>\n\n\n\n<hr class=\"wp-block-separator has-alpha-channel-opacity is-style-dots\"\/>\n\n\n\n<figure class=\"wp-block-image aligncenter size-full\"><img loading=\"lazy\" decoding=\"async\" width=\"1511\" height=\"1511\" src=\"https:\/\/www.berylline.fi\/wp-content\/uploads\/2022\/10\/eirtae-edited.jpg\" alt=\"\" class=\"wp-image-3588\" srcset=\"https:\/\/www.berylline.fi\/wp-content\/uploads\/2022\/10\/eirtae-edited.jpg 1511w, https:\/\/www.berylline.fi\/wp-content\/uploads\/2022\/10\/eirtae-edited-250x250.jpg 250w, https:\/\/www.berylline.fi\/wp-content\/uploads\/2022\/10\/eirtae-edited-600x600.jpg 600w, https:\/\/www.berylline.fi\/wp-content\/uploads\/2022\/10\/eirtae-edited-150x150.jpg 150w\" sizes=\"auto, (max-width: 1511px) 100vw, 1511px\" \/><\/figure>","protected":false},"excerpt":{"rendered":"<p>Eirtae Forum Romanum &#8220;Tirppa&#8221; 1\/18-8\/18 | Kasv. Karolina Szymanska, Puola | Om. Hanna Heikkinen Kasvattaja Karolina tarjosi narttupentua samasta yhdistelm\u00e4st\u00e4 Mangon tapaturmaisen kuoleman j\u00e4lkeen. Tirppa muutti Espooseen Hanna Heikkisen laumaan, mutta pian saapumisen j\u00e4lkeen sill\u00e4 jo murtui toinen etujalka. Hentorakenteinen Tirppa leikattiin, kuntoutettiin, kunnes muutama kuukausi my\u00f6hemmin sill\u00e4 murtui jalka uudelleen, eik\u00e4 sit\u00e4 sill\u00e4 kertaa [&hellip;]<\/p>","protected":false},"author":1,"featured_media":0,"parent":0,"menu_order":0,"comment_status":"closed","ping_status":"closed","template":"","meta":{"site-sidebar-layout":"default","site-content-layout":"","ast-site-content-layout":"","site-content-style":"default","site-sidebar-style":"default","ast-global-header-display":"","ast-banner-title-visibility":"","ast-main-header-display":"","ast-hfb-above-header-display":"","ast-hfb-below-header-display":"","ast-hfb-mobile-header-display":"","site-post-title":"","ast-breadcrumbs-content":"","ast-featured-img":"","footer-sml-layout":"","theme-transparent-header-meta":"","adv-header-id-meta":"","stick-header-meta":"","header-above-stick-meta":"","header-main-stick-meta":"","header-below-stick-meta":"","astra-migrate-meta-layouts":"default","ast-page-background-enabled":"default","ast-page-background-meta":{"desktop":{"background-color":"var(--ast-global-color-5)","background-image":"","background-repeat":"repeat","background-position":"center center","background-size":"auto","background-attachment":"scroll","background-type":"","background-media":"","overlay-type":"","overlay-color":"","overlay-opacity":"","overlay-gradient":""},"tablet":{"background-color":"","background-image":"","background-repeat":"repeat","background-position":"center center","background-size":"auto","background-attachment":"scroll","background-type":"","background-media":"","overlay-type":"","overlay-color":"","overlay-opacity":"","overlay-gradient":""},"mobile":{"background-color":"","background-image":"","background-repeat":"repeat","background-position":"center center","background-size":"auto","background-attachment":"scroll","background-type":"","background-media":"","overlay-type":"","overlay-color":"","overlay-opacity":"","overlay-gradient":""}},"ast-content-background-meta":{"desktop":{"background-color":"var(--ast-global-color-4)","background-image":"","background-repeat":"repeat","background-position":"center center","background-size":"auto","background-attachment":"scroll","background-type":"","background-media":"","overlay-type":"","overlay-color":"","overlay-opacity":"","overlay-gradient":""},"tablet":{"background-color":"var(--ast-global-color-4)","background-image":"","background-repeat":"repeat","background-position":"center center","background-size":"auto","background-attachment":"scroll","background-type":"","background-media":"","overlay-type":"","overlay-color":"","overlay-opacity":"","overlay-gradient":""},"mobile":{"background-color":"var(--ast-global-color-4)","background-image":"","background-repeat":"repeat","background-position":"center center","background-size":"auto","background-attachment":"scroll","background-type":"","background-media":"","overlay-type":"","overlay-color":"","overlay-opacity":"","overlay-gradient":""}},"footnotes":""},"class_list":["post-3586","page","type-page","status-publish","hentry"],"_links":{"self":[{"href":"https:\/\/www.berylline.fi\/en\/wp-json\/wp\/v2\/pages\/3586","targetHints":{"allow":["GET"]}}],"collection":[{"href":"https:\/\/www.berylline.fi\/en\/wp-json\/wp\/v2\/pages"}],"about":[{"href":"https:\/\/www.berylline.fi\/en\/wp-json\/wp\/v2\/types\/page"}],"author":[{"embeddable":true,"href":"https:\/\/www.berylline.fi\/en\/wp-json\/wp\/v2\/users\/1"}],"replies":[{"embeddable":true,"href":"https:\/\/www.berylline.fi\/en\/wp-json\/wp\/v2\/comments?post=3586"}],"version-history":[{"count":6,"href":"https:\/\/www.berylline.fi\/en\/wp-json\/wp\/v2\/pages\/3586\/revisions"}],"predecessor-version":[{"id":4524,"href":"https:\/\/www.berylline.fi\/en\/wp-json\/wp\/v2\/pages\/3586\/revisions\/4524"}],"wp:attachment":[{"href":"https:\/\/www.berylline.fi\/en\/wp-json\/wp\/v2\/media?parent=3586"}],"curies":[{"name":"wp","href":"https:\/\/api.w.org\/{rel}","templated":true}]}}