{"id":103,"date":"2012-05-15T18:59:31","date_gmt":"2012-05-15T18:59:31","guid":{"rendered":"http:\/\/www.berylline.fi\/test\/?page_id=103"},"modified":"2025-02-28T14:27:23","modified_gmt":"2025-02-28T14:27:23","slug":"kumma","status":"publish","type":"page","link":"https:\/\/www.berylline.fi\/fi\/kumma\/","title":{"rendered":"Pumpkin Hilde"},"content":{"rendered":"\n<div style=\"height:22px\" aria-hidden=\"true\" class=\"wp-block-spacer\"><\/div>\n\n\n\n<h4 class=\"wp-block-heading has-text-align-center\">FIN SWE MVA Pumpkin Hilde<\/h4>\n\n\n\n<h4 class=\"wp-block-heading has-text-align-center\">&#8220;Kumma&#8221;<\/h4>\n\n\n\n<p class=\"has-text-align-center\">15.11.2004\u201413.2.2007 | Kasv. Anja Valapuro<\/p>\n\n\n\n<div class=\"wp-block-buttons is-content-justification-center is-layout-flex wp-container-core-buttons-is-layout-a89b3969 wp-block-buttons-is-layout-flex\">\n<div class=\"wp-block-button\"><a class=\"wp-block-button__link wp-element-button\" href=\"http:\/\/jalostus.kennelliitto.fi\/frmKoira.aspx?RekNo=FIN52404\/04&amp;R=200\" target=\"_blank\" rel=\"noreferrer noopener\">KoiraNet<\/a><\/div>\n\n\n\n<div class=\"wp-block-button\"><a class=\"wp-block-button__link wp-element-button\" href=\"https:\/\/italiangreyhound.breedarchive.com\/animal\/view\/32447\" target=\"_blank\" rel=\"noreferrer noopener\">Pedigree<\/a><\/div>\n<\/div>\n\n\n\n<figure class=\"wp-block-image aligncenter\"><a href=\"http:\/\/www.berylline.fi\/wp-content\/uploads\/2012\/05\/Kumma2med.jpg\" rel=\"lightbox\"><img loading=\"lazy\" decoding=\"async\" width=\"1200\" height=\"957\" src=\"http:\/\/www.berylline.fi\/wp-content\/uploads\/2012\/05\/Kumma2med.jpg\" alt=\"Kumma2med\" class=\"wp-image-1556\" title=\"Kumma 5 vuotta\" srcset=\"https:\/\/www.berylline.fi\/wp-content\/uploads\/2012\/05\/Kumma2med.jpg 1200w, https:\/\/www.berylline.fi\/wp-content\/uploads\/2012\/05\/Kumma2med-250x199.jpg 250w, https:\/\/www.berylline.fi\/wp-content\/uploads\/2012\/05\/Kumma2med-600x479.jpg 600w\" sizes=\"auto, (max-width: 1200px) 100vw, 1200px\" \/><\/a><\/figure>\n\n\n\n<hr class=\"wp-block-separator has-alpha-channel-opacity is-style-dots\"\/>\n\n\n\n<p class=\"has-text-align-left\">Kev\u00e4\u00e4ll\u00e4 2004 olin lukion kolmannella ja tiesin muuttavani kotoa seuraavana syksyn\u00e4. Minulla oli yksi ainoa tavoite: oman koiran hankinta heti, kun mahdollista. En ollut koskaan saanut koiraa, ja osasin koirarotukirjan rodut ulkoa. Lukulomalla olin Kuusankoskella. Jotenkin mieleeni olivat j\u00e4\u00e4neet koirarotukirjan harmaat Taikatyt\u00f6n italianvinttikoirat, ja olin selvitt\u00e4nyt, ett\u00e4 Kuusankoskella oli kasvattaja. K\u00e4vin k\u00e4velem\u00e4ss\u00e4 Keltintiell\u00e4 toivoen n\u00e4kev\u00e4ni vilauksen n\u00e4ist\u00e4 koirista. Kev\u00e4t oli jo aika pitk\u00e4ll\u00e4, ja aurinko l\u00e4mmitti. En tiennyt tarkkaa osoitetta, ja mietin, ett\u00e4 mist\u00e4 mahtaisin tunnistaa oikean talon. Tien oikealla puolella avautui piha, jota ymp\u00e4r\u00f6i verkkoaita. Vaikutin ilmeisen ep\u00e4ilytt\u00e4v\u00e4lt\u00e4, sill\u00e4 kului hetki, ja talon sis\u00e4lt\u00e4 juoksi aidalle nelj\u00e4 koiraa: bokseri, bostoninterrieri ja kaksi mustaa todella oudon n\u00e4k\u00f6ist\u00e4 koiraa. Niill\u00e4 oli mielett\u00f6m\u00e4n ohuet jalat ja pienet p\u00e4\u00e4t: kuin koruja! Jatkoin matkaani, ja n\u00e4m\u00e4 mustat pienet koirat j\u00e4iv\u00e4t mieleeni. My\u00f6hemmin selvisi, ett\u00e4 ne olivat nimelt\u00e4\u00e4n Ma Baker&#8217;s Italian Itself ja Pumpkin Gisella: Anja Valapuron italiaanokasvatuksen alku.<\/p>\n\n\n\n<p class=\"has-text-align-left\">Kes\u00e4ll\u00e4 2004 k\u00e4vin ensimm\u00e4ist\u00e4 kertaa koiran\u00e4yttelyss\u00e4 Rovaniemell\u00e4 toivoen, ett\u00e4 siell\u00e4 olisi n\u00e4it\u00e4 erikoisia koiria esill\u00e4. Taivastellessani koirapaljoutta my\u00f6h\u00e4styin varsinaisesta italianvinttikoirien arvostelusta, mutta n\u00e4in et\u00e4\u00e4lt\u00e4 hienoimman v\u00e4risen koskaan n\u00e4kem\u00e4ni italianvinttikoiran: se oli punainen ruotsalainen uros Exess Verdi.<\/p>\n\n\n\n<p class=\"has-text-align-left\">Selasin koko kes\u00e4n ja syksyn koirakirjoja ja k\u00e4vin tutustumassa lukuisiin rotuihin. Minulla ei ollut mit\u00e4\u00e4n ideaa, millaista koiraa olin etsim\u00e4ss\u00e4, koska pidin niist\u00e4 kaikista. Loppuvuodesta 2004 n\u00e4in, ett\u00e4 Kuusankoskelle oli syntynyt kaksi italianvinttikoirapentuetta ja yksi skyenterrieripentue. Olin ihastunut hopeanharmaaseen ceskyterrieriin jo aiemmin, mutta niiden saatavuus oli todella heikko siihen aikaan. K\u00e4vin katsomassa molempia pentueita, ja p\u00e4\u00e4t\u00f6ksen rodusta teki silloinen poikayst\u00e4v\u00e4ni. Niin minulle tuli ensimm\u00e4inen italiaano Pumpkin Hilde eli Kumma loppiaisena 2005.<\/p>\n\n\n\n<p class=\"has-text-align-left\">Aikuisuuden kynnyksell\u00e4 kaikki oli aluksi opettelua, mutta kai siit\u00e4 jotenkin selvittiin. Nopeasti her\u00e4si kiinnostus kasvatukseen, ja k\u00e4vin kasvattajakurssin vuonna 2005. Kummalle syntyi vain kaksi pentuetta, ja harmiksi linja ei saanut jatkoa. Kumma eli terveen\u00e4 koko el\u00e4m\u00e4ns\u00e4 loppuajan syd\u00e4nvaivoja lukuun ottamatta. Se oli luonteeltaan ihastuttava, ja sai elinaikanaan useammankin ihmisen ottamaan italiaanon ensivaikutelman perusteella.<\/p>\n\n\n\n<hr class=\"wp-block-separator has-alpha-channel-opacity is-style-dots\"\/>\n\n\n\n<p class=\"has-text-align-center\"><\/p>\n\n\n\n<p class=\"has-text-align-center\">&nbsp;<\/p>\n\n\n\n<figure class=\"wp-block-image aligncenter\"><a href=\"http:\/\/www.berylline.fi\/wp-content\/uploads\/2012\/05\/Pose2_bwmed.jpg\" rel=\"lightbox\"><img loading=\"lazy\" decoding=\"async\" width=\"1200\" height=\"800\" src=\"http:\/\/www.berylline.fi\/wp-content\/uploads\/2012\/05\/Pose2_bwmed.jpg\" alt=\"Pose2_bwmed\" class=\"wp-image-1557\" title=\"Kumma 2 vuotta\" srcset=\"https:\/\/www.berylline.fi\/wp-content\/uploads\/2012\/05\/Pose2_bwmed.jpg 1200w, https:\/\/www.berylline.fi\/wp-content\/uploads\/2012\/05\/Pose2_bwmed-250x167.jpg 250w, https:\/\/www.berylline.fi\/wp-content\/uploads\/2012\/05\/Pose2_bwmed-600x400.jpg 600w\" sizes=\"auto, (max-width: 1200px) 100vw, 1200px\" \/><\/a><\/figure>\n\n\n\n<p class=\"has-text-align-center\"><\/p>\n\n\n\n<p class=\"has-text-align-center\">&nbsp;<\/p>\n\n\n\n<figure class=\"wp-block-image aligncenter\"><a href=\"http:\/\/www.berylline.fi\/wp-content\/uploads\/2012\/05\/10days5.jpg\" rel=\"lightbox\"><img loading=\"lazy\" decoding=\"async\" width=\"800\" height=\"533\" src=\"http:\/\/www.berylline.fi\/wp-content\/uploads\/2012\/05\/10days5.jpg\" alt=\"10days5\" class=\"wp-image-1563\" title=\"Kumma ja P-pentue, syyskuu 2009\" srcset=\"https:\/\/www.berylline.fi\/wp-content\/uploads\/2012\/05\/10days5.jpg 800w, https:\/\/www.berylline.fi\/wp-content\/uploads\/2012\/05\/10days5-250x167.jpg 250w, https:\/\/www.berylline.fi\/wp-content\/uploads\/2012\/05\/10days5-600x400.jpg 600w\" sizes=\"auto, (max-width: 800px) 100vw, 800px\" \/><\/a><\/figure>\n\n\n\n<p class=\"has-text-align-center\"><\/p>\n","protected":false},"excerpt":{"rendered":"<p>FIN SWE MVA Pumpkin Hilde &#8220;Kumma&#8221; 15.11.2004\u201413.2.2007 | Kasv. Anja Valapuro Kev\u00e4\u00e4ll\u00e4 2004 olin lukion kolmannella ja tiesin muuttavani kotoa seuraavana syksyn\u00e4. Minulla oli yksi ainoa tavoite: oman koiran hankinta heti, kun mahdollista. En ollut koskaan saanut koiraa, ja osasin koirarotukirjan rodut ulkoa. Lukulomalla olin Kuusankoskella. Jotenkin mieleeni olivat j\u00e4\u00e4neet koirarotukirjan harmaat Taikatyt\u00f6n italianvinttikoirat, ja [&hellip;]<\/p>\n","protected":false},"author":1,"featured_media":0,"parent":0,"menu_order":0,"comment_status":"closed","ping_status":"closed","template":"","meta":{"site-sidebar-layout":"default","site-content-layout":"","ast-site-content-layout":"","site-content-style":"default","site-sidebar-style":"default","ast-global-header-display":"","ast-banner-title-visibility":"","ast-main-header-display":"","ast-hfb-above-header-display":"","ast-hfb-below-header-display":"","ast-hfb-mobile-header-display":"","site-post-title":"","ast-breadcrumbs-content":"","ast-featured-img":"","footer-sml-layout":"","theme-transparent-header-meta":"","adv-header-id-meta":"","stick-header-meta":"","header-above-stick-meta":"","header-main-stick-meta":"","header-below-stick-meta":"","astra-migrate-meta-layouts":"default","ast-page-background-enabled":"default","ast-page-background-meta":{"desktop":{"background-color":"var(--ast-global-color-5)","background-image":"","background-repeat":"repeat","background-position":"center center","background-size":"auto","background-attachment":"scroll","background-type":"","background-media":"","overlay-type":"","overlay-color":"","overlay-opacity":"","overlay-gradient":""},"tablet":{"background-color":"","background-image":"","background-repeat":"repeat","background-position":"center center","background-size":"auto","background-attachment":"scroll","background-type":"","background-media":"","overlay-type":"","overlay-color":"","overlay-opacity":"","overlay-gradient":""},"mobile":{"background-color":"","background-image":"","background-repeat":"repeat","background-position":"center center","background-size":"auto","background-attachment":"scroll","background-type":"","background-media":"","overlay-type":"","overlay-color":"","overlay-opacity":"","overlay-gradient":""}},"ast-content-background-meta":{"desktop":{"background-color":"var(--ast-global-color-4)","background-image":"","background-repeat":"repeat","background-position":"center center","background-size":"auto","background-attachment":"scroll","background-type":"","background-media":"","overlay-type":"","overlay-color":"","overlay-opacity":"","overlay-gradient":""},"tablet":{"background-color":"var(--ast-global-color-4)","background-image":"","background-repeat":"repeat","background-position":"center center","background-size":"auto","background-attachment":"scroll","background-type":"","background-media":"","overlay-type":"","overlay-color":"","overlay-opacity":"","overlay-gradient":""},"mobile":{"background-color":"var(--ast-global-color-4)","background-image":"","background-repeat":"repeat","background-position":"center center","background-size":"auto","background-attachment":"scroll","background-type":"","background-media":"","overlay-type":"","overlay-color":"","overlay-opacity":"","overlay-gradient":""}},"footnotes":""},"class_list":["post-103","page","type-page","status-publish","hentry"],"_links":{"self":[{"href":"https:\/\/www.berylline.fi\/fi\/wp-json\/wp\/v2\/pages\/103","targetHints":{"allow":["GET"]}}],"collection":[{"href":"https:\/\/www.berylline.fi\/fi\/wp-json\/wp\/v2\/pages"}],"about":[{"href":"https:\/\/www.berylline.fi\/fi\/wp-json\/wp\/v2\/types\/page"}],"author":[{"embeddable":true,"href":"https:\/\/www.berylline.fi\/fi\/wp-json\/wp\/v2\/users\/1"}],"replies":[{"embeddable":true,"href":"https:\/\/www.berylline.fi\/fi\/wp-json\/wp\/v2\/comments?post=103"}],"version-history":[{"count":24,"href":"https:\/\/www.berylline.fi\/fi\/wp-json\/wp\/v2\/pages\/103\/revisions"}],"predecessor-version":[{"id":4617,"href":"https:\/\/www.berylline.fi\/fi\/wp-json\/wp\/v2\/pages\/103\/revisions\/4617"}],"wp:attachment":[{"href":"https:\/\/www.berylline.fi\/fi\/wp-json\/wp\/v2\/media?parent=103"}],"curies":[{"name":"wp","href":"https:\/\/api.w.org\/{rel}","templated":true}]}}