{"id":1239,"date":"2014-04-23T09:52:47","date_gmt":"2014-04-23T09:52:47","guid":{"rendered":"http:\/\/www.berylline.fi\/?page_id=1239"},"modified":"2025-02-23T13:55:47","modified_gmt":"2025-02-23T13:55:47","slug":"nuudeli","status":"publish","type":"page","link":"https:\/\/www.berylline.fi\/fi\/nuudeli\/","title":{"rendered":"Tarumets\u00e4n Kirin J\u00e4lkeen Voitto"},"content":{"rendered":"\n<div style=\"height:22px\" aria-hidden=\"true\" class=\"wp-block-spacer\"><\/div>\n\n\n\n<h4 class=\"wp-block-heading has-text-align-center\">Tarumets\u00e4n Kirin J\u00e4lkeen Voitto<\/h4>\n\n\n\n<h4 class=\"wp-block-heading has-text-align-center\">&#8220;Nuudeli&#8221;<\/h4>\n\n\n\n<p class=\"has-text-align-center\">Synt. 4.1.2014 | Kasv. Taru Uuttu<\/p>\n\n\n\n<div class=\"wp-block-buttons is-content-justification-center is-layout-flex wp-container-core-buttons-is-layout-a89b3969 wp-block-buttons-is-layout-flex\">\n<div class=\"wp-block-button\"><a class=\"wp-block-button__link wp-element-button\" href=\"http:\/\/jalostus.kennelliitto.fi\/frmKoira.aspx?RekNo=FI15697%2F14&amp;R=200\" target=\"_blank\" rel=\"noreferrer noopener\">KoiraNet<\/a><\/div>\n\n\n\n<div class=\"wp-block-button\"><a class=\"wp-block-button__link wp-element-button\" href=\"https:\/\/italiangreyhound.breedarchive.com\/animal\/view\/48065\" target=\"_blank\" rel=\"noreferrer noopener\">Sukutaulu<\/a><\/div>\n<\/div>\n\n\n\n<p class=\"has-text-align-center\">Nuudeli on C-, M- ja T2-pentueiden em\u00e4.<\/p>\n\n\n\n<hr class=\"wp-block-separator has-alpha-channel-opacity is-style-dots\"\/>\n\n\n\n<figure class=\"wp-block-image aligncenter size-full\"><img loading=\"lazy\" decoding=\"async\" width=\"900\" height=\"647\" src=\"https:\/\/www.berylline.fi\/wp-content\/uploads\/2020\/09\/Nuudeli.jpg\" alt=\"\" class=\"wp-image-3409\" srcset=\"https:\/\/www.berylline.fi\/wp-content\/uploads\/2020\/09\/Nuudeli.jpg 900w, https:\/\/www.berylline.fi\/wp-content\/uploads\/2020\/09\/Nuudeli-250x180.jpg 250w, https:\/\/www.berylline.fi\/wp-content\/uploads\/2020\/09\/Nuudeli-600x431.jpg 600w\" sizes=\"auto, (max-width: 900px) 100vw, 900px\" \/><\/figure>\n\n\n\n<figure class=\"wp-block-image aligncenter size-full\"><img loading=\"lazy\" decoding=\"async\" width=\"960\" height=\"640\" src=\"https:\/\/www.berylline.fi\/wp-content\/uploads\/2017\/05\/Pennut0pv.jpg\" alt=\"\" class=\"wp-image-2527\" srcset=\"https:\/\/www.berylline.fi\/wp-content\/uploads\/2017\/05\/Pennut0pv.jpg 960w, https:\/\/www.berylline.fi\/wp-content\/uploads\/2017\/05\/Pennut0pv-250x167.jpg 250w, https:\/\/www.berylline.fi\/wp-content\/uploads\/2017\/05\/Pennut0pv-600x400.jpg 600w\" sizes=\"auto, (max-width: 960px) 100vw, 960px\" \/><figcaption class=\"wp-element-caption\">Nuudeli ja vastasyntynyt C-pentue<\/figcaption><\/figure>\n\n\n\n<figure class=\"wp-block-image aligncenter size-full\"><a href=\"http:\/\/www.berylline.fi\/wp-content\/uploads\/2014\/04\/6kk4_med.jpg\"><img loading=\"lazy\" decoding=\"async\" width=\"800\" height=\"1200\" src=\"https:\/\/www.berylline.fi\/wp-content\/uploads\/2014\/04\/6kk4_med.jpg\" alt=\"6kk4_med\" class=\"wp-image-1970\" srcset=\"https:\/\/www.berylline.fi\/wp-content\/uploads\/2014\/04\/6kk4_med.jpg 800w, https:\/\/www.berylline.fi\/wp-content\/uploads\/2014\/04\/6kk4_med-250x375.jpg 250w, https:\/\/www.berylline.fi\/wp-content\/uploads\/2014\/04\/6kk4_med-400x600.jpg 400w\" sizes=\"auto, (max-width: 800px) 100vw, 800px\" \/><\/a><\/figure>\n","protected":false},"excerpt":{"rendered":"<p>Tarumets\u00e4n Kirin J\u00e4lkeen Voitto &#8220;Nuudeli&#8221; Synt. 4.1.2014 | Kasv. Taru Uuttu Nuudeli on C-, M- ja T2-pentueiden em\u00e4.<\/p>\n","protected":false},"author":1,"featured_media":0,"parent":0,"menu_order":0,"comment_status":"closed","ping_status":"closed","template":"","meta":{"site-sidebar-layout":"default","site-content-layout":"","ast-site-content-layout":"","site-content-style":"default","site-sidebar-style":"default","ast-global-header-display":"","ast-banner-title-visibility":"","ast-main-header-display":"","ast-hfb-above-header-display":"","ast-hfb-below-header-display":"","ast-hfb-mobile-header-display":"","site-post-title":"","ast-breadcrumbs-content":"","ast-featured-img":"","footer-sml-layout":"","theme-transparent-header-meta":"","adv-header-id-meta":"","stick-header-meta":"","header-above-stick-meta":"","header-main-stick-meta":"","header-below-stick-meta":"","astra-migrate-meta-layouts":"default","ast-page-background-enabled":"default","ast-page-background-meta":{"desktop":{"background-color":"var(--ast-global-color-5)","background-image":"","background-repeat":"repeat","background-position":"center center","background-size":"auto","background-attachment":"scroll","background-type":"","background-media":"","overlay-type":"","overlay-color":"","overlay-opacity":"","overlay-gradient":""},"tablet":{"background-color":"","background-image":"","background-repeat":"repeat","background-position":"center center","background-size":"auto","background-attachment":"scroll","background-type":"","background-media":"","overlay-type":"","overlay-color":"","overlay-opacity":"","overlay-gradient":""},"mobile":{"background-color":"","background-image":"","background-repeat":"repeat","background-position":"center center","background-size":"auto","background-attachment":"scroll","background-type":"","background-media":"","overlay-type":"","overlay-color":"","overlay-opacity":"","overlay-gradient":""}},"ast-content-background-meta":{"desktop":{"background-color":"var(--ast-global-color-4)","background-image":"","background-repeat":"repeat","background-position":"center center","background-size":"auto","background-attachment":"scroll","background-type":"","background-media":"","overlay-type":"","overlay-color":"","overlay-opacity":"","overlay-gradient":""},"tablet":{"background-color":"var(--ast-global-color-4)","background-image":"","background-repeat":"repeat","background-position":"center center","background-size":"auto","background-attachment":"scroll","background-type":"","background-media":"","overlay-type":"","overlay-color":"","overlay-opacity":"","overlay-gradient":""},"mobile":{"background-color":"var(--ast-global-color-4)","background-image":"","background-repeat":"repeat","background-position":"center center","background-size":"auto","background-attachment":"scroll","background-type":"","background-media":"","overlay-type":"","overlay-color":"","overlay-opacity":"","overlay-gradient":""}},"footnotes":""},"class_list":["post-1239","page","type-page","status-publish","hentry"],"_links":{"self":[{"href":"https:\/\/www.berylline.fi\/fi\/wp-json\/wp\/v2\/pages\/1239","targetHints":{"allow":["GET"]}}],"collection":[{"href":"https:\/\/www.berylline.fi\/fi\/wp-json\/wp\/v2\/pages"}],"about":[{"href":"https:\/\/www.berylline.fi\/fi\/wp-json\/wp\/v2\/types\/page"}],"author":[{"embeddable":true,"href":"https:\/\/www.berylline.fi\/fi\/wp-json\/wp\/v2\/users\/1"}],"replies":[{"embeddable":true,"href":"https:\/\/www.berylline.fi\/fi\/wp-json\/wp\/v2\/comments?post=1239"}],"version-history":[{"count":16,"href":"https:\/\/www.berylline.fi\/fi\/wp-json\/wp\/v2\/pages\/1239\/revisions"}],"predecessor-version":[{"id":4516,"href":"https:\/\/www.berylline.fi\/fi\/wp-json\/wp\/v2\/pages\/1239\/revisions\/4516"}],"wp:attachment":[{"href":"https:\/\/www.berylline.fi\/fi\/wp-json\/wp\/v2\/media?parent=1239"}],"curies":[{"name":"wp","href":"https:\/\/api.w.org\/{rel}","templated":true}]}}