{"id":176,"date":"2012-05-16T07:20:13","date_gmt":"2012-05-16T07:20:13","guid":{"rendered":"http:\/\/www.berylline.fi\/test\/?page_id=176"},"modified":"2026-05-06T08:52:13","modified_gmt":"2026-05-06T08:52:13","slug":"suunnitelmat","status":"publish","type":"page","link":"https:\/\/www.berylline.fi\/fi\/suunnitelmat\/","title":{"rendered":"Kotia etsiv\u00e4t"},"content":{"rendered":"\n<div style=\"height:43px\" aria-hidden=\"true\" class=\"wp-block-spacer\"><\/div>\n\n\n\n<h4 class=\"wp-block-heading\">Kotia etsiv\u00e4t<\/h4>\n\n\n\n<p>Ei kotia etsivi\u00e4 t\u00e4ll\u00e4 hetkell\u00e4.<\/p>\n\n\n\n<hr class=\"wp-block-separator has-alpha-channel-opacity is-style-dots\"\/>\n\n\n\n<h4 class=\"wp-block-heading\">Pentusuunnitelmat<\/h4>\n\n\n\n<h5 class=\"wp-block-heading\">Silkkivinttikoirat<\/h5>\n\n\n\n<p><a href=\"https:\/\/www.berylline.fi\/fi\/starcastle-hounds-moon-goddess\/\">Rusakko<\/a> on astutettu ja pentuetta odotellaan hein\u00e4kuun alussa. Is\u00e4n\u00e4 on jo 11-vuotias Tsaarikon Denaari. Pentueen sukutaulu l\u00f6ytyy <a href=\"https:\/\/db.isws.org\/trial-mating?sire_id=42468&amp;dam_id=45964&amp;layout=view\">t\u00e4\u00e4lt\u00e4<\/a>. Jos pentuja on tulossa, pentukamera on suunnitelmissa j\u00e4lleen!<\/p>\n\n\n\n<p>Pennuista voi ilmaista kiinnostuksensa s\u00e4hk\u00f6postitse silkenshiba@gmail.com. Iso osa s\u00e4hk\u00f6postiviesteist\u00e4 on mennyt roskapostikansioon kuluvan talven aikana, joten jos en vastaa, kyse on todenn\u00e4k\u00f6isesti t\u00e4st\u00e4. Etsin pennuille koteja, joissa sitoudutaan rodunomaisiin terveystutkimuksiin 3 vuoden i\u00e4ss\u00e4 (LTV\/VA\/SP, silm\u00e4t ja syd\u00e4nultra).<\/p>\n\n\n\n<figure class=\"wp-block-image size-full\"><img loading=\"lazy\" decoding=\"async\" width=\"1917\" height=\"800\" src=\"https:\/\/www.berylline.fi\/wp-content\/uploads\/2026\/02\/pentuemainos.jpg\" alt=\"\" class=\"wp-image-4996\" srcset=\"https:\/\/www.berylline.fi\/wp-content\/uploads\/2026\/02\/pentuemainos.jpg 1917w, https:\/\/www.berylline.fi\/wp-content\/uploads\/2026\/02\/pentuemainos-250x104.jpg 250w, https:\/\/www.berylline.fi\/wp-content\/uploads\/2026\/02\/pentuemainos-600x250.jpg 600w, https:\/\/www.berylline.fi\/wp-content\/uploads\/2026\/02\/pentuemainos-1536x641.jpg 1536w, https:\/\/www.berylline.fi\/wp-content\/uploads\/2026\/02\/pentuemainos-18x8.jpg 18w\" sizes=\"auto, (max-width: 1917px) 100vw, 1917px\" \/><\/figure>\n\n\n\n<div style=\"height:22px\" aria-hidden=\"true\" class=\"wp-block-spacer\"><\/div>\n\n\n\n<h5 class=\"wp-block-heading\">Shibat<\/h5>\n\n\n\n<p>Shiboissa minulla ei ole t\u00e4ll\u00e4 hetkell\u00e4 jalostuskoiria. <strong>Mik\u00e4li etsit shiban pentua, katso Kennelliiton <a href=\"https:\/\/pentulista.kennelliitto.fi\/Forms\/Rotu?id=24\">pentulista<\/a> ja tutki <a href=\"https:\/\/jalostus.kennelliitto.fi\/frmPentueet.aspx?R=257&amp;A=2024\">KoiraNet<\/a>-jalostustietoj\u00e4rjestelm\u00e4\u00e4.<\/strong> <mark style=\"background-color:rgba(0, 0, 0, 0);color:#cf2e2e\" class=\"has-inline-color\"><strong>Valitse pentu vain yhdistelm\u00e4st\u00e4, joka t\u00e4ytt\u00e4\u00e4 rotuyhdistyksen suositukset<\/strong><\/mark>.<\/p>\n\n\n\n<hr class=\"wp-block-separator has-alpha-channel-opacity is-style-dots\"\/>\n\n\n\n<h4 class=\"wp-block-heading\">Aiemmat pentueet<\/h4>\n\n\n\n<p>Aiemmat pentueet l\u00f6ytyv\u00e4t Kennelliiton Jalostusj\u00e4rjestelm\u00e4st\u00e4. Italianvinttikoirissa minulla ei ole en\u00e4\u00e4 jalostustasoisia koiria.<\/p>\n\n\n\n<div class=\"wp-block-buttons is-layout-flex wp-block-buttons-is-layout-flex\">\n<div class=\"wp-block-button\"><a class=\"wp-block-button__link wp-element-button\" href=\"https:\/\/jalostus.kennelliitto.fi\/frmKasvattaja.aspx?K=BERYLLINE&amp;R=200\">Italianvinttikoirapentueet<\/a><\/div>\n\n\n\n<div class=\"wp-block-button\"><a class=\"wp-block-button__link wp-element-button\" href=\"https:\/\/jalostus.kennelliitto.fi\/frmKasvattaja.aspx?K=BERYLLINE&amp;R=257\">Shibapentueet<\/a><\/div>\n<\/div>\n\n\n\n<figure class=\"wp-block-image size-full\"><img loading=\"lazy\" decoding=\"async\" width=\"2560\" height=\"1456\" src=\"https:\/\/www.berylline.fi\/wp-content\/uploads\/2025\/04\/muokattu-scaled.jpeg\" alt=\"\" class=\"wp-image-4853\" srcset=\"https:\/\/www.berylline.fi\/wp-content\/uploads\/2025\/04\/muokattu-scaled.jpeg 2560w, https:\/\/www.berylline.fi\/wp-content\/uploads\/2025\/04\/muokattu-250x142.jpeg 250w, https:\/\/www.berylline.fi\/wp-content\/uploads\/2025\/04\/muokattu-600x341.jpeg 600w, https:\/\/www.berylline.fi\/wp-content\/uploads\/2025\/04\/muokattu-1536x874.jpeg 1536w, https:\/\/www.berylline.fi\/wp-content\/uploads\/2025\/04\/muokattu-2048x1165.jpeg 2048w, https:\/\/www.berylline.fi\/wp-content\/uploads\/2025\/04\/muokattu-18x10.jpeg 18w\" sizes=\"auto, (max-width: 2560px) 100vw, 2560px\" \/><\/figure>\n","protected":false},"excerpt":{"rendered":"<p>Kotia etsiv\u00e4t Ei kotia etsivi\u00e4 t\u00e4ll\u00e4 hetkell\u00e4. Pentusuunnitelmat Silkkivinttikoirat Rusakko on astutettu ja pentuetta odotellaan hein\u00e4kuun alussa. Is\u00e4n\u00e4 on jo 11-vuotias Tsaarikon Denaari. Pentueen sukutaulu l\u00f6ytyy t\u00e4\u00e4lt\u00e4. Jos pentuja on tulossa, pentukamera on suunnitelmissa j\u00e4lleen! Pennuista voi ilmaista kiinnostuksensa s\u00e4hk\u00f6postitse silkenshiba@gmail.com. Iso osa s\u00e4hk\u00f6postiviesteist\u00e4 on mennyt roskapostikansioon kuluvan talven aikana, joten jos en vastaa, kyse [&hellip;]<\/p>\n","protected":false},"author":1,"featured_media":0,"parent":0,"menu_order":0,"comment_status":"closed","ping_status":"closed","template":"","meta":{"site-sidebar-layout":"default","site-content-layout":"","ast-site-content-layout":"","site-content-style":"default","site-sidebar-style":"default","ast-global-header-display":"","ast-banner-title-visibility":"","ast-main-header-display":"","ast-hfb-above-header-display":"","ast-hfb-below-header-display":"","ast-hfb-mobile-header-display":"","site-post-title":"","ast-breadcrumbs-content":"","ast-featured-img":"","footer-sml-layout":"","theme-transparent-header-meta":"","adv-header-id-meta":"","stick-header-meta":"","header-above-stick-meta":"","header-main-stick-meta":"","header-below-stick-meta":"","astra-migrate-meta-layouts":"default","ast-page-background-enabled":"default","ast-page-background-meta":{"desktop":{"background-color":"var(--ast-global-color-5)","background-image":"","background-repeat":"repeat","background-position":"center center","background-size":"auto","background-attachment":"scroll","background-type":"","background-media":"","overlay-type":"","overlay-color":"","overlay-opacity":"","overlay-gradient":""},"tablet":{"background-color":"","background-image":"","background-repeat":"repeat","background-position":"center center","background-size":"auto","background-attachment":"scroll","background-type":"","background-media":"","overlay-type":"","overlay-color":"","overlay-opacity":"","overlay-gradient":""},"mobile":{"background-color":"","background-image":"","background-repeat":"repeat","background-position":"center center","background-size":"auto","background-attachment":"scroll","background-type":"","background-media":"","overlay-type":"","overlay-color":"","overlay-opacity":"","overlay-gradient":""}},"ast-content-background-meta":{"desktop":{"background-color":"var(--ast-global-color-4)","background-image":"","background-repeat":"repeat","background-position":"center center","background-size":"auto","background-attachment":"scroll","background-type":"","background-media":"","overlay-type":"","overlay-color":"","overlay-opacity":"","overlay-gradient":""},"tablet":{"background-color":"var(--ast-global-color-4)","background-image":"","background-repeat":"repeat","background-position":"center center","background-size":"auto","background-attachment":"scroll","background-type":"","background-media":"","overlay-type":"","overlay-color":"","overlay-opacity":"","overlay-gradient":""},"mobile":{"background-color":"var(--ast-global-color-4)","background-image":"","background-repeat":"repeat","background-position":"center center","background-size":"auto","background-attachment":"scroll","background-type":"","background-media":"","overlay-type":"","overlay-color":"","overlay-opacity":"","overlay-gradient":""}},"footnotes":""},"class_list":["post-176","page","type-page","status-publish","hentry"],"_links":{"self":[{"href":"https:\/\/www.berylline.fi\/fi\/wp-json\/wp\/v2\/pages\/176","targetHints":{"allow":["GET"]}}],"collection":[{"href":"https:\/\/www.berylline.fi\/fi\/wp-json\/wp\/v2\/pages"}],"about":[{"href":"https:\/\/www.berylline.fi\/fi\/wp-json\/wp\/v2\/types\/page"}],"author":[{"embeddable":true,"href":"https:\/\/www.berylline.fi\/fi\/wp-json\/wp\/v2\/users\/1"}],"replies":[{"embeddable":true,"href":"https:\/\/www.berylline.fi\/fi\/wp-json\/wp\/v2\/comments?post=176"}],"version-history":[{"count":225,"href":"https:\/\/www.berylline.fi\/fi\/wp-json\/wp\/v2\/pages\/176\/revisions"}],"predecessor-version":[{"id":5049,"href":"https:\/\/www.berylline.fi\/fi\/wp-json\/wp\/v2\/pages\/176\/revisions\/5049"}],"wp:attachment":[{"href":"https:\/\/www.berylline.fi\/fi\/wp-json\/wp\/v2\/media?parent=176"}],"curies":[{"name":"wp","href":"https:\/\/api.w.org\/{rel}","templated":true}]}}