{"id":3591,"date":"2022-10-14T13:16:20","date_gmt":"2022-10-14T13:16:20","guid":{"rendered":"https:\/\/www.berylline.fi\/?page_id=3591"},"modified":"2025-03-01T08:25:36","modified_gmt":"2025-03-01T08:25:36","slug":"midas-touch-du-domaine-de-chanteloup","status":"publish","type":"page","link":"https:\/\/www.berylline.fi\/fi\/midas-touch-du-domaine-de-chanteloup\/","title":{"rendered":"Midas Touch du Domaine de Chanteloup"},"content":{"rendered":"\n<div style=\"height:22px\" aria-hidden=\"true\" class=\"wp-block-spacer\"><\/div>\n\n\n\n<h4 class=\"wp-block-heading has-text-align-center\">Midas Touch du Domaine de Chanteloup<\/h4>\n\n\n\n<h4 class=\"wp-block-heading has-text-align-center\">&#8220;Halti&#8221;<\/h4>\n\n\n\n<p class=\"has-text-align-center\">Synt. 6\/2016 | Kasv. Fabienne Laveyssiere, Ranska | Om. Jari Pulkkinen<\/p>\n\n\n\n<div class=\"wp-block-buttons is-content-justification-center is-layout-flex wp-container-core-buttons-is-layout-a89b3969 wp-block-buttons-is-layout-flex\">\n<div class=\"wp-block-button\"><a class=\"wp-block-button__link wp-element-button\" href=\"https:\/\/italiangreyhound.breedarchive.com\/animal\/view\/midas-touch-du-domaine-de-chanteloup-eda32718-fc57-4997-89e9-dd032a2202ee\" target=\"_blank\" rel=\"noreferrer noopener\">Sukutaulu<\/a><\/div>\n<\/div>\n\n\n\n<figure class=\"wp-block-image aligncenter size-full\"><img loading=\"lazy\" decoding=\"async\" width=\"1200\" height=\"855\" src=\"https:\/\/www.berylline.fi\/wp-content\/uploads\/2017\/02\/1yearsmall3.jpg\" alt=\"\" class=\"wp-image-3028\" srcset=\"https:\/\/www.berylline.fi\/wp-content\/uploads\/2017\/02\/1yearsmall3.jpg 1200w, https:\/\/www.berylline.fi\/wp-content\/uploads\/2017\/02\/1yearsmall3-250x178.jpg 250w, https:\/\/www.berylline.fi\/wp-content\/uploads\/2017\/02\/1yearsmall3-600x428.jpg 600w\" sizes=\"auto, (max-width: 1200px) 100vw, 1200px\" \/><\/figure>\n\n\n\n<hr class=\"wp-block-separator has-alpha-channel-opacity is-style-dots\"\/>\n\n\n\n<p class=\"has-text-align-left\">Elokuussa 2016 n\u00e4in ilmoituksen myynniss\u00e4 olevasta kermanv\u00e4risest\u00e4 uroksesta, ja se vain oli pakko saada, vaikka kasvattaja varoitteli sen kasvavan isoksi. Halti on yksinkertainen ja \u00e4\u00e4rimm\u00e4isen kiltti, lempe\u00e4 ja herttainen italiaanouros, josta on sittemmin tullut T2-pentueen is\u00e4.<\/p>\n\n\n\n<hr class=\"wp-block-separator has-alpha-channel-opacity is-style-dots\"\/>\n\n\n\n<figure class=\"wp-block-image aligncenter size-full\"><img loading=\"lazy\" decoding=\"async\" width=\"1200\" height=\"800\" src=\"https:\/\/www.berylline.fi\/wp-content\/uploads\/2017\/07\/1yearmed2.jpg\" alt=\"\" class=\"wp-image-2766\" srcset=\"https:\/\/www.berylline.fi\/wp-content\/uploads\/2017\/07\/1yearmed2.jpg 1200w, https:\/\/www.berylline.fi\/wp-content\/uploads\/2017\/07\/1yearmed2-250x167.jpg 250w, https:\/\/www.berylline.fi\/wp-content\/uploads\/2017\/07\/1yearmed2-600x400.jpg 600w\" sizes=\"auto, (max-width: 1200px) 100vw, 1200px\" \/><\/figure>\n\n\n\n<figure class=\"wp-block-image aligncenter size-full\"><img loading=\"lazy\" decoding=\"async\" width=\"1000\" height=\"669\" src=\"https:\/\/www.berylline.fi\/wp-content\/uploads\/2022\/10\/Halti_moving.jpg\" alt=\"\" class=\"wp-image-3686\" srcset=\"https:\/\/www.berylline.fi\/wp-content\/uploads\/2022\/10\/Halti_moving.jpg 1000w, https:\/\/www.berylline.fi\/wp-content\/uploads\/2022\/10\/Halti_moving-250x167.jpg 250w, https:\/\/www.berylline.fi\/wp-content\/uploads\/2022\/10\/Halti_moving-600x401.jpg 600w\" sizes=\"auto, (max-width: 1000px) 100vw, 1000px\" \/><\/figure>\n\n\n\n<figure class=\"wp-block-image aligncenter size-full\"><img loading=\"lazy\" decoding=\"async\" width=\"1200\" height=\"800\" src=\"https:\/\/www.berylline.fi\/wp-content\/uploads\/2017\/02\/6kk2med.jpg\" alt=\"\" class=\"wp-image-2292\" srcset=\"https:\/\/www.berylline.fi\/wp-content\/uploads\/2017\/02\/6kk2med.jpg 1200w, https:\/\/www.berylline.fi\/wp-content\/uploads\/2017\/02\/6kk2med-250x167.jpg 250w, https:\/\/www.berylline.fi\/wp-content\/uploads\/2017\/02\/6kk2med-600x400.jpg 600w\" sizes=\"auto, (max-width: 1200px) 100vw, 1200px\" \/><\/figure>\n\n\n\n<figure class=\"wp-block-image aligncenter size-full\"><img loading=\"lazy\" decoding=\"async\" width=\"1200\" height=\"800\" src=\"https:\/\/www.berylline.fi\/wp-content\/uploads\/2017\/07\/4_5kk4med.jpg\" alt=\"\" class=\"wp-image-2772\" srcset=\"https:\/\/www.berylline.fi\/wp-content\/uploads\/2017\/07\/4_5kk4med.jpg 1200w, https:\/\/www.berylline.fi\/wp-content\/uploads\/2017\/07\/4_5kk4med-250x167.jpg 250w, https:\/\/www.berylline.fi\/wp-content\/uploads\/2017\/07\/4_5kk4med-600x400.jpg 600w\" sizes=\"auto, (max-width: 1200px) 100vw, 1200px\" \/><\/figure>\n","protected":false},"excerpt":{"rendered":"<p>Midas Touch du Domaine de Chanteloup &#8220;Halti&#8221; Synt. 6\/2016 | Kasv. Fabienne Laveyssiere, Ranska | Om. Jari Pulkkinen Elokuussa 2016 n\u00e4in ilmoituksen myynniss\u00e4 olevasta kermanv\u00e4risest\u00e4 uroksesta, ja se vain oli pakko saada, vaikka kasvattaja varoitteli sen kasvavan isoksi. Halti on yksinkertainen ja \u00e4\u00e4rimm\u00e4isen kiltti, lempe\u00e4 ja herttainen italiaanouros, josta on sittemmin tullut T2-pentueen is\u00e4.<\/p>\n","protected":false},"author":1,"featured_media":0,"parent":0,"menu_order":0,"comment_status":"closed","ping_status":"closed","template":"","meta":{"site-sidebar-layout":"default","site-content-layout":"","ast-site-content-layout":"","site-content-style":"default","site-sidebar-style":"default","ast-global-header-display":"","ast-banner-title-visibility":"","ast-main-header-display":"","ast-hfb-above-header-display":"","ast-hfb-below-header-display":"","ast-hfb-mobile-header-display":"","site-post-title":"","ast-breadcrumbs-content":"","ast-featured-img":"","footer-sml-layout":"","theme-transparent-header-meta":"","adv-header-id-meta":"","stick-header-meta":"","header-above-stick-meta":"","header-main-stick-meta":"","header-below-stick-meta":"","astra-migrate-meta-layouts":"default","ast-page-background-enabled":"default","ast-page-background-meta":{"desktop":{"background-color":"var(--ast-global-color-5)","background-image":"","background-repeat":"repeat","background-position":"center center","background-size":"auto","background-attachment":"scroll","background-type":"","background-media":"","overlay-type":"","overlay-color":"","overlay-opacity":"","overlay-gradient":""},"tablet":{"background-color":"","background-image":"","background-repeat":"repeat","background-position":"center center","background-size":"auto","background-attachment":"scroll","background-type":"","background-media":"","overlay-type":"","overlay-color":"","overlay-opacity":"","overlay-gradient":""},"mobile":{"background-color":"","background-image":"","background-repeat":"repeat","background-position":"center center","background-size":"auto","background-attachment":"scroll","background-type":"","background-media":"","overlay-type":"","overlay-color":"","overlay-opacity":"","overlay-gradient":""}},"ast-content-background-meta":{"desktop":{"background-color":"var(--ast-global-color-4)","background-image":"","background-repeat":"repeat","background-position":"center center","background-size":"auto","background-attachment":"scroll","background-type":"","background-media":"","overlay-type":"","overlay-color":"","overlay-opacity":"","overlay-gradient":""},"tablet":{"background-color":"var(--ast-global-color-4)","background-image":"","background-repeat":"repeat","background-position":"center center","background-size":"auto","background-attachment":"scroll","background-type":"","background-media":"","overlay-type":"","overlay-color":"","overlay-opacity":"","overlay-gradient":""},"mobile":{"background-color":"var(--ast-global-color-4)","background-image":"","background-repeat":"repeat","background-position":"center center","background-size":"auto","background-attachment":"scroll","background-type":"","background-media":"","overlay-type":"","overlay-color":"","overlay-opacity":"","overlay-gradient":""}},"footnotes":""},"class_list":["post-3591","page","type-page","status-publish","hentry"],"_links":{"self":[{"href":"https:\/\/www.berylline.fi\/fi\/wp-json\/wp\/v2\/pages\/3591","targetHints":{"allow":["GET"]}}],"collection":[{"href":"https:\/\/www.berylline.fi\/fi\/wp-json\/wp\/v2\/pages"}],"about":[{"href":"https:\/\/www.berylline.fi\/fi\/wp-json\/wp\/v2\/types\/page"}],"author":[{"embeddable":true,"href":"https:\/\/www.berylline.fi\/fi\/wp-json\/wp\/v2\/users\/1"}],"replies":[{"embeddable":true,"href":"https:\/\/www.berylline.fi\/fi\/wp-json\/wp\/v2\/comments?post=3591"}],"version-history":[{"count":7,"href":"https:\/\/www.berylline.fi\/fi\/wp-json\/wp\/v2\/pages\/3591\/revisions"}],"predecessor-version":[{"id":4651,"href":"https:\/\/www.berylline.fi\/fi\/wp-json\/wp\/v2\/pages\/3591\/revisions\/4651"}],"wp:attachment":[{"href":"https:\/\/www.berylline.fi\/fi\/wp-json\/wp\/v2\/media?parent=3591"}],"curies":[{"name":"wp","href":"https:\/\/api.w.org\/{rel}","templated":true}]}}