{"id":3733,"date":"2023-08-24T07:13:09","date_gmt":"2023-08-24T07:13:09","guid":{"rendered":"https:\/\/www.berylline.fi\/?page_id=3733"},"modified":"2026-04-08T09:16:46","modified_gmt":"2026-04-08T09:16:46","slug":"starcastle-hounds-moon-goddess","status":"publish","type":"page","link":"https:\/\/www.berylline.fi\/fi\/starcastle-hounds-moon-goddess\/","title":{"rendered":"Starcastle Hounds Moon Goddess"},"content":{"rendered":"\n<div style=\"height:44px\" aria-hidden=\"true\" class=\"wp-block-spacer\"><\/div>\n\n\n\n<h4 class=\"wp-block-heading has-text-align-center\">Starcastle Hounds Moon Goddess<\/h4>\n\n\n\n<h4 class=\"wp-block-heading has-text-align-center\">&#8220;Rusakko&#8221;<\/h4>\n\n\n\n<p class=\"has-text-align-center\">Synt. 5\/2023 | Kasv. Susann Stjernborg, Ruotsi | <a href=\"https:\/\/jalostus.kennelliitto.fi\/frmKoira.aspx?RekNo=ER17070\/26&amp;R=927\" target=\"_blank\" rel=\"noreferrer noopener\">KoiraNet<\/a><\/p>\n\n\n\n<p class=\"has-text-align-center\">Terveys: Silm\u00e4t ok, syd\u00e4nultra ok, SP0, LTV4 (1 ylim\u00e4\u00e4r\u00e4inen nikama), VA1 (liev\u00e4 viimeisess\u00e4 nikamassa), normaalit kilpirauhasarvot, CEA\/MDR vapaa<\/p>\n\n\n\n<p class=\"has-text-align-center\"><a href=\"http:\/\/www.wisdompanel.com\/app\/s\/wzxs29f\/reports\" target=\"_blank\" rel=\"noreferrer noopener\">MyDogDNA raportit<\/a><\/p>\n\n\n\n<p class=\"has-text-align-center\">Silkkivinttikoirista, historiasta jne. enemm\u00e4n: <a href=\"https:\/\/silkenwindhounds.org\/\">ISWS<\/a><\/p>\n\n\n\n<div class=\"wp-block-buttons is-content-justification-center is-layout-flex wp-container-core-buttons-is-layout-a89b3969 wp-block-buttons-is-layout-flex\">\n<div class=\"wp-block-button\"><a class=\"wp-block-button__link wp-element-button\" href=\"https:\/\/db.isws.org\/pedigree\/45964\" target=\"_blank\" rel=\"noreferrer noopener\">Sukutaulu<\/a><\/div>\n<\/div>\n\n\n\n<figure class=\"wp-block-image size-full\"><img loading=\"lazy\" decoding=\"async\" width=\"2560\" height=\"2049\" src=\"https:\/\/www.berylline.fi\/wp-content\/uploads\/2026\/02\/20251008_092322000_iOS-scaled.jpg\" alt=\"\" class=\"wp-image-4993\" srcset=\"https:\/\/www.berylline.fi\/wp-content\/uploads\/2026\/02\/20251008_092322000_iOS-scaled.jpg 2560w, https:\/\/www.berylline.fi\/wp-content\/uploads\/2026\/02\/20251008_092322000_iOS-250x200.jpg 250w, https:\/\/www.berylline.fi\/wp-content\/uploads\/2026\/02\/20251008_092322000_iOS-600x480.jpg 600w, https:\/\/www.berylline.fi\/wp-content\/uploads\/2026\/02\/20251008_092322000_iOS-1536x1229.jpg 1536w, https:\/\/www.berylline.fi\/wp-content\/uploads\/2026\/02\/20251008_092322000_iOS-2048x1639.jpg 2048w, https:\/\/www.berylline.fi\/wp-content\/uploads\/2026\/02\/20251008_092322000_iOS-15x12.jpg 15w\" sizes=\"auto, (max-width: 2560px) 100vw, 2560px\" \/><\/figure>\n\n\n\n<figure class=\"wp-block-image aligncenter size-full\"><img loading=\"lazy\" decoding=\"async\" width=\"1440\" height=\"1080\" src=\"https:\/\/www.berylline.fi\/wp-content\/uploads\/2025\/02\/Ruzako_12kk4.jpg\" alt=\"\" class=\"wp-image-3946\" srcset=\"https:\/\/www.berylline.fi\/wp-content\/uploads\/2025\/02\/Ruzako_12kk4.jpg 1440w, https:\/\/www.berylline.fi\/wp-content\/uploads\/2025\/02\/Ruzako_12kk4-250x188.jpg 250w, https:\/\/www.berylline.fi\/wp-content\/uploads\/2025\/02\/Ruzako_12kk4-600x450.jpg 600w\" sizes=\"auto, (max-width: 1440px) 100vw, 1440px\" \/><\/figure>\n\n\n\n<hr class=\"wp-block-separator has-alpha-channel-opacity is-style-dots\"\/>\n\n\n\n<p class=\"has-text-align-left\">Rusakko on tytt\u00e4reni koira: outo, kiltti, hassu, hellyydenkipe\u00e4 \u2014 sadun taruolento tuulessa hulmuavine hapsuineen. Sill\u00e4 on perin erikoisia tapoja, joita on vaikea selitt\u00e4\u00e4. Nukkuessaan se pit\u00e4\u00e4 etuk\u00e4p\u00e4li\u00e4\u00e4n korvien takana, mutta kuuleman mukaan t\u00e4m\u00e4 on silkkivinttikoirille tyypillinen piirre. Ihmisi\u00e4 se my\u00f6s tuijottaa herke\u00e4m\u00e4tt\u00e4 suoraan sieluun.<\/p>\n\n\n\n<p class=\"has-text-align-left\">Rusakko rakastaa mets\u00e4\u00e4 ja juoksemista, ja se onkin hyvin nopea koivistaan. Rusakko juokseekin yleens\u00e4 varsin mielipuolisena v\u00e4litt\u00e4m\u00e4tt\u00e4 esteist\u00e4 edess\u00e4\u00e4n, ja toistaiseksi on selvitty tilanteeseen n\u00e4hden varsin pienill\u00e4 haavereilla. Se, mink\u00e4 Rusakko j\u00e4\u00e4 j\u00e4lkeen \u00e4lykkyydess\u00e4, voittaa se ketteryydess\u00e4 ja nopeudessa.<\/p>\n\n\n\n<hr class=\"wp-block-separator has-alpha-channel-opacity is-style-dots\"\/>\n\n\n\n<figure class=\"wp-block-image aligncenter size-full\"><img loading=\"lazy\" decoding=\"async\" width=\"1500\" height=\"1000\" src=\"https:\/\/www.berylline.fi\/wp-content\/uploads\/2023\/08\/IMG_4350_small.jpg\" alt=\"\" class=\"wp-image-3794\" srcset=\"https:\/\/www.berylline.fi\/wp-content\/uploads\/2023\/08\/IMG_4350_small.jpg 1500w, https:\/\/www.berylline.fi\/wp-content\/uploads\/2023\/08\/IMG_4350_small-250x167.jpg 250w, https:\/\/www.berylline.fi\/wp-content\/uploads\/2023\/08\/IMG_4350_small-600x400.jpg 600w\" sizes=\"auto, (max-width: 1500px) 100vw, 1500px\" \/><\/figure>\n\n\n\n<figure class=\"wp-block-image aligncenter size-full\"><img loading=\"lazy\" decoding=\"async\" width=\"1500\" height=\"1054\" src=\"https:\/\/www.berylline.fi\/wp-content\/uploads\/2023\/08\/Ruzako1_small.jpg\" alt=\"\" class=\"wp-image-3734\" srcset=\"https:\/\/www.berylline.fi\/wp-content\/uploads\/2023\/08\/Ruzako1_small.jpg 1500w, https:\/\/www.berylline.fi\/wp-content\/uploads\/2023\/08\/Ruzako1_small-250x176.jpg 250w, https:\/\/www.berylline.fi\/wp-content\/uploads\/2023\/08\/Ruzako1_small-600x422.jpg 600w\" sizes=\"auto, (max-width: 1500px) 100vw, 1500px\" \/><\/figure>\n\n\n\n<hr class=\"wp-block-separator has-alpha-channel-opacity is-style-dots\"\/>\n\n\n\n<p class=\"has-text-align-center has-medium-font-size\"><strong>Vanhemmat:<\/strong><\/p>\n\n\n\n<p class=\"has-text-align-center\">Kuvien copyright Susann Stjernborg<\/p>\n\n\n\n<p class=\"has-text-align-center has-small-font-size\"><strong>Is\u00e4 Starcastle Hounds Spacejump:<\/strong><\/p>\n\n\n\n<figure class=\"wp-block-image aligncenter size-full\"><img loading=\"lazy\" decoding=\"async\" width=\"1200\" height=\"962\" src=\"https:\/\/www.berylline.fi\/wp-content\/uploads\/2023\/08\/Starcastle_Hounds_Spacejump1.jpg\" alt=\"\" class=\"wp-image-3775\" srcset=\"https:\/\/www.berylline.fi\/wp-content\/uploads\/2023\/08\/Starcastle_Hounds_Spacejump1.jpg 1200w, https:\/\/www.berylline.fi\/wp-content\/uploads\/2023\/08\/Starcastle_Hounds_Spacejump1-250x200.jpg 250w, https:\/\/www.berylline.fi\/wp-content\/uploads\/2023\/08\/Starcastle_Hounds_Spacejump1-600x481.jpg 600w\" sizes=\"auto, (max-width: 1200px) 100vw, 1200px\" \/><\/figure>\n\n\n\n<figure class=\"wp-block-image aligncenter size-full\"><img loading=\"lazy\" decoding=\"async\" width=\"1400\" height=\"1198\" src=\"https:\/\/www.berylline.fi\/wp-content\/uploads\/2023\/08\/Starcastle_Hounds_Spacejump2.jpg\" alt=\"\" class=\"wp-image-3776\" srcset=\"https:\/\/www.berylline.fi\/wp-content\/uploads\/2023\/08\/Starcastle_Hounds_Spacejump2.jpg 1400w, https:\/\/www.berylline.fi\/wp-content\/uploads\/2023\/08\/Starcastle_Hounds_Spacejump2-250x214.jpg 250w, https:\/\/www.berylline.fi\/wp-content\/uploads\/2023\/08\/Starcastle_Hounds_Spacejump2-600x513.jpg 600w\" sizes=\"auto, (max-width: 1400px) 100vw, 1400px\" \/><\/figure>\n\n\n\n<figure class=\"wp-block-image aligncenter size-full\"><img loading=\"lazy\" decoding=\"async\" width=\"1200\" height=\"1084\" src=\"https:\/\/www.berylline.fi\/wp-content\/uploads\/2023\/08\/Starcastle_Hounds_Spacejump3.jpg\" alt=\"\" class=\"wp-image-3777\" srcset=\"https:\/\/www.berylline.fi\/wp-content\/uploads\/2023\/08\/Starcastle_Hounds_Spacejump3.jpg 1200w, https:\/\/www.berylline.fi\/wp-content\/uploads\/2023\/08\/Starcastle_Hounds_Spacejump3-250x226.jpg 250w, https:\/\/www.berylline.fi\/wp-content\/uploads\/2023\/08\/Starcastle_Hounds_Spacejump3-600x542.jpg 600w\" sizes=\"auto, (max-width: 1200px) 100vw, 1200px\" \/><\/figure>\n\n\n\n<hr class=\"wp-block-separator has-alpha-channel-opacity is-style-dots\"\/>\n\n\n\n<p class=\"has-text-align-center has-small-font-size\"><strong>Em\u00e4 Starcastle Hounds Saab:<\/strong><\/p>\n\n\n\n<figure class=\"wp-block-image aligncenter size-full\"><img loading=\"lazy\" decoding=\"async\" width=\"1200\" height=\"1069\" src=\"https:\/\/www.berylline.fi\/wp-content\/uploads\/2023\/08\/Starcastle_Hounds_Saab.jpg\" alt=\"\" class=\"wp-image-3771\" srcset=\"https:\/\/www.berylline.fi\/wp-content\/uploads\/2023\/08\/Starcastle_Hounds_Saab.jpg 1200w, https:\/\/www.berylline.fi\/wp-content\/uploads\/2023\/08\/Starcastle_Hounds_Saab-250x223.jpg 250w, https:\/\/www.berylline.fi\/wp-content\/uploads\/2023\/08\/Starcastle_Hounds_Saab-600x535.jpg 600w\" sizes=\"auto, (max-width: 1200px) 100vw, 1200px\" \/><\/figure>\n\n\n\n<figure class=\"wp-block-image aligncenter size-full\"><img loading=\"lazy\" decoding=\"async\" width=\"1200\" height=\"1217\" src=\"https:\/\/www.berylline.fi\/wp-content\/uploads\/2023\/08\/Starcastle_Hounds_Saab2.jpg\" alt=\"\" class=\"wp-image-3773\" srcset=\"https:\/\/www.berylline.fi\/wp-content\/uploads\/2023\/08\/Starcastle_Hounds_Saab2.jpg 1200w, https:\/\/www.berylline.fi\/wp-content\/uploads\/2023\/08\/Starcastle_Hounds_Saab2-250x254.jpg 250w, https:\/\/www.berylline.fi\/wp-content\/uploads\/2023\/08\/Starcastle_Hounds_Saab2-592x600.jpg 592w\" sizes=\"auto, (max-width: 1200px) 100vw, 1200px\" \/><\/figure>\n\n\n\n<figure class=\"wp-block-image aligncenter size-full\"><img loading=\"lazy\" decoding=\"async\" width=\"1200\" height=\"1073\" src=\"https:\/\/www.berylline.fi\/wp-content\/uploads\/2023\/08\/Starcastle_Hounds_Saab3.jpg\" alt=\"\" class=\"wp-image-3774\" srcset=\"https:\/\/www.berylline.fi\/wp-content\/uploads\/2023\/08\/Starcastle_Hounds_Saab3.jpg 1200w, https:\/\/www.berylline.fi\/wp-content\/uploads\/2023\/08\/Starcastle_Hounds_Saab3-250x224.jpg 250w, https:\/\/www.berylline.fi\/wp-content\/uploads\/2023\/08\/Starcastle_Hounds_Saab3-600x537.jpg 600w\" sizes=\"auto, (max-width: 1200px) 100vw, 1200px\" \/><\/figure>\n","protected":false},"excerpt":{"rendered":"<p>Starcastle Hounds Moon Goddess &#8220;Rusakko&#8221; Synt. 5\/2023 | Kasv. Susann Stjernborg, Ruotsi | KoiraNet Terveys: Silm\u00e4t ok, syd\u00e4nultra ok, SP0, LTV4 (1 ylim\u00e4\u00e4r\u00e4inen nikama), VA1 (liev\u00e4 viimeisess\u00e4 nikamassa), normaalit kilpirauhasarvot, CEA\/MDR vapaa MyDogDNA raportit Silkkivinttikoirista, historiasta jne. enemm\u00e4n: ISWS Rusakko on tytt\u00e4reni koira: outo, kiltti, hassu, hellyydenkipe\u00e4 \u2014 sadun taruolento tuulessa hulmuavine hapsuineen. Sill\u00e4 on [&hellip;]<\/p>\n","protected":false},"author":1,"featured_media":0,"parent":0,"menu_order":0,"comment_status":"closed","ping_status":"closed","template":"","meta":{"site-sidebar-layout":"default","site-content-layout":"","ast-site-content-layout":"","site-content-style":"default","site-sidebar-style":"default","ast-global-header-display":"","ast-banner-title-visibility":"","ast-main-header-display":"","ast-hfb-above-header-display":"","ast-hfb-below-header-display":"","ast-hfb-mobile-header-display":"","site-post-title":"","ast-breadcrumbs-content":"","ast-featured-img":"","footer-sml-layout":"","theme-transparent-header-meta":"","adv-header-id-meta":"","stick-header-meta":"","header-above-stick-meta":"","header-main-stick-meta":"","header-below-stick-meta":"","astra-migrate-meta-layouts":"default","ast-page-background-enabled":"default","ast-page-background-meta":{"desktop":{"background-color":"var(--ast-global-color-5)","background-image":"","background-repeat":"repeat","background-position":"center center","background-size":"auto","background-attachment":"scroll","background-type":"","background-media":"","overlay-type":"","overlay-color":"","overlay-opacity":"","overlay-gradient":""},"tablet":{"background-color":"","background-image":"","background-repeat":"repeat","background-position":"center center","background-size":"auto","background-attachment":"scroll","background-type":"","background-media":"","overlay-type":"","overlay-color":"","overlay-opacity":"","overlay-gradient":""},"mobile":{"background-color":"","background-image":"","background-repeat":"repeat","background-position":"center center","background-size":"auto","background-attachment":"scroll","background-type":"","background-media":"","overlay-type":"","overlay-color":"","overlay-opacity":"","overlay-gradient":""}},"ast-content-background-meta":{"desktop":{"background-color":"var(--ast-global-color-4)","background-image":"","background-repeat":"repeat","background-position":"center center","background-size":"auto","background-attachment":"scroll","background-type":"","background-media":"","overlay-type":"","overlay-color":"","overlay-opacity":"","overlay-gradient":""},"tablet":{"background-color":"var(--ast-global-color-4)","background-image":"","background-repeat":"repeat","background-position":"center center","background-size":"auto","background-attachment":"scroll","background-type":"","background-media":"","overlay-type":"","overlay-color":"","overlay-opacity":"","overlay-gradient":""},"mobile":{"background-color":"var(--ast-global-color-4)","background-image":"","background-repeat":"repeat","background-position":"center center","background-size":"auto","background-attachment":"scroll","background-type":"","background-media":"","overlay-type":"","overlay-color":"","overlay-opacity":"","overlay-gradient":""}},"footnotes":""},"class_list":["post-3733","page","type-page","status-publish","hentry"],"_links":{"self":[{"href":"https:\/\/www.berylline.fi\/fi\/wp-json\/wp\/v2\/pages\/3733","targetHints":{"allow":["GET"]}}],"collection":[{"href":"https:\/\/www.berylline.fi\/fi\/wp-json\/wp\/v2\/pages"}],"about":[{"href":"https:\/\/www.berylline.fi\/fi\/wp-json\/wp\/v2\/types\/page"}],"author":[{"embeddable":true,"href":"https:\/\/www.berylline.fi\/fi\/wp-json\/wp\/v2\/users\/1"}],"replies":[{"embeddable":true,"href":"https:\/\/www.berylline.fi\/fi\/wp-json\/wp\/v2\/comments?post=3733"}],"version-history":[{"count":27,"href":"https:\/\/www.berylline.fi\/fi\/wp-json\/wp\/v2\/pages\/3733\/revisions"}],"predecessor-version":[{"id":5039,"href":"https:\/\/www.berylline.fi\/fi\/wp-json\/wp\/v2\/pages\/3733\/revisions\/5039"}],"wp:attachment":[{"href":"https:\/\/www.berylline.fi\/fi\/wp-json\/wp\/v2\/media?parent=3733"}],"curies":[{"name":"wp","href":"https:\/\/api.w.org\/{rel}","templated":true}]}}